{"id":38071,"date":"2026-03-14T01:09:38","date_gmt":"2026-03-13T23:09:38","guid":{"rendered":"https:\/\/coma.lv\/%d0%bf%d0%be%d0%bb%d0%b8%d1%82%d0%b8%d0%ba%d0%b0-%d0%ba%d0%be%d0%bd%d1%84%d0%b8%d0%b4%d0%b5%d0%bd%d1%86%d0%b8%d0%b0%d0%bb%d1%8c%d0%bd%d0%be%d1%81%d1%82%d0%b8\/"},"modified":"2026-04-14T04:12:32","modified_gmt":"2026-04-14T01:12:32","slug":"privacy-policy","status":"publish","type":"page","link":"https:\/\/coma.lv\/ru\/privacy-policy\/","title":{"rendered":"\u041f\u043e\u043b\u0438\u0442\u0438\u043a\u0430 \u043a\u043e\u043d\u0444\u0438\u0434\u0435\u043d\u0446\u0438\u0430\u043b\u044c\u043d\u043e\u0441\u0442\u0438"},"content":{"rendered":"\n<style type=\"text\/css\" data-created_by=\"avia_inline_auto\" id=\"style-css-av-gxwzcj-fd79b3a420ad4e17781f1735e0f210ef\">\n.avia-section.av-gxwzcj-fd79b3a420ad4e17781f1735e0f210ef{\nbackground-repeat:no-repeat;\nbackground-image:url(https:\/\/coma.lv\/wp-content\/uploads\/2018\/02\/laptop-white.jpg);\nbackground-position:50% 50%;\nbackground-attachment:scroll;\n}\n<\/style>\n<div id='av_section_1'  class='avia-section av-gxwzcj-fd79b3a420ad4e17781f1735e0f210ef main_color avia-section-default avia-no-border-styling  avia-builder-el-0  el_before_av_section  avia-builder-el-first  avia-full-stretch avia-bg-style-scroll av-minimum-height av-minimum-height-50 av-height-50  container_wrap fullsize'  data-section-bg-repeat='stretch' data-av_minimum_height_pc='50' data-av_min_height_opt='50'><div class='container av-section-cont-open' ><main  role=\"main\" itemprop=\"mainContentOfPage\"  class='template-page content  av-content-full alpha units'><div class='post-entry post-entry-type-page post-entry-38071'><div class='entry-content-wrapper clearfix'>\n\n<style type=\"text\/css\" data-created_by=\"avia_inline_auto\" id=\"style-css-av-12ldoj7-a12848913a32501f4705f04dc3bb35a2\">\n#top .av-special-heading.av-12ldoj7-a12848913a32501f4705f04dc3bb35a2{\npadding-bottom:10px;\nfont-size:40px;\n}\nbody .av-special-heading.av-12ldoj7-a12848913a32501f4705f04dc3bb35a2 .av-special-heading-tag .heading-char{\nfont-size:25px;\n}\n#top #wrap_all .av-special-heading.av-12ldoj7-a12848913a32501f4705f04dc3bb35a2 .av-special-heading-tag{\nfont-size:40px;\n}\n.av-special-heading.av-12ldoj7-a12848913a32501f4705f04dc3bb35a2 .av-subheading{\nfont-size:15px;\n}\n\n@media only screen and (min-width: 480px) and (max-width: 767px){ \n#top #wrap_all .av-special-heading.av-12ldoj7-a12848913a32501f4705f04dc3bb35a2 .av-special-heading-tag{\nfont-size:0.8em;\n}\n}\n\n@media only screen and (max-width: 479px){ \n#top #wrap_all .av-special-heading.av-12ldoj7-a12848913a32501f4705f04dc3bb35a2 .av-special-heading-tag{\nfont-size:0.8em;\n}\n}\n<\/style>\n<div  class='av-special-heading av-12ldoj7-a12848913a32501f4705f04dc3bb35a2 av-special-heading-h1 blockquote modern-quote modern-centered  avia-builder-el-1  el_before_av_codeblock  avia-builder-el-first  av-inherit-size'><h1 class='av-special-heading-tag '  itemprop=\"headline\"  >\u041f\u043e\u043b\u0438\u0442\u0438\u043a\u0430 \u043a\u043e\u043d\u0444\u0438\u0434\u0435\u043d\u0446\u0438\u0430\u043b\u044c\u043d\u043e\u0441\u0442\u0438<\/h1><div class=\"special-heading-border\"><div class=\"special-heading-inner-border\"><\/div><\/div><\/div>\n\n<\/div><\/div><\/main><!-- close content main element --><\/div><\/div><div id='av_section_2'  class='avia-section av-3qdlwur-627cddc5b4a5abcb2c6df13889372d05 main_color avia-section-default avia-no-border-styling  avia-builder-el-3  el_after_av_section  avia-builder-el-last  avia-bg-style-scroll container_wrap fullsize'  ><div class='container av-section-cont-open' ><div class='template-page content  av-content-full alpha units'><div class='post-entry post-entry-type-page post-entry-38071'><div class='entry-content-wrapper clearfix'>\n\n<style type=\"text\/css\" data-created_by=\"avia_inline_auto\" id=\"style-css-av-k2bmcz-66c3f3c578901f2a8a8b9ed989df8699\">\n.flex_column.av-k2bmcz-66c3f3c578901f2a8a8b9ed989df8699{\nborder-radius:0px 0px 0px 0px;\npadding:0px 0px 0px 0px;\n}\n<\/style>\n<div  class='flex_column av-k2bmcz-66c3f3c578901f2a8a8b9ed989df8699 av_one_full  avia-builder-el-4  avia-builder-el-no-sibling  first flex_column_div av-zero-column-padding  '     ><p>\n<style type=\"text\/css\" data-created_by=\"avia_inline_auto\" id=\"style-css-av-k7fdc3i8-0c81968f1ab285cff3b32128bfda668c\">\n#top .hr.hr-invisible.av-k7fdc3i8-0c81968f1ab285cff3b32128bfda668c{\nheight:50px;\n}\n<\/style>\n<div  class='hr av-k7fdc3i8-0c81968f1ab285cff3b32128bfda668c hr-invisible  avia-builder-el-5  el_before_av_textblock  avia-builder-el-first '><span class='hr-inner '><span class=\"hr-inner-style\"><\/span><\/span><\/div><br \/>\n<section  class='av_textblock_section av-2u6nioj-f05e4bfc24d4c98bf08f8a5ab2aface2 '   itemscope=\"itemscope\" itemtype=\"https:\/\/schema.org\/CreativeWork\" ><div class='avia_textblock'  itemprop=\"text\" ><p><strong>\u041f\u043e\u0441\u043b\u0435\u0434\u043d\u0435\u0435 \u043e\u0431\u043d\u043e\u0432\u043b\u0435\u043d\u0438\u0435:<\/strong> 14 \u043c\u0430\u0440\u0442\u0430 2026 \u0433\u043e\u0434\u0430<\/p>\n<h2>1. \u041e\u0431\u0449\u0430\u044f \u0438\u043d\u0444\u043e\u0440\u043c\u0430\u0446\u0438\u044f<\/h2>\n<p>\u0414\u0430\u043d\u043d\u0430\u044f \u043f\u043e\u043b\u0438\u0442\u0438\u043a\u0430 \u043a\u043e\u043d\u0444\u0438\u0434\u0435\u043d\u0446\u0438\u0430\u043b\u044c\u043d\u043e\u0441\u0442\u0438 \u043e\u0431\u044a\u044f\u0441\u043d\u044f\u0435\u0442, \u043a\u0430\u043a \u043e\u0431\u0449\u0435\u0441\u0442\u0432\u043e \u0441 \u043e\u0433\u0440\u0430\u043d\u0438\u0447\u0435\u043d\u043d\u043e\u0439 \u043e\u0442\u0432\u0435\u0442\u0441\u0442\u0432\u0435\u043d\u043d\u043e\u0441\u0442\u044c\u044e &#8220;Yuva&#8221; (\u0434\u0430\u043b\u0435\u0435 \u2013 \u041a\u043e\u043c\u043f\u0430\u043d\u0438\u044f) \u0441\u043e\u0431\u0438\u0440\u0430\u0435\u0442, \u0438\u0441\u043f\u043e\u043b\u044c\u0437\u0443\u0435\u0442 \u0438 \u0437\u0430\u0449\u0438\u0449\u0430\u0435\u0442 \u043f\u0435\u0440\u0441\u043e\u043d\u0430\u043b\u044c\u043d\u044b\u0435 \u0434\u0430\u043d\u043d\u044b\u0435, \u043f\u043e\u043b\u0443\u0447\u0435\u043d\u043d\u044b\u0435 \u0447\u0435\u0440\u0435\u0437 \u0432\u0435\u0431-\u0441\u0430\u0439\u0442 <a href=\"https:\/\/coma.lv\/ru\/\">https:\/\/coma.lv<\/a>.<\/p>\n<p>\u041a\u043e\u043c\u043f\u0430\u043d\u0438\u044f \u0441\u043e\u0431\u043b\u044e\u0434\u0430\u0435\u0442 \u041e\u0431\u0449\u0438\u0439 \u0440\u0435\u0433\u043b\u0430\u043c\u0435\u043d\u0442 \u043f\u043e \u0437\u0430\u0449\u0438\u0442\u0435 \u0434\u0430\u043d\u043d\u044b\u0445 (GDPR) \u0415\u0432\u0440\u043e\u043f\u0435\u0439\u0441\u043a\u043e\u0433\u043e \u0421\u043e\u044e\u0437\u0430 \u0438 \u0437\u0430\u043a\u043e\u043d\u043e\u0434\u0430\u0442\u0435\u043b\u044c\u0441\u0442\u0432\u043e \u041b\u0430\u0442\u0432\u0438\u0439\u0441\u043a\u043e\u0439 \u0420\u0435\u0441\u043f\u0443\u0431\u043b\u0438\u043a\u0438.<\/p>\n<h2>2. \u041e\u043f\u0435\u0440\u0430\u0442\u043e\u0440 \u043f\u0435\u0440\u0441\u043e\u043d\u0430\u043b\u044c\u043d\u044b\u0445 \u0434\u0430\u043d\u043d\u044b\u0445<\/h2>\n<p>\u041a\u043e\u043c\u043f\u0430\u043d\u0438\u044f: Sabiedr\u012bba ar ierobe\u017eotu atbild\u012bbu &#8220;Yuva&#8221;<br \/>\n\u0420\u0435\u0433\u0438\u0441\u0442\u0440\u0430\u0446\u0438\u043e\u043d\u043d\u044b\u0439 \u043d\u043e\u043c\u0435\u0440: 42403034996<br \/>\n\u041d\u043e\u043c\u0435\u0440 \u041d\u0414\u0421: LV42403034996<br \/>\n\u042e\u0440\u0438\u0434\u0438\u0447\u0435\u0441\u043a\u0438\u0439 \u0430\u0434\u0440\u0435\u0441: D\u0101rzu iela 28 &#8211; 1, R\u0113zekne, LV-4601, Latvia<br \/>\n\u0421\u0430\u0439\u0442: <a href=\"https:\/\/coma.lv\/ru\/\">https:\/\/coma.lv<\/a><br \/>\nEmail: <a href=\"mailto:vadim@coma.lv\">vadim@coma.lv<\/a><\/p>\n<h2>3. \u041a\u0430\u043a\u0438\u0435 \u0434\u0430\u043d\u043d\u044b\u0435 \u043c\u044b \u043c\u043e\u0436\u0435\u043c \u0441\u043e\u0431\u0438\u0440\u0430\u0442\u044c<\/h2>\n<ul>\n<li>\u0438\u043c\u044f \u0438 \u0444\u0430\u043c\u0438\u043b\u0438\u044f;<\/li>\n<li>\u0430\u0434\u0440\u0435\u0441 \u044d\u043b\u0435\u043a\u0442\u0440\u043e\u043d\u043d\u043e\u0439 \u043f\u043e\u0447\u0442\u044b;<\/li>\n<li>\u043d\u043e\u043c\u0435\u0440 \u0442\u0435\u043b\u0435\u0444\u043e\u043d\u0430;<\/li>\n<li>\u043d\u0430\u0437\u0432\u0430\u043d\u0438\u0435 \u043a\u043e\u043c\u043f\u0430\u043d\u0438\u0438;<\/li>\n<li>\u0438\u043d\u0444\u043e\u0440\u043c\u0430\u0446\u0438\u044f, \u0434\u043e\u0431\u0440\u043e\u0432\u043e\u043b\u044c\u043d\u043e \u043e\u0442\u043f\u0440\u0430\u0432\u043b\u0435\u043d\u043d\u0430\u044f \u0447\u0435\u0440\u0435\u0437 \u0444\u043e\u0440\u043c\u0443 \u043a\u043e\u043d\u0442\u0430\u043a\u0442\u0430 \u0438\u043b\u0438 \u044d\u043b\u0435\u043a\u0442\u0440\u043e\u043d\u043d\u0443\u044e \u043f\u043e\u0447\u0442\u0443;<\/li>\n<li>IP-\u0430\u0434\u0440\u0435\u0441;<\/li>\n<li>\u0442\u0438\u043f \u0431\u0440\u0430\u0443\u0437\u0435\u0440\u0430 \u0438 \u0438\u043d\u0444\u043e\u0440\u043c\u0430\u0446\u0438\u044f \u043e\u0431 \u0443\u0441\u0442\u0440\u043e\u0439\u0441\u0442\u0432\u0435;<\/li>\n<li>\u0434\u0430\u043d\u043d\u044b\u0435 \u0438\u0441\u043f\u043e\u043b\u044c\u0437\u043e\u0432\u0430\u043d\u0438\u044f \u0441\u0430\u0439\u0442\u0430 (\u043f\u043e\u0441\u0435\u0449\u0451\u043d\u043d\u044b\u0435 \u0441\u0442\u0440\u0430\u043d\u0438\u0446\u044b, \u0434\u043b\u0438\u0442\u0435\u043b\u044c\u043d\u043e\u0441\u0442\u044c \u0441\u0435\u0441\u0441\u0438\u0438 \u0438 \u0432\u0437\u0430\u0438\u043c\u043e\u0434\u0435\u0439\u0441\u0442\u0432\u0438\u044f);<\/li>\n<li>cookies \u0438 \u0430\u043d\u0430\u043b\u043e\u0433\u0438\u0447\u043d\u044b\u0435 \u0442\u0435\u0445\u043d\u043e\u043b\u043e\u0433\u0438\u0438.<\/li>\n<\/ul>\n<h2>4. \u0426\u0435\u043b\u0438 \u043e\u0431\u0440\u0430\u0431\u043e\u0442\u043a\u0438 \u0434\u0430\u043d\u043d\u044b\u0445<\/h2>\n<ul>\n<li>\u043e\u0442\u0432\u0435\u0442\u044b \u043d\u0430 \u0437\u0430\u043f\u0440\u043e\u0441\u044b \u043f\u043e\u043b\u044c\u0437\u043e\u0432\u0430\u0442\u0435\u043b\u0435\u0439;<\/li>\n<li>\u043f\u043e\u0434\u0433\u043e\u0442\u043e\u0432\u043a\u0430 \u043f\u0440\u0435\u0434\u043b\u043e\u0436\u0435\u043d\u0438\u0439 \u0438 \u043e\u043a\u0430\u0437\u0430\u043d\u0438\u0435 \u0443\u0441\u043b\u0443\u0433;<\/li>\n<li>\u043f\u043e\u0434\u0434\u0435\u0440\u0436\u043a\u0430 \u0438 \u0443\u043b\u0443\u0447\u0448\u0435\u043d\u0438\u0435 \u0441\u0430\u0439\u0442\u0430;<\/li>\n<li>\u0430\u043d\u0430\u043b\u0438\u0437 \u0438\u0441\u043f\u043e\u043b\u044c\u0437\u043e\u0432\u0430\u043d\u0438\u044f \u0441\u0430\u0439\u0442\u0430;<\/li>\n<li>\u0432\u044b\u043f\u043e\u043b\u043d\u0435\u043d\u0438\u0435 \u044e\u0440\u0438\u0434\u0438\u0447\u0435\u0441\u043a\u0438\u0445 \u043e\u0431\u044f\u0437\u0430\u0442\u0435\u043b\u044c\u0441\u0442\u0432;<\/li>\n<li>\u0437\u0430\u0449\u0438\u0442\u0430 \u0437\u0430\u043a\u043e\u043d\u043d\u044b\u0445 \u0438\u043d\u0442\u0435\u0440\u0435\u0441\u043e\u0432 \u043a\u043e\u043c\u043f\u0430\u043d\u0438\u0438.<\/li>\n<\/ul>\n<h2>5. \u041f\u0440\u0430\u0432\u043e\u0432\u044b\u0435 \u043e\u0441\u043d\u043e\u0432\u0430\u043d\u0438\u044f \u043e\u0431\u0440\u0430\u0431\u043e\u0442\u043a\u0438<\/h2>\n<ul>\n<li>\u0441\u043e\u0433\u043b\u0430\u0441\u0438\u0435 \u043f\u043e\u043b\u044c\u0437\u043e\u0432\u0430\u0442\u0435\u043b\u044f;<\/li>\n<li>\u0438\u0441\u043f\u043e\u043b\u043d\u0435\u043d\u0438\u0435 \u0434\u043e\u0433\u043e\u0432\u043e\u0440\u0430;<\/li>\n<li>\u0432\u044b\u043f\u043e\u043b\u043d\u0435\u043d\u0438\u0435 \u044e\u0440\u0438\u0434\u0438\u0447\u0435\u0441\u043a\u0438\u0445 \u043e\u0431\u044f\u0437\u0430\u043d\u043d\u043e\u0441\u0442\u0435\u0439;<\/li>\n<li>\u0437\u0430\u043a\u043e\u043d\u043d\u044b\u0435 \u0438\u043d\u0442\u0435\u0440\u0435\u0441\u044b \u043a\u043e\u043c\u043f\u0430\u043d\u0438\u0438.<\/li>\n<\/ul>\n<h2>6. \u0421\u0440\u043e\u043a \u0445\u0440\u0430\u043d\u0435\u043d\u0438\u044f \u0434\u0430\u043d\u043d\u044b\u0445<\/h2>\n<p>\u041f\u0435\u0440\u0441\u043e\u043d\u0430\u043b\u044c\u043d\u044b\u0435 \u0434\u0430\u043d\u043d\u044b\u0435 \u0445\u0440\u0430\u043d\u044f\u0442\u0441\u044f \u0442\u043e\u043b\u044c\u043a\u043e \u0441\u0442\u043e\u043b\u044c\u043a\u043e \u0432\u0440\u0435\u043c\u0435\u043d\u0438, \u0441\u043a\u043e\u043b\u044c\u043a\u043e \u043d\u0435\u043e\u0431\u0445\u043e\u0434\u0438\u043c\u043e \u0434\u043b\u044f \u0446\u0435\u043b\u0435\u0439 \u043e\u0431\u0440\u0430\u0431\u043e\u0442\u043a\u0438 \u0438\u043b\u0438 \u043f\u0440\u0435\u0434\u0443\u0441\u043c\u043e\u0442\u0440\u0435\u043d\u043e \u0437\u0430\u043a\u043e\u043d\u043e\u0434\u0430\u0442\u0435\u043b\u044c\u0441\u0442\u0432\u043e\u043c.<\/p>\n<h2>7. \u041f\u043e\u043b\u0443\u0447\u0430\u0442\u0435\u043b\u0438 \u0434\u0430\u043d\u043d\u044b\u0445<\/h2>\n<p>\u0412 \u043e\u0442\u0434\u0435\u043b\u044c\u043d\u044b\u0445 \u0441\u043b\u0443\u0447\u0430\u044f\u0445 \u0434\u0430\u043d\u043d\u044b\u0435 \u043c\u043e\u0433\u0443\u0442 \u043f\u0435\u0440\u0435\u0434\u0430\u0432\u0430\u0442\u044c\u0441\u044f \u043f\u043e\u0441\u0442\u0430\u0432\u0449\u0438\u043a\u0430\u043c \u0443\u0441\u043b\u0443\u0433, \u043d\u0435\u043e\u0431\u0445\u043e\u0434\u0438\u043c\u044b\u043c \u0434\u043b\u044f \u0440\u0430\u0431\u043e\u0442\u044b \u0441\u0430\u0439\u0442\u0430:<\/p>\n<ul>\n<li>\u0445\u043e\u0441\u0442\u0438\u043d\u0433-\u043f\u0440\u043e\u0432\u0430\u0439\u0434\u0435\u0440\u0430\u043c;<\/li>\n<li>\u0441\u0435\u0440\u0432\u0438\u0441\u0430\u043c \u044d\u043b\u0435\u043a\u0442\u0440\u043e\u043d\u043d\u043e\u0439 \u043f\u043e\u0447\u0442\u044b;<\/li>\n<li>\u0430\u043d\u0430\u043b\u0438\u0442\u0438\u0447\u0435\u0441\u043a\u0438\u043c \u0441\u0435\u0440\u0432\u0438\u0441\u0430\u043c;<\/li>\n<li>\u044e\u0440\u0438\u0434\u0438\u0447\u0435\u0441\u043a\u0438\u043c \u0438\u043b\u0438 IT-\u043f\u043e\u0434\u0440\u044f\u0434\u0447\u0438\u043a\u0430\u043c.<\/li>\n<\/ul>\n<h2>8. \u041f\u0435\u0440\u0435\u0434\u0430\u0447\u0430 \u0434\u0430\u043d\u043d\u044b\u0445 \u0437\u0430 \u043f\u0440\u0435\u0434\u0435\u043b\u044b \u0415\u0421<\/h2>\n<p>\u0415\u0441\u043b\u0438 \u0434\u0430\u043d\u043d\u044b\u0435 \u043f\u0435\u0440\u0435\u0434\u0430\u044e\u0442\u0441\u044f \u0437\u0430 \u043f\u0440\u0435\u0434\u0435\u043b\u044b \u0415\u0421 \u0438\u043b\u0438 \u0415\u042d\u0417, \u043f\u0440\u0438\u043c\u0435\u043d\u044f\u044e\u0442\u0441\u044f \u0441\u043e\u043e\u0442\u0432\u0435\u0442\u0441\u0442\u0432\u0443\u044e\u0449\u0438\u0435 \u043c\u0435\u0445\u0430\u043d\u0438\u0437\u043c\u044b \u0437\u0430\u0449\u0438\u0442\u044b, \u043d\u0430\u043f\u0440\u0438\u043c\u0435\u0440 \u0441\u0442\u0430\u043d\u0434\u0430\u0440\u0442\u043d\u044b\u0435 \u0434\u043e\u0433\u043e\u0432\u043e\u0440\u043d\u044b\u0435 \u043f\u043e\u043b\u043e\u0436\u0435\u043d\u0438\u044f \u0415\u0432\u0440\u043e\u043f\u0435\u0439\u0441\u043a\u043e\u0439 \u043a\u043e\u043c\u0438\u0441\u0441\u0438\u0438.<\/p>\n<h2>9. \u041f\u0440\u0430\u0432\u0430 \u043f\u043e\u043b\u044c\u0437\u043e\u0432\u0430\u0442\u0435\u043b\u044f<\/h2>\n<ul>\n<li>\u043f\u043e\u043b\u0443\u0447\u0438\u0442\u044c \u0434\u043e\u0441\u0442\u0443\u043f \u043a \u0441\u0432\u043e\u0438\u043c \u0434\u0430\u043d\u043d\u044b\u043c;<\/li>\n<li>\u0438\u0441\u043f\u0440\u0430\u0432\u0438\u0442\u044c \u043d\u0435\u0442\u043e\u0447\u043d\u044b\u0435 \u0434\u0430\u043d\u043d\u044b\u0435;<\/li>\n<li>\u0437\u0430\u043f\u0440\u043e\u0441\u0438\u0442\u044c \u0443\u0434\u0430\u043b\u0435\u043d\u0438\u0435 \u0434\u0430\u043d\u043d\u044b\u0445;<\/li>\n<li>\u043e\u0433\u0440\u0430\u043d\u0438\u0447\u0438\u0442\u044c \u043e\u0431\u0440\u0430\u0431\u043e\u0442\u043a\u0443;<\/li>\n<li>\u0432\u043e\u0437\u0440\u0430\u0437\u0438\u0442\u044c \u043f\u0440\u043e\u0442\u0438\u0432 \u043e\u0431\u0440\u0430\u0431\u043e\u0442\u043a\u0438;<\/li>\n<li>\u043f\u043e\u043b\u0443\u0447\u0438\u0442\u044c \u0434\u0430\u043d\u043d\u044b\u0435 \u0432 \u043f\u0435\u0440\u0435\u043d\u043e\u0441\u0438\u043c\u043e\u043c \u0444\u043e\u0440\u043c\u0430\u0442\u0435;<\/li>\n<li>\u043e\u0442\u043e\u0437\u0432\u0430\u0442\u044c \u0441\u043e\u0433\u043b\u0430\u0441\u0438\u0435;<\/li>\n<li>\u043f\u043e\u0434\u0430\u0442\u044c \u0436\u0430\u043b\u043e\u0431\u0443 \u0432 \u0418\u043d\u0441\u043f\u0435\u043a\u0446\u0438\u044e \u043f\u043e \u0437\u0430\u0449\u0438\u0442\u0435 \u0434\u0430\u043d\u043d\u044b\u0445 \u041b\u0430\u0442\u0432\u0438\u0438.<\/li>\n<\/ul>\n<h2>10. Cookies<\/h2>\n<p>\u0421\u0430\u0439\u0442 \u043c\u043e\u0436\u0435\u0442 \u0438\u0441\u043f\u043e\u043b\u044c\u0437\u043e\u0432\u0430\u0442\u044c cookies \u0438 \u0430\u043d\u0430\u043b\u043e\u0433\u0438\u0447\u043d\u044b\u0435 \u0442\u0435\u0445\u043d\u043e\u043b\u043e\u0433\u0438\u0438 \u0434\u043b\u044f \u043a\u043e\u0440\u0440\u0435\u043a\u0442\u043d\u043e\u0439 \u0440\u0430\u0431\u043e\u0442\u044b \u0441\u0430\u0439\u0442\u0430, \u0430\u043d\u0430\u043b\u0438\u0437\u0430 \u0442\u0440\u0430\u0444\u0438\u043a\u0430 \u0438 \u0443\u043b\u0443\u0447\u0448\u0435\u043d\u0438\u044f \u043f\u043e\u043b\u044c\u0437\u043e\u0432\u0430\u0442\u0435\u043b\u044c\u0441\u043a\u043e\u0433\u043e \u043e\u043f\u044b\u0442\u0430.<\/p>\n<h2>11. \u0411\u0435\u0437\u043e\u043f\u0430\u0441\u043d\u043e\u0441\u0442\u044c \u0434\u0430\u043d\u043d\u044b\u0445<\/h2>\n<p>\u041a\u043e\u043c\u043f\u0430\u043d\u0438\u044f \u043f\u0440\u0438\u043c\u0435\u043d\u044f\u0435\u0442 \u0442\u0435\u0445\u043d\u0438\u0447\u0435\u0441\u043a\u0438\u0435 \u0438 \u043e\u0440\u0433\u0430\u043d\u0438\u0437\u0430\u0446\u0438\u043e\u043d\u043d\u044b\u0435 \u043c\u0435\u0440\u044b \u0434\u043b\u044f \u0437\u0430\u0449\u0438\u0442\u044b \u043f\u0435\u0440\u0441\u043e\u043d\u0430\u043b\u044c\u043d\u044b\u0445 \u0434\u0430\u043d\u043d\u044b\u0445 \u043e\u0442 \u043d\u0435\u0441\u0430\u043d\u043a\u0446\u0438\u043e\u043d\u0438\u0440\u043e\u0432\u0430\u043d\u043d\u043e\u0433\u043e \u0434\u043e\u0441\u0442\u0443\u043f\u0430, \u0443\u0442\u0440\u0430\u0442\u044b \u0438\u043b\u0438 \u0440\u0430\u0441\u043a\u0440\u044b\u0442\u0438\u044f.<\/p>\n<h2>12. \u0421\u0441\u044b\u043b\u043a\u0438 \u043d\u0430 \u0441\u0442\u043e\u0440\u043e\u043d\u043d\u0438\u0435 \u0441\u0430\u0439\u0442\u044b<\/h2>\n<p>\u0421\u0430\u0439\u0442 \u043c\u043e\u0436\u0435\u0442 \u0441\u043e\u0434\u0435\u0440\u0436\u0430\u0442\u044c \u0441\u0441\u044b\u043b\u043a\u0438 \u043d\u0430 \u0441\u0442\u043e\u0440\u043e\u043d\u043d\u0438\u0435 \u0440\u0435\u0441\u0443\u0440\u0441\u044b. \u041c\u044b \u043d\u0435 \u043d\u0435\u0441\u0435\u043c \u043e\u0442\u0432\u0435\u0442\u0441\u0442\u0432\u0435\u043d\u043d\u043e\u0441\u0442\u0438 \u0437\u0430 \u0438\u0445 \u043f\u043e\u043b\u0438\u0442\u0438\u043a\u0443 \u043a\u043e\u043d\u0444\u0438\u0434\u0435\u043d\u0446\u0438\u0430\u043b\u044c\u043d\u043e\u0441\u0442\u0438.<\/p>\n<h2>13. \u0418\u0437\u043c\u0435\u043d\u0435\u043d\u0438\u044f \u043f\u043e\u043b\u0438\u0442\u0438\u043a\u0438<\/h2>\n<p>\u041f\u043e\u043b\u0438\u0442\u0438\u043a\u0430 \u043a\u043e\u043d\u0444\u0438\u0434\u0435\u043d\u0446\u0438\u0430\u043b\u044c\u043d\u043e\u0441\u0442\u0438 \u043c\u043e\u0436\u0435\u0442 \u043f\u0435\u0440\u0438\u043e\u0434\u0438\u0447\u0435\u0441\u043a\u0438 \u043e\u0431\u043d\u043e\u0432\u043b\u044f\u0442\u044c\u0441\u044f. \u0410\u043a\u0442\u0443\u0430\u043b\u044c\u043d\u0430\u044f \u0432\u0435\u0440\u0441\u0438\u044f \u0432\u0441\u0435\u0433\u0434\u0430 \u0434\u043e\u0441\u0442\u0443\u043f\u043d\u0430 \u043d\u0430 \u044d\u0442\u043e\u0439 \u0441\u0442\u0440\u0430\u043d\u0438\u0446\u0435.<\/p>\n<h2>14. \u041a\u043e\u043d\u0442\u0430\u043a\u0442\u044b<\/h2>\n<p>SIA &#8220;Yuva&#8221;<br \/>\n\u0420\u0435\u0433\u0438\u0441\u0442\u0440\u0430\u0446\u0438\u043e\u043d\u043d\u044b\u0439 \u043d\u043e\u043c\u0435\u0440: 42403034996<br \/>\n\u041d\u043e\u043c\u0435\u0440 \u041d\u0414\u0421: LV42403034996<br \/>\n\u042e\u0440\u0438\u0434\u0438\u0447\u0435\u0441\u043a\u0438\u0439 \u0430\u0434\u0440\u0435\u0441: D\u0101rzu iela 28 &#8211; 1, R\u0113zekne, LV-4601, Latvia<br \/>\nEmail: <a href=\"mailto:vadim@coma.lv\">vadim@coma.lv<\/a><br \/>\nWebsite: <a href=\"https:\/\/coma.lv\/ru\/\">https:\/\/coma.lv<\/a><\/p>\n<\/div><\/section><\/p><\/div>\n<\/p>\n","protected":false},"excerpt":{"rendered":"","protected":false},"author":1,"featured_media":0,"parent":0,"menu_order":0,"comment_status":"closed","ping_status":"closed","template":"","meta":{"footnotes":""},"class_list":["post-38071","page","type-page","status-publish","hentry"],"_links":{"self":[{"href":"https:\/\/coma.lv\/ru\/wp-json\/wp\/v2\/pages\/38071","targetHints":{"allow":["GET"]}}],"collection":[{"href":"https:\/\/coma.lv\/ru\/wp-json\/wp\/v2\/pages"}],"about":[{"href":"https:\/\/coma.lv\/ru\/wp-json\/wp\/v2\/types\/page"}],"author":[{"embeddable":true,"href":"https:\/\/coma.lv\/ru\/wp-json\/wp\/v2\/users\/1"}],"replies":[{"embeddable":true,"href":"https:\/\/coma.lv\/ru\/wp-json\/wp\/v2\/comments?post=38071"}],"version-history":[{"count":5,"href":"https:\/\/coma.lv\/ru\/wp-json\/wp\/v2\/pages\/38071\/revisions"}],"predecessor-version":[{"id":38712,"href":"https:\/\/coma.lv\/ru\/wp-json\/wp\/v2\/pages\/38071\/revisions\/38712"}],"wp:attachment":[{"href":"https:\/\/coma.lv\/ru\/wp-json\/wp\/v2\/media?parent=38071"}],"curies":[{"name":"wp","href":"https:\/\/api.w.org\/{rel}","templated":true}]}}