{"id":33845,"date":"2024-11-27T00:16:21","date_gmt":"2024-11-26T22:16:21","guid":{"rendered":"https:\/\/coma.lv\/services\/%d0%bf%d0%be%d0%b4%d0%b4%d0%b5%d1%80%d0%b6%d0%ba%d0%b0-liaa-%d0%b4%d0%bb%d1%8f-%d0%b4%d0%b8%d0%b4%d0%b6%d0%b8%d1%82%d0%b0%d0%bb%d0%b8%d0%b7%d0%b0%d1%86%d0%b8%d0%b8-%d0%bf%d1%80%d0%be%d1%86%d0%b5%d1%81\/"},"modified":"2026-02-18T16:55:48","modified_gmt":"2026-02-18T14:55:48","slug":"liaa-atbalsts-procesu-digitalizacijai","status":"publish","type":"page","link":"https:\/\/coma.lv\/ru\/services\/liaa-atbalsts-procesu-digitalizacijai\/","title":{"rendered":"\u041f\u043e\u0434\u0434\u0435\u0440\u0436\u043a\u0430 LIAA \u0434\u043b\u044f \u0434\u0438\u0433\u0438\u0442\u0430\u043b\u0438\u0437\u0430\u0446\u0438\u0438 \u043f\u0440\u043e\u0446\u0435\u0441\u0441\u043e\u0432"},"content":{"rendered":"\n<style type=\"text\/css\" data-created_by=\"avia_inline_auto\" id=\"style-css-av-159jsq5o-5de450f6e73b763896242486e6f97bb4\">\n.avia-section.av-159jsq5o-5de450f6e73b763896242486e6f97bb4{\nbackground-repeat:no-repeat;\nbackground-image:url(https:\/\/coma.lv\/wp-content\/uploads\/2018\/02\/laptop-white.jpg);\nbackground-position:50% 50%;\nbackground-attachment:scroll;\n}\n<\/style>\n<div id='av_section_1'  class='avia-section av-159jsq5o-5de450f6e73b763896242486e6f97bb4 main_color avia-section-no-padding avia-no-border-styling  avia-builder-el-0  el_before_av_section  avia-builder-el-first  avia-full-stretch avia-bg-style-scroll av-minimum-height av-minimum-height-50 av-height-50  container_wrap fullsize'  data-section-bg-repeat='stretch' data-av_minimum_height_pc='50' data-av_min_height_opt='50'><div class='container av-section-cont-open' ><main  role=\"main\" itemprop=\"mainContentOfPage\"  class='template-page content  av-content-full alpha units'><div class='post-entry post-entry-type-page post-entry-33845'><div class='entry-content-wrapper clearfix'>\n\n<style type=\"text\/css\" data-created_by=\"avia_inline_auto\" id=\"style-css-av-kl6za4ev-0953979c59c0fabc020220029bd08f1b\">\n#top .av-special-heading.av-kl6za4ev-0953979c59c0fabc020220029bd08f1b{\npadding-bottom:60px;\nfont-size:40px;\n}\nbody .av-special-heading.av-kl6za4ev-0953979c59c0fabc020220029bd08f1b .av-special-heading-tag .heading-char{\nfont-size:25px;\n}\n#top #wrap_all .av-special-heading.av-kl6za4ev-0953979c59c0fabc020220029bd08f1b .av-special-heading-tag{\nfont-size:40px;\n}\n.av-special-heading.av-kl6za4ev-0953979c59c0fabc020220029bd08f1b .av-subheading{\nfont-size:25px;\n}\n\n@media only screen and (min-width: 480px) and (max-width: 767px){ \n#top #wrap_all .av-special-heading.av-kl6za4ev-0953979c59c0fabc020220029bd08f1b .av-special-heading-tag{\nfont-size:0.8em;\n}\n}\n\n@media only screen and (max-width: 479px){ \n#top #wrap_all .av-special-heading.av-kl6za4ev-0953979c59c0fabc020220029bd08f1b .av-special-heading-tag{\nfont-size:0.8em;\n}\n}\n<\/style>\n<div  class='av-special-heading av-kl6za4ev-0953979c59c0fabc020220029bd08f1b av-special-heading-h1 blockquote modern-quote modern-centered  avia-builder-el-1  el_before_av_button  avia-builder-el-first  av-inherit-size av-linked-heading'><h1 class='av-special-heading-tag '  itemprop=\"headline\"  >\u041f\u043e\u0434\u0434\u0435\u0440\u0436\u043a\u0430 LIAA \u043f\u043e \u0434\u0438\u0434\u0436\u0438\u0442\u0430\u043b\u0438\u0437\u0430\u0446\u0438\u0438 \u043f\u0440\u043e\u0446\u0435\u0441\u0441\u043e\u0432<\/h1><div class='av-subheading av-subheading_below'><p>\u041e\u0431\u043d\u043e\u0432\u043b\u0435\u043d\u043e 07.2025<\/p>\n<\/div><div class=\"special-heading-border\"><div class=\"special-heading-inner-border\"><\/div><\/div><\/div>\n<div  class='avia-button-wrap av-kjydzrtc-1b42efb66f82c3d4a67afb7e7438e937-wrap avia-button-center  avia-builder-el-2  el_after_av_heading  avia-builder-el-last '>\n<style type=\"text\/css\" data-created_by=\"avia_inline_auto\" id=\"style-css-av-kjydzrtc-1b42efb66f82c3d4a67afb7e7438e937\">\n#top #wrap_all .avia-button.av-kjydzrtc-1b42efb66f82c3d4a67afb7e7438e937{\nbackground-color:#b48e5f;\nborder-color:#b48e5f;\ncolor:#ffffff;\ntransition:all 0.4s ease-in-out;\n}\n#top #wrap_all .avia-button.av-kjydzrtc-1b42efb66f82c3d4a67afb7e7438e937 .avia-svg-icon svg:first-child{\nfill:#ffffff;\nstroke:#ffffff;\n}\n<\/style>\n<a href='https:\/\/coma.lv\/ru\/contacts\/'  class='avia-button av-kjydzrtc-1b42efb66f82c3d4a67afb7e7438e937 av-link-btn avia-icon_select-no avia-size-large avia-position-center'   aria-label=\"\u0417\u0430\u043f\u0438\u0441\u0430\u0442\u044c\u0441\u044f \u043d\u0430 \u043a\u043e\u043d\u0441\u0443\u043b\u044c\u0442\u0430\u0446\u0438\u044e\"><span class='avia_iconbox_title' >\u0417\u0430\u043f\u0438\u0441\u0430\u0442\u044c\u0441\u044f \u043d\u0430 \u043a\u043e\u043d\u0441\u0443\u043b\u044c\u0442\u0430\u0446\u0438\u044e<\/span><\/a><\/div>\n\n<\/div><\/div><\/main><!-- close content main element --><\/div><\/div>\n<style type=\"text\/css\" data-created_by=\"avia_inline_auto\" id=\"style-css-av-31k712e-6bbc5cd305eb14c38caea751a4a9324c\">\n.avia-section.av-31k712e-6bbc5cd305eb14c38caea751a4a9324c{\nbackground-repeat:no-repeat;\nbackground-image:url(https:\/\/coma.lv\/wp-content\/uploads\/2018\/02\/laptop-white.jpg);\nbackground-position:50% 50%;\nbackground-attachment:scroll;\n}\n<\/style>\n<div id='av_section_2'  class='avia-section av-31k712e-6bbc5cd305eb14c38caea751a4a9324c main_color avia-section-no-padding avia-no-border-styling  avia-builder-el-3  el_after_av_section  el_before_av_section  avia-full-stretch avia-bg-style-scroll av-minimum-height av-minimum-height-50 av-height-50  container_wrap fullsize'  data-section-bg-repeat='stretch' data-av_minimum_height_pc='50' data-av_min_height_opt='50'><div class='container av-section-cont-open' ><div class='template-page content  av-content-full alpha units'><div class='post-entry post-entry-type-page post-entry-33845'><div class='entry-content-wrapper clearfix'>\n\n<style type=\"text\/css\" data-created_by=\"avia_inline_auto\" id=\"style-css-av-m0azx8hh-30fea8e53bf837be0c02055d5a85bcad\">\n#top .hr.hr-invisible.av-m0azx8hh-30fea8e53bf837be0c02055d5a85bcad{\nheight:50px;\n}\n<\/style>\n<div  class='hr av-m0azx8hh-30fea8e53bf837be0c02055d5a85bcad hr-invisible  avia-builder-el-4  el_before_av_textblock  avia-builder-el-first '><span class='hr-inner '><span class=\"hr-inner-style\"><\/span><\/span><\/div>\n<section  class='av_textblock_section av-m0azpaca-433784eb0b4c72d9271d164ac8e3a94f '   itemscope=\"itemscope\" itemtype=\"https:\/\/schema.org\/CreativeWork\" ><div class='avia_textblock'  itemprop=\"text\" ><p>\u041b\u0430\u0442\u0432\u0438\u0439\u0441\u043a\u043e\u0435 \u0430\u0433\u0435\u043d\u0442\u0441\u0442\u0432\u043e \u0438\u043d\u0432\u0435\u0441\u0442\u0438\u0446\u0438\u0439 \u0438 \u0440\u0430\u0437\u0432\u0438\u0442\u0438\u044f (LIAA) \u043f\u0440\u0435\u0434\u043b\u0430\u0433\u0430\u0435\u0442 \u0444\u0438\u043d\u0430\u043d\u0441\u043e\u0432\u0443\u044e \u043f\u043e\u0434\u0434\u0435\u0440\u0436\u043a\u0443 \u043f\u0440\u043e\u0435\u043a\u0442\u0430\u043c \u0446\u0438\u0444\u0440\u043e\u0432\u0438\u0437\u0430\u0446\u0438\u0438 \u2013 \u0434\u043e 10 000 EUR, \u0431\u0435\u0437 \u0438\u0441\u043f\u043e\u043b\u044c\u0437\u043e\u0432\u0430\u043d\u0438\u044f \u0438\u0441\u043a\u0443\u0441\u0441\u0442\u0432\u0435\u043d\u043d\u043e\u0433\u043e \u0438\u043d\u0442\u0435\u043b\u043b\u0435\u043a\u0442\u0430.<\/p>\n<h2>Finans\u0113juma apjoms<\/h2>\n<ul>\n<li>Mikro un mazie komersanti \u2013 l\u012bdz 50% no projekta izmaks\u0101m.<\/li>\n<\/ul>\n<p><em> Piem\u0113rs: ja projekta izmaksas ir 12 000 EUR, LIAA segs 6 000 EUR.<\/em><\/p>\n<ul>\n<li>Vid\u0113jie komersanti \u2013 l\u012bdz 40% no projekta izmaks\u0101m.<\/li>\n<\/ul>\n<h2>K\u0101 noteikt sava uz\u0146\u0113muma statusu<\/h2>\n<p>Uz\u0146\u0113muma statuss ir atkar\u012bgs no saist\u012btaj\u0101m person\u0101m.<br \/>Pla\u0161\u0101ku inform\u0101ciju un deklar\u0101ciju veidlapas var atrast LIAA m\u0101jaslap\u0101:<br \/><a href=\"https:\/\/www.liaa.gov.lv\/lv\/programmas\/noderigi\/maza-videja-komersanta-statuss\" target=\"_blank\" rel=\"noopener\">Noskaidrot uz\u0146\u0113muma statusu<\/a><\/p>\n<h2>Atbalsta sa\u0146em\u0161anas so\u013ci<\/h2>\n<ol>\n<li>Sagatavojiet tehnisko uzdevumu un nos\u016btiet to vair\u0101k\u0101m IT komp\u0101nij\u0101m nov\u0113rt\u0113\u0161anai.<\/li>\n<\/ol>\n<ul>\n<li style=\"list-style-type: none;\">\n<ul>\n<li>Nepiecie\u0161ams sa\u0146emt vismaz <strong>3 komerci\u0101los pied\u0101v\u0101jumus<\/strong> (rakstisk\u0101 form\u0101).<\/li>\n<li>Izv\u0113l\u0113tajam izstr\u0101d\u0101t\u0101jam j\u0101sniedz izdev\u012bg\u0101kais vai pamatoti lab\u0101kais risin\u0101jums.<\/li>\n<\/ul>\n<\/li>\n<\/ul>\n<ol start=\"2\">\n<li>Iesniedziet pieteikumu caur <a href=\"https:\/\/business.gov.lv\/\" target=\"_blank\" rel=\"noopener\">business.gov.lv<\/a>.<br \/>\nAr pieteikuma veidlapu var iepaz\u012bties <a href=\"https:\/\/business.gov.lv\/sites\/default\/files\/cms_uploads\/1.pielikums_Pieteikuma_veidlapa_1.pdf\" target=\"_blank\" rel=\"noopener\">\u0161eit<\/a>.<\/li>\n<li>LIAA izskata pieteikumu viena m\u0113ne\u0161a laik\u0101. Pozit\u012bva l\u0113muma gad\u012bjum\u0101 tiek parakst\u012bts l\u012bgums.<br \/>\n<a href=\"https:\/\/business.gov.lv\/sites\/default\/files\/cms_uploads\/Ligums_ERAF_DIGI.pdf\" target=\"_blank\" rel=\"noopener\">L\u012bguma paraugs<\/a><\/li>\n<li>P\u0113c l\u012bguma nosl\u0113g\u0161anas var parakst\u012bt l\u012bgumu ar izstr\u0101d\u0101t\u0101ju un s\u0101kt projekta \u012bsteno\u0161anu.<\/li>\n<li>P\u0113c projekta pabeig\u0161anas:<\/li>\n<\/ol>\n<ul>\n<li style=\"list-style-type: none;\">\n<ul>\n<li>tiek parakst\u012bts pie\u0146em\u0161anas-nodo\u0161anas akts,<\/li>\n<li>tiek apmaks\u012bts izstr\u0101d\u0101t\u0101ja r\u0113\u0137ins,<\/li>\n<li>tiek iesniegts piepras\u012bjums LIAA par izmaksu seg\u0161anu.<\/li>\n<\/ul>\n<\/li>\n<\/ul>\n<h2>Nepiecie\u0161amie dokumenti finans\u0113juma sa\u0146em\u0161anai<\/h2>\n<ul>\n<li>izstr\u0101d\u0101t\u0101ju cenu pied\u0101v\u0101jumi<\/li>\n<li>l\u012bgums ar izv\u0113l\u0113to izstr\u0101d\u0101t\u0101ju<\/li>\n<li>r\u0113\u0137ins un maks\u0101juma apliecin\u0101jums<\/li>\n<li>pie\u0146em\u0161anas-nodo\u0161anas akts, atskaite par paveikto darbu (apraksts, att\u0113li, sertifik\u0101ti u. c.)<\/li>\n<li>gr\u0101matved\u012bbas dokumenti (kontu pl\u0101ns, dar\u012bjumu kart\u012btes)<\/li>\n<li>apliecin\u0101jums par intere\u0161u konflikta neesam\u012bbu<\/li>\n<\/ul>\n<h2>Svar\u012bgi nosac\u012bjumi<\/h2>\n<ul>\n<li>uz\u0146\u0113mumam nedr\u012bkst b\u016bt noteiktas sankcijas<\/li>\n<li>nodok\u013cu par\u0101ds nedr\u012bkst p\u0101rsniegt 150 EUR<\/li>\n<li>uz\u0146\u0113mums nedr\u012bkst p\u0101rst\u0101v\u0113t nozari, kuru LIAA neatbalsta<\/li>\n<\/ul>\n<\/div><\/section>\n<\/div><\/div><\/div><!-- close content main div --><\/div><\/div><div id='av_section_3'  class='avia-section av-jgsxflf-eb527202ba6e0d196dcc27a837325112 main_color avia-section-default avia-no-border-styling  avia-builder-el-6  el_after_av_section  avia-builder-el-last  avia-bg-style-scroll container_wrap fullsize'  ><div class='container av-section-cont-open' ><div class='template-page content  av-content-full alpha units'><div class='post-entry post-entry-type-page post-entry-33845'><div class='entry-content-wrapper clearfix'>\n\n<style type=\"text\/css\" data-created_by=\"avia_inline_auto\" id=\"style-css-av-kl6zd86t-57a6ab5f0572d2d9619ca4edf844e853\">\n#top .av-special-heading.av-kl6zd86t-57a6ab5f0572d2d9619ca4edf844e853{\npadding-bottom:80px;\n}\nbody .av-special-heading.av-kl6zd86t-57a6ab5f0572d2d9619ca4edf844e853 .av-special-heading-tag .heading-char{\nfont-size:25px;\n}\n.av-special-heading.av-kl6zd86t-57a6ab5f0572d2d9619ca4edf844e853 .av-subheading{\nfont-size:15px;\n}\n<\/style>\n<div  class='av-special-heading av-kl6zd86t-57a6ab5f0572d2d9619ca4edf844e853 av-special-heading-h2 blockquote modern-quote modern-centered  avia-builder-el-7  el_before_av_one_half  avia-builder-el-first  av-linked-heading'><h2 class='av-special-heading-tag '  itemprop=\"headline\"  >\u041f\u043e\u043b\u0443\u0447\u0438\u0442\u0435 \u0434\u043e 10 000 \u20ac \u043d\u0430 \u0434\u0438\u0433\u0438\u0442\u0430\u043b\u0438\u0437\u0430\u0446\u0438\u0438 \u0431\u0438\u0437\u043d\u0435\u0441\u0430 \u0441\u043e\u0432\u043c\u0435\u0441\u0442\u043d\u043e \u0441 LIAA<\/h2><div class=\"special-heading-border\"><div class=\"special-heading-inner-border\"><\/div><\/div><\/div>\n\n<style type=\"text\/css\" data-created_by=\"avia_inline_auto\" id=\"style-css-av-c4up3mb-e597e0198cf689f0de79ce728f1b9e7e\">\n.flex_column.av-c4up3mb-e597e0198cf689f0de79ce728f1b9e7e{\nborder-radius:0px 0px 0px 0px;\npadding:0px 0px 0px 0px;\n}\n<\/style>\n<div  class='flex_column av-c4up3mb-e597e0198cf689f0de79ce728f1b9e7e av_one_half  avia-builder-el-8  el_after_av_heading  el_before_av_one_half  first flex_column_div av-zero-column-padding  '     ><p><form action=\"https:\/\/coma.lv\/ru\/services\/liaa-atbalsts-procesu-digitalizacijai\/\" method=\"post\" data-fields-with-error=\"Found errors in the following field(s):\" class=\"avia_ajax_form av-form-labels-hidden   avia-builder-el-9  el_before_av_hr  avia-builder-el-first   \" data-avia-form-id=\"1\" data-avia-redirect='' ><fieldset><p class='  first_form  form_element form_element_half' id='element_avia_1_1'><label for=\"avia_1_1\">\u0418\u043c\u044f <abbr class=\"required\" title=\"required\">*<\/abbr><\/label> <input name=\"avia_1_1\" class=\"text_input is_empty\" type=\"text\" id=\"avia_1_1\" value=\"\"  placeholder='\u0418\u043c\u044f*'\/><\/p><p class='  form_element form_element_half' id='element_avia_2_1'><label for=\"avia_2_1\">\u042d\u043b\u0435\u043a\u0442\u0440\u043e\u043d\u043d\u0430\u044f \u043f\u043e\u0447\u0442\u0430 <abbr class=\"required\" title=\"required\">*<\/abbr><\/label> <input name=\"avia_2_1\" class=\"text_input is_email\" type=\"text\" id=\"avia_2_1\" value=\"\"  placeholder='\u042d\u043b\u0435\u043a\u0442\u0440\u043e\u043d\u043d\u0430\u044f \u043f\u043e\u0447\u0442\u0430*'\/><\/p><p class='  first_form  form_element form_element_half' id='element_avia_3_1'><label for=\"avia_3_1\">\u0422\u0435\u043b\u0435\u0444\u043e\u043d <abbr class=\"required\" title=\"required\">*<\/abbr><\/label> <input name=\"avia_3_1\" class=\"text_input is_phone\" type=\"text\" id=\"avia_3_1\" value=\"\"  placeholder='\u0422\u0435\u043b\u0435\u0444\u043e\u043d*'\/><\/p><p class='  form_element form_element_half' id='element_avia_4_1'><label for=\"avia_4_1\">\u041d\u0430\u0437\u0432\u0430\u043d\u0438\u0435 \u043a\u043e\u043c\u043f\u0430\u043d\u0438\u0438 <abbr class=\"required\" title=\"required\">*<\/abbr><\/label> <input name=\"avia_4_1\" class=\"text_input is_empty\" type=\"text\" id=\"avia_4_1\" value=\"\"  placeholder='\u041d\u0430\u0437\u0432\u0430\u043d\u0438\u0435 \u043a\u043e\u043c\u043f\u0430\u043d\u0438\u0438*'\/><\/p><p class='  first_form  form_element form_fullwidth av-last-visible-form-element' id='element_avia_5_1'><label for=\"avia_5_1\" class=\"textare_label hidden textare_label_avia_5_1\">\u0421\u043e\u043e\u0431\u0449\u0435\u043d\u0438\u0435 <abbr class=\"required\" title=\"required\">*<\/abbr><\/label><textarea  placeholder='\u0421\u043e\u043e\u0431\u0449\u0435\u043d\u0438\u0435*' name=\"avia_5_1\" class=\"text_area is_empty\" cols=\"40\" rows=\"7\" id=\"avia_5_1\" ><\/textarea><\/p><p class=\"hidden\"><input type=\"text\" name=\"avia_6_1\" class=\"hidden \" id=\"avia_6_1\" value=\"\" \/><\/p><p class=\"form_element \"><input type=\"hidden\" value=\"1\" name=\"avia_generated_form1\" \/><input type=\"submit\" value=\"\u041e\u0442\u043f\u0440\u0430\u0432\u0438\u0442\u044c\" class=\"button\"  data-sending-label=\"Sending\"\/><\/p><\/fieldset><\/form><div id=\"ajaxresponse_1\" class=\"ajaxresponse ajaxresponse_1 hidden\"><\/div><br \/>\n\n<style type=\"text\/css\" data-created_by=\"avia_inline_auto\" id=\"style-css-av-xnldjn-0a48cd2250301f1dbb29703e8989f9c3\">\n#top .hr.hr-invisible.av-xnldjn-0a48cd2250301f1dbb29703e8989f9c3{\nheight:30px;\n}\n<\/style>\n<div  class='hr av-xnldjn-0a48cd2250301f1dbb29703e8989f9c3 hr-invisible  avia-builder-el-10  el_after_av_contact  avia-builder-el-last '><span class='hr-inner '><span class=\"hr-inner-style\"><\/span><\/span><\/div><\/p><\/div>\n<style type=\"text\/css\" data-created_by=\"avia_inline_auto\" id=\"style-css-av-c4up3mb-7-ff4d377e34761e336d61ea0b277bfe9a\">\n.flex_column.av-c4up3mb-7-ff4d377e34761e336d61ea0b277bfe9a{\nborder-radius:0px 0px 0px 0px;\npadding:0px 0px 0px 0px;\n}\n<\/style>\n<div  class='flex_column av-c4up3mb-7-ff4d377e34761e336d61ea0b277bfe9a av_one_half  avia-builder-el-11  el_after_av_one_half  avia-builder-el-last  flex_column_div av-zero-column-padding  '     ><section  class='av_textblock_section av-m8skxq-f8e5ef50bef3e287a6bbbc1dc8ca6a47 '   itemscope=\"itemscope\" itemtype=\"https:\/\/schema.org\/CreativeWork\" ><div class='avia_textblock'  itemprop=\"text\" ><p style=\"text-align: left;\">\u0417\u0430\u043f\u043e\u043b\u043d\u0438\u0442\u0435 \u0444\u043e\u0440\u043c\u0443 \u0438 \u043f\u043e\u043b\u0443\u0447\u0438\u0442\u0435 \u0431\u0435\u0441\u043f\u043b\u0430\u0442\u043d\u0443\u044e \u043a\u043e\u043d\u0441\u0443\u043b\u044c\u0442\u0430\u0446\u0438\u044e \u043e \u0442\u043e\u043c, \u043a\u0430\u043a \u0438\u0441\u043f\u043e\u043b\u044c\u0437\u043e\u0432\u0430\u0442\u044c \u043f\u0440\u043e\u0433\u0440\u0430\u043c\u043c\u0443 LIAA \u0434\u043b\u044f \u0434\u0438\u0433\u0438\u0442\u0430\u043b\u0438\u0437\u0430\u0446\u0438\u0438 \u0432\u0430\u0448\u0435\u0433\u043e \u0431\u0438\u0437\u043d\u0435\u0441\u0430.<\/p>\n<\/div><\/section><\/div>\n<\/p>\n","protected":false},"excerpt":{"rendered":"","protected":false},"author":1,"featured_media":0,"parent":25118,"menu_order":0,"comment_status":"closed","ping_status":"closed","template":"","meta":{"footnotes":""},"class_list":["post-33845","page","type-page","status-publish","hentry"],"_links":{"self":[{"href":"https:\/\/coma.lv\/ru\/wp-json\/wp\/v2\/pages\/33845","targetHints":{"allow":["GET"]}}],"collection":[{"href":"https:\/\/coma.lv\/ru\/wp-json\/wp\/v2\/pages"}],"about":[{"href":"https:\/\/coma.lv\/ru\/wp-json\/wp\/v2\/types\/page"}],"author":[{"embeddable":true,"href":"https:\/\/coma.lv\/ru\/wp-json\/wp\/v2\/users\/1"}],"replies":[{"embeddable":true,"href":"https:\/\/coma.lv\/ru\/wp-json\/wp\/v2\/comments?post=33845"}],"version-history":[{"count":20,"href":"https:\/\/coma.lv\/ru\/wp-json\/wp\/v2\/pages\/33845\/revisions"}],"predecessor-version":[{"id":37717,"href":"https:\/\/coma.lv\/ru\/wp-json\/wp\/v2\/pages\/33845\/revisions\/37717"}],"up":[{"embeddable":true,"href":"https:\/\/coma.lv\/ru\/wp-json\/wp\/v2\/pages\/25118"}],"wp:attachment":[{"href":"https:\/\/coma.lv\/ru\/wp-json\/wp\/v2\/media?parent=33845"}],"curies":[{"name":"wp","href":"https:\/\/api.w.org\/{rel}","templated":true}]}}