{"id":39164,"date":"2026-05-15T04:32:48","date_gmt":"2026-05-15T01:32:48","guid":{"rendered":"https:\/\/coma.lv\/services\/majaslapu-uz-wordpress-apkalposana-un-uzturesana\/"},"modified":"2026-05-15T04:32:52","modified_gmt":"2026-05-15T01:32:52","slug":"majaslapu-uz-wordpress-apkalposana-un-uzturesana","status":"publish","type":"page","link":"https:\/\/coma.lv\/lv\/services\/majaslapu-uz-wordpress-apkalposana-un-uzturesana\/","title":{"rendered":"M\u0101jaslapu uz WordPress apkalpo\u0161ana un uztur\u0113\u0161ana"},"content":{"rendered":"\n<style type=\"text\/css\" data-created_by=\"avia_inline_auto\" id=\"style-css-av-159jsq5o-5de450f6e73b763896242486e6f97bb4\">\n.avia-section.av-159jsq5o-5de450f6e73b763896242486e6f97bb4{\nbackground-repeat:no-repeat;\nbackground-image:url(https:\/\/coma.lv\/wp-content\/uploads\/2018\/02\/laptop-white.jpg);\nbackground-position:50% 50%;\nbackground-attachment:scroll;\n}\n<\/style>\n<div id='av_section_1'  class='avia-section av-159jsq5o-5de450f6e73b763896242486e6f97bb4 main_color avia-section-no-padding avia-no-border-styling  avia-builder-el-0  el_before_av_section  avia-builder-el-first  avia-full-stretch avia-bg-style-scroll av-minimum-height av-minimum-height-50 av-height-50  container_wrap fullsize'  data-section-bg-repeat='stretch' data-av_minimum_height_pc='50' data-av_min_height_opt='50'><div class='container av-section-cont-open' ><main  role=\"main\" itemprop=\"mainContentOfPage\"  class='template-page content  av-content-full alpha units'><div class='post-entry post-entry-type-page post-entry-39164'><div class='entry-content-wrapper clearfix'>\n\n<style type=\"text\/css\" data-created_by=\"avia_inline_auto\" id=\"style-css-av-kkck2g6v-02b5dde9e156d9a637baa98c2dca5850\">\n#top .av-special-heading.av-kkck2g6v-02b5dde9e156d9a637baa98c2dca5850{\npadding-bottom:60px;\nfont-size:40px;\n}\nbody .av-special-heading.av-kkck2g6v-02b5dde9e156d9a637baa98c2dca5850 .av-special-heading-tag .heading-char{\nfont-size:25px;\n}\n#top #wrap_all .av-special-heading.av-kkck2g6v-02b5dde9e156d9a637baa98c2dca5850 .av-special-heading-tag{\nfont-size:40px;\n}\n.av-special-heading.av-kkck2g6v-02b5dde9e156d9a637baa98c2dca5850 .av-subheading{\nfont-size:20px;\n}\n\n@media only screen and (min-width: 480px) and (max-width: 767px){ \n#top #wrap_all .av-special-heading.av-kkck2g6v-02b5dde9e156d9a637baa98c2dca5850 .av-special-heading-tag{\nfont-size:0.8em;\n}\n}\n\n@media only screen and (max-width: 479px){ \n#top #wrap_all .av-special-heading.av-kkck2g6v-02b5dde9e156d9a637baa98c2dca5850 .av-special-heading-tag{\nfont-size:0.8em;\n}\n}\n<\/style>\n<div  class='av-special-heading av-kkck2g6v-02b5dde9e156d9a637baa98c2dca5850 av-special-heading-h1 blockquote modern-quote modern-centered  avia-builder-el-1  el_before_av_button  avia-builder-el-first  av-inherit-size av-linked-heading'><h1 class='av-special-heading-tag '  itemprop=\"headline\"  >M\u0101jaslapu uz WordPress apkalpo\u0161ana un uztur\u0113\u0161ana<\/h1><div class=\"special-heading-border\"><div class=\"special-heading-inner-border\"><\/div><\/div><\/div>\n<div  class='avia-button-wrap av-kjydzrtc-e8ddc3f3ae6c05edde7814eec88565cb-wrap avia-button-center  avia-builder-el-2  el_after_av_heading  el_before_av_codeblock '>\n<style type=\"text\/css\" data-created_by=\"avia_inline_auto\" id=\"style-css-av-kjydzrtc-e8ddc3f3ae6c05edde7814eec88565cb\">\n#top #wrap_all .avia-button.av-kjydzrtc-e8ddc3f3ae6c05edde7814eec88565cb{\nbackground-color:#b48e5f;\nborder-color:#b48e5f;\ncolor:#ffffff;\ntransition:all 0.4s ease-in-out;\n}\n#top #wrap_all .avia-button.av-kjydzrtc-e8ddc3f3ae6c05edde7814eec88565cb .avia-svg-icon svg:first-child{\nfill:#ffffff;\nstroke:#ffffff;\n}\n<\/style>\n<a href='https:\/\/coma.lv\/lv\/contacts\/'  class='avia-button av-kjydzrtc-e8ddc3f3ae6c05edde7814eec88565cb av-link-btn avia-icon_select-no avia-size-large avia-position-center'   aria-label=\"Pas\u016bt\u012bt vietnes apkalpo\u0161anu\"><span class='avia_iconbox_title' >Pas\u016bt\u012bt vietnes apkalpo\u0161anu<\/span><\/a><\/div>\n\n\n<\/div><\/div><\/main><!-- close content main element --><\/div><\/div><div id='av_section_2'  class='avia-section av-3k1xqng-7e8eb43743bf066030ee443d84226f20 main_color avia-section-default avia-no-border-styling  avia-builder-el-4  el_after_av_section  el_before_av_section  avia-bg-style-scroll container_wrap fullsize'  ><div class='container av-section-cont-open' ><div class='template-page content  av-content-full alpha units'><div class='post-entry post-entry-type-page post-entry-39164'><div class='entry-content-wrapper clearfix'>\n\n<style type=\"text\/css\" data-created_by=\"avia_inline_auto\" id=\"style-css-av-ypkkyrw-9a875ed3a6c1829899832aeb9a4e83df\">\n.flex_column.av-ypkkyrw-9a875ed3a6c1829899832aeb9a4e83df{\nborder-radius:0px 0px 0px 0px;\npadding:0px 0px 0px 0px;\n}\n<\/style>\n<div  class='flex_column av-ypkkyrw-9a875ed3a6c1829899832aeb9a4e83df av_one_third  avia-builder-el-5  el_before_av_one_third  avia-builder-el-first  first flex_column_div av-zero-column-padding  '     ><p>\n<style type=\"text\/css\" data-created_by=\"avia_inline_auto\" id=\"style-css-av-3e2tx0f-6e4b0f3b4f04d1b2a1b37784a93b6aae\">\n#top .av-special-heading.av-3e2tx0f-6e4b0f3b4f04d1b2a1b37784a93b6aae{\npadding-bottom:10px;\n}\nbody .av-special-heading.av-3e2tx0f-6e4b0f3b4f04d1b2a1b37784a93b6aae .av-special-heading-tag .heading-char{\nfont-size:25px;\n}\n.av-special-heading.av-3e2tx0f-6e4b0f3b4f04d1b2a1b37784a93b6aae .av-subheading{\nfont-size:15px;\n}\n<\/style>\n<div  class='av-special-heading av-3e2tx0f-6e4b0f3b4f04d1b2a1b37784a93b6aae av-special-heading-h3 blockquote modern-quote modern-centered  avia-builder-el-6  el_before_av_hr  avia-builder-el-first '><h3 class='av-special-heading-tag '  itemprop=\"headline\"  >Atjaunin\u0101\u0161ana<\/h3><div class=\"special-heading-border\"><div class=\"special-heading-inner-border\"><\/div><\/div><\/div><br \/>\n<div  class='hr av-xwtel9o-050bf499848241d731e9566d1abbb5ad hr-short  avia-builder-el-7  el_after_av_heading  el_before_av_textblock  hr-center'><span class='hr-inner '><span class=\"hr-inner-style\"><\/span><\/span><\/div><br \/>\n<section  class='av_textblock_section av-x87o0lo-f5137a4da6f90bff9bb57ca668fddc2c '   itemscope=\"itemscope\" itemtype=\"https:\/\/schema.org\/CreativeWork\" ><div class='avia_textblock'  itemprop=\"text\" ><p>Ik p\u0113c m\u0113ne\u0161a m\u0113s atjaunin\u0101m WordPress platformu un j\u016bsu vietnes izmantotos modu\u013cus. P\u0113c atjaunin\u0101\u0161anas m\u0113s p\u0101rbaud\u0101m vietnes funkcionalit\u0101ti, lai izsl\u0113gtu iesp\u0113jam\u0101s nesader\u012bbas probl\u0113mas.<\/p>\n<\/div><\/section><\/p><\/div>\n<style type=\"text\/css\" data-created_by=\"avia_inline_auto\" id=\"style-css-av-wtuabws-f6a0c0c79d095166121b9f6235f21680\">\n.flex_column.av-wtuabws-f6a0c0c79d095166121b9f6235f21680{\nborder-radius:0px 0px 0px 0px;\npadding:0px 0px 0px 0px;\n}\n<\/style>\n<div  class='flex_column av-wtuabws-f6a0c0c79d095166121b9f6235f21680 av_one_third  avia-builder-el-9  el_after_av_one_third  el_before_av_one_third  flex_column_div av-zero-column-padding  '     ><p>\n<style type=\"text\/css\" data-created_by=\"avia_inline_auto\" id=\"style-css-av-2vfyokf-7cbba54946c870ff347bc8f932216a8f\">\n#top .av-special-heading.av-2vfyokf-7cbba54946c870ff347bc8f932216a8f{\npadding-bottom:10px;\n}\nbody .av-special-heading.av-2vfyokf-7cbba54946c870ff347bc8f932216a8f .av-special-heading-tag .heading-char{\nfont-size:25px;\n}\n.av-special-heading.av-2vfyokf-7cbba54946c870ff347bc8f932216a8f .av-subheading{\nfont-size:15px;\n}\n<\/style>\n<div  class='av-special-heading av-2vfyokf-7cbba54946c870ff347bc8f932216a8f av-special-heading-h3 blockquote modern-quote modern-centered  avia-builder-el-10  el_before_av_hr  avia-builder-el-first '><h3 class='av-special-heading-tag '  itemprop=\"headline\"  >Dubl\u0113\u0161ana<\/h3><div class=\"special-heading-border\"><div class=\"special-heading-inner-border\"><\/div><\/div><\/div><br \/>\n<div  class='hr av-vrxt3po-6b9b5aef0eca182daf9c4216e23a5fb0 hr-short  avia-builder-el-11  el_after_av_heading  el_before_av_textblock  hr-center'><span class='hr-inner '><span class=\"hr-inner-style\"><\/span><\/span><\/div><br \/>\n<section  class='av_textblock_section av-toxugh8-9194a4143da725503aa622b280e14134 '   itemscope=\"itemscope\" itemtype=\"https:\/\/schema.org\/CreativeWork\" ><div class='avia_textblock'  itemprop=\"text\" ><p>Papildus hostinga dubl\u0113jumkopij\u0101m, kuras veic pakalpojumu sniedz\u0113js, katru dienu m\u0113s izveidojam pa\u0161i savas dubl\u0113jumkopijas un uzglab\u0101jam 15 kopijas \u0101r\u0113j\u0101 kr\u0101tuv\u0113, kas paliks pieejamas ar\u012b gad\u012bjum\u0101, ja j\u016bsu izvieto\u0161ana tiks izdz\u0113sta vai b\u016bs tehniskas probl\u0113mas ar pakalpojumu sniedz\u0113ju.<\/p>\n<\/div><\/section><\/p><\/div>\n<style type=\"text\/css\" data-created_by=\"avia_inline_auto\" id=\"style-css-av-v5m8cj0-46d134bad54fce9ec73588fb404cfd0e\">\n.flex_column.av-v5m8cj0-46d134bad54fce9ec73588fb404cfd0e{\nborder-radius:0px 0px 0px 0px;\npadding:0px 0px 0px 0px;\n}\n<\/style>\n<div  class='flex_column av-v5m8cj0-46d134bad54fce9ec73588fb404cfd0e av_one_third  avia-builder-el-13  el_after_av_one_third  el_before_av_one_third  flex_column_div av-zero-column-padding  '     ><p>\n<style type=\"text\/css\" data-created_by=\"avia_inline_auto\" id=\"style-css-av-2ok3xfj-d70f63f6eb183243768e80d770ada2f9\">\n#top .av-special-heading.av-2ok3xfj-d70f63f6eb183243768e80d770ada2f9{\npadding-bottom:10px;\n}\nbody .av-special-heading.av-2ok3xfj-d70f63f6eb183243768e80d770ada2f9 .av-special-heading-tag .heading-char{\nfont-size:25px;\n}\n.av-special-heading.av-2ok3xfj-d70f63f6eb183243768e80d770ada2f9 .av-subheading{\nfont-size:15px;\n}\n<\/style>\n<div  class='av-special-heading av-2ok3xfj-d70f63f6eb183243768e80d770ada2f9 av-special-heading-h3 blockquote modern-quote modern-centered  avia-builder-el-14  el_before_av_hr  avia-builder-el-first '><h3 class='av-special-heading-tag '  itemprop=\"headline\"  >Uptime Monitor<\/h3><div class=\"special-heading-border\"><div class=\"special-heading-inner-border\"><\/div><\/div><\/div><br \/>\n<div  class='hr av-u06n2oc-456f1522fb17ace5df5aab9aade46d3e hr-short  avia-builder-el-15  el_after_av_heading  el_before_av_textblock  hr-center'><span class='hr-inner '><span class=\"hr-inner-style\"><\/span><\/span><\/div><br \/>\n<section  class='av_textblock_section av-toxugh8-13-4f76b20fe7f9c92acc1e406e163e62af '   itemscope=\"itemscope\" itemtype=\"https:\/\/schema.org\/CreativeWork\" ><div class='avia_textblock'  itemprop=\"text\" ><p>M\u0113s nodro\u0161in\u0101m j\u016bsu vietnes uzraudz\u012bbu un av\u0101rijas gad\u012bjum\u0101 m\u0113s par to uzzin\u0101sim uzreiz. S\u0101kum\u0101 m\u0113s cen\u0161amies atjaunot vietnes darbu un noskaidrot boj\u0101juma c\u0113loni. P\u0113c vietnes atjauno\u0161anas t\u012bmekl\u012b, m\u0113s sniedzam zi\u0146ojumu par iemesliem.<\/p>\n<\/div><\/section><\/p><\/div>\n<style type=\"text\/css\" data-created_by=\"avia_inline_auto\" id=\"style-css-av-v5m8cj0-12-e9c92325da73f048740b37fff9ca3e33\">\n.flex_column.av-v5m8cj0-12-e9c92325da73f048740b37fff9ca3e33{\nborder-radius:0px 0px 0px 0px;\npadding:0px 0px 0px 0px;\n}\n<\/style>\n<div  class='flex_column av-v5m8cj0-12-e9c92325da73f048740b37fff9ca3e33 av_one_third  avia-builder-el-17  el_after_av_one_third  el_before_av_one_third  first flex_column_div av-zero-column-padding  column-top-margin'     ><p>\n<style type=\"text\/css\" data-created_by=\"avia_inline_auto\" id=\"style-css-av-1wbqun3-fdf633c7565946ef3242adac8ebbcfd8\">\n#top .av-special-heading.av-1wbqun3-fdf633c7565946ef3242adac8ebbcfd8{\npadding-bottom:10px;\n}\nbody .av-special-heading.av-1wbqun3-fdf633c7565946ef3242adac8ebbcfd8 .av-special-heading-tag .heading-char{\nfont-size:25px;\n}\n.av-special-heading.av-1wbqun3-fdf633c7565946ef3242adac8ebbcfd8 .av-subheading{\nfont-size:15px;\n}\n<\/style>\n<div  class='av-special-heading av-1wbqun3-fdf633c7565946ef3242adac8ebbcfd8 av-special-heading-h3 blockquote modern-quote modern-centered  avia-builder-el-18  el_before_av_hr  avia-builder-el-first '><h3 class='av-special-heading-tag '  itemprop=\"headline\"  >Aizsardz\u012bba<\/h3><div class=\"special-heading-border\"><div class=\"special-heading-inner-border\"><\/div><\/div><\/div><br \/>\n<div  class='hr av-u06n2oc-11-0a791fc30e477fdfd44d307847d39ef8 hr-short  avia-builder-el-19  el_after_av_heading  el_before_av_textblock  hr-center'><span class='hr-inner '><span class=\"hr-inner-style\"><\/span><\/span><\/div><br \/>\n<section  class='av_textblock_section av-toxugh8-10-cf3715874ab8aa0577eaf9e8efe7aa2b '   itemscope=\"itemscope\" itemtype=\"https:\/\/schema.org\/CreativeWork\" ><div class='avia_textblock'  itemprop=\"text\" ><p>Izmantojot ugunsm\u016bri, m\u0113s aizsarg\u0101jam vietni no uzlau\u0161anas m\u0113\u0123in\u0101jumiem, paro\u013cu piemekl\u0113\u0161anas un citiem uzbrukumiem. Infekcijas vai vietnes k\u013c\u016bmes gad\u012bjum\u0101 m\u0113s to atjaunojam no rezerves kopij\u0101m.<\/p>\n<\/div><\/section><\/p><\/div>\n<style type=\"text\/css\" data-created_by=\"avia_inline_auto\" id=\"style-css-av-v5m8cj0-9-b9d0f0095817fee210dd1936d14c68fe\">\n.flex_column.av-v5m8cj0-9-b9d0f0095817fee210dd1936d14c68fe{\nborder-radius:0px 0px 0px 0px;\npadding:0px 0px 0px 0px;\n}\n<\/style>\n<div  class='flex_column av-v5m8cj0-9-b9d0f0095817fee210dd1936d14c68fe av_one_third  avia-builder-el-21  el_after_av_one_third  el_before_av_one_third  flex_column_div av-zero-column-padding  column-top-margin'     ><p>\n<style type=\"text\/css\" data-created_by=\"avia_inline_auto\" id=\"style-css-av-1ty2kov-db9ed8972a1a7eee7260bcb1633040c8\">\n#top .av-special-heading.av-1ty2kov-db9ed8972a1a7eee7260bcb1633040c8{\npadding-bottom:10px;\n}\nbody .av-special-heading.av-1ty2kov-db9ed8972a1a7eee7260bcb1633040c8 .av-special-heading-tag .heading-char{\nfont-size:25px;\n}\n.av-special-heading.av-1ty2kov-db9ed8972a1a7eee7260bcb1633040c8 .av-subheading{\nfont-size:15px;\n}\n<\/style>\n<div  class='av-special-heading av-1ty2kov-db9ed8972a1a7eee7260bcb1633040c8 av-special-heading-h3 blockquote modern-quote modern-centered  avia-builder-el-22  el_before_av_hr  avia-builder-el-first '><h3 class='av-special-heading-tag '  itemprop=\"headline\"  >Vietnes p\u0101rne\u0161ana<\/h3><div class=\"special-heading-border\"><div class=\"special-heading-inner-border\"><\/div><\/div><\/div><br \/>\n<div  class='hr av-u06n2oc-8-cc552f8cceb3608a69894030b5c2a7e4 hr-short  avia-builder-el-23  el_after_av_heading  el_before_av_textblock  hr-center'><span class='hr-inner '><span class=\"hr-inner-style\"><\/span><\/span><\/div><br \/>\n<section  class='av_textblock_section av-toxugh8-7-6370e937ac2f173858ea06400a333d4a '   itemscope=\"itemscope\" itemtype=\"https:\/\/schema.org\/CreativeWork\" ><div class='avia_textblock'  itemprop=\"text\" ><p>Ja jums ir j\u0101maina hostings, m\u0113s nodro\u0161in\u0101m visu tehnisko atbalstu un visu failu p\u0101rs\u016bt\u012b\u0161anu uz jauno hostinga serveri.<\/p>\n<\/div><\/section><\/p><\/div>\n<style type=\"text\/css\" data-created_by=\"avia_inline_auto\" id=\"style-css-av-v5m8cj0-6-6f4d249f64ba327fcd01bd9a12f3b9ee\">\n.flex_column.av-v5m8cj0-6-6f4d249f64ba327fcd01bd9a12f3b9ee{\nborder-radius:0px 0px 0px 0px;\npadding:0px 0px 0px 0px;\n}\n<\/style>\n<div  class='flex_column av-v5m8cj0-6-6f4d249f64ba327fcd01bd9a12f3b9ee av_one_third  avia-builder-el-25  el_after_av_one_third  avia-builder-el-last  flex_column_div av-zero-column-padding  column-top-margin'     ><p>\n<style type=\"text\/css\" data-created_by=\"avia_inline_auto\" id=\"style-css-av-10gc9lr-28ee84b3a51f387a3eafa8c7d0406740\">\n#top .av-special-heading.av-10gc9lr-28ee84b3a51f387a3eafa8c7d0406740{\npadding-bottom:10px;\n}\nbody .av-special-heading.av-10gc9lr-28ee84b3a51f387a3eafa8c7d0406740 .av-special-heading-tag .heading-char{\nfont-size:25px;\n}\n.av-special-heading.av-10gc9lr-28ee84b3a51f387a3eafa8c7d0406740 .av-subheading{\nfont-size:15px;\n}\n<\/style>\n<div  class='av-special-heading av-10gc9lr-28ee84b3a51f387a3eafa8c7d0406740 av-special-heading-h3 blockquote modern-quote modern-centered  avia-builder-el-26  el_before_av_hr  avia-builder-el-first '><h3 class='av-special-heading-tag '  itemprop=\"headline\"  >Optimiz\u0101cija<\/h3><div class=\"special-heading-border\"><div class=\"special-heading-inner-border\"><\/div><\/div><\/div><br \/>\n<div  class='hr av-u06n2oc-5-cd00dc725872b01afb245ceb2c80d043 hr-short  avia-builder-el-27  el_after_av_heading  el_before_av_textblock  hr-center'><span class='hr-inner '><span class=\"hr-inner-style\"><\/span><\/span><\/div><br \/>\n<section  class='av_textblock_section av-toxugh8-4-6a17d56a5d35e3c98a025ea8a6f8c3c4 '   itemscope=\"itemscope\" itemtype=\"https:\/\/schema.org\/CreativeWork\" ><div class='avia_textblock'  itemprop=\"text\" ><p>Ik p\u0113c m\u0113ne\u0161a m\u0113s optimiz\u0113jam datu b\u0101zi, t\u012bram vietni no uzkr\u0101tajiem melnrakstiem un novecoju\u0161iem metadokumentiem, kas p\u0101rpilda datu b\u0101zi.<\/p>\n<\/div><\/section><\/p><\/div><\/div><\/div><\/div><!-- close content main div --><\/div><\/div><div id='av_section_3'  class='avia-section av-jgsxflf-eb527202ba6e0d196dcc27a837325112 main_color avia-section-default avia-no-border-styling  avia-builder-el-29  el_after_av_section  avia-builder-el-last  avia-bg-style-scroll container_wrap fullsize'  ><div class='container av-section-cont-open' ><div class='template-page content  av-content-full alpha units'><div class='post-entry post-entry-type-page post-entry-39164'><div class='entry-content-wrapper clearfix'>\n\n<style type=\"text\/css\" data-created_by=\"avia_inline_auto\" id=\"style-css-av-mcny2n-7e91ac4e20e7c34d15587e5d19fa966c\">\n#top .av-special-heading.av-mcny2n-7e91ac4e20e7c34d15587e5d19fa966c{\npadding-bottom:80px;\n}\nbody .av-special-heading.av-mcny2n-7e91ac4e20e7c34d15587e5d19fa966c .av-special-heading-tag .heading-char{\nfont-size:25px;\n}\n.av-special-heading.av-mcny2n-7e91ac4e20e7c34d15587e5d19fa966c .av-subheading{\nfont-size:15px;\n}\n<\/style>\n<div  class='av-special-heading av-mcny2n-7e91ac4e20e7c34d15587e5d19fa966c av-special-heading-h2 blockquote modern-quote modern-centered  avia-builder-el-30  el_before_av_one_half  avia-builder-el-first '><h2 class='av-special-heading-tag '  itemprop=\"headline\"  >Past\u0101stiet mums par savu projektu, un m\u0113s pied\u0101v\u0101sim lab\u0101ko risin\u0101jumu.<\/h2><div class=\"special-heading-border\"><div class=\"special-heading-inner-border\"><\/div><\/div><\/div>\n\n<style type=\"text\/css\" data-created_by=\"avia_inline_auto\" id=\"style-css-av-c4up3mb-e597e0198cf689f0de79ce728f1b9e7e\">\n.flex_column.av-c4up3mb-e597e0198cf689f0de79ce728f1b9e7e{\nborder-radius:0px 0px 0px 0px;\npadding:0px 0px 0px 0px;\n}\n<\/style>\n<div  class='flex_column av-c4up3mb-e597e0198cf689f0de79ce728f1b9e7e av_one_half  avia-builder-el-31  el_after_av_heading  el_before_av_one_half  first flex_column_div av-zero-column-padding  '     ><p><form action=\"https:\/\/coma.lv\/lv\/services\/majaslapu-uz-wordpress-apkalposana-un-uzturesana\/\" method=\"post\" data-fields-with-error=\"Found errors in the following field(s):\" class=\"avia_ajax_form av-form-labels-hidden   avia-builder-el-32  el_before_av_hr  avia-builder-el-first   \" data-avia-form-id=\"1\" data-avia-redirect='' ><fieldset><p class='  first_form  form_element form_element_half' id='element_avia_1_1'><label for=\"avia_1_1\">V\u0101rds <abbr class=\"required\" title=\"required\">*<\/abbr><\/label> <input name=\"avia_1_1\" class=\"text_input is_empty\" type=\"text\" id=\"avia_1_1\" value=\"\"  placeholder='V\u0101rds*'\/><\/p><p class='  form_element form_element_half' id='element_avia_2_1'><label for=\"avia_2_1\">E-pasts <abbr class=\"required\" title=\"required\">*<\/abbr><\/label> <input name=\"avia_2_1\" class=\"text_input is_email\" type=\"text\" id=\"avia_2_1\" value=\"\"  placeholder='E-pasts*'\/><\/p><p class='  first_form  form_element form_element_half' id='element_avia_3_1'><label for=\"avia_3_1\">T\u0101lr. nr. <abbr class=\"required\" title=\"required\">*<\/abbr><\/label> <input name=\"avia_3_1\" class=\"text_input is_phone\" type=\"text\" id=\"avia_3_1\" value=\"\"  placeholder='T\u0101lr. nr.*'\/><\/p><p class='  form_element form_element_half' id='element_avia_4_1'><label for=\"avia_4_1\">T\u0113ma<\/label> <input name=\"avia_4_1\" class=\"text_input \" type=\"text\" id=\"avia_4_1\" value=\"\"  placeholder='T\u0113ma'\/><\/p><p class='  first_form  form_element form_fullwidth av-last-visible-form-element' id='element_avia_5_1'><label for=\"avia_5_1\" class=\"textare_label hidden textare_label_avia_5_1\">Zi\u0146ojums <abbr class=\"required\" title=\"required\">*<\/abbr><\/label><textarea  placeholder='Zi\u0146ojums*' name=\"avia_5_1\" class=\"text_area is_empty\" cols=\"40\" rows=\"7\" id=\"avia_5_1\" ><\/textarea><\/p><p class=\"hidden\"><input type=\"text\" name=\"avia_6_1\" class=\"hidden \" id=\"avia_6_1\" value=\"\" \/><\/p><p class=\"form_element \"><input type=\"hidden\" value=\"1\" name=\"avia_generated_form1\" \/><input type=\"submit\" value=\"Nos\u016bt\u012bt\" class=\"button\"  data-sending-label=\"Sending\"\/><\/p><\/fieldset><\/form><div id=\"ajaxresponse_1\" class=\"ajaxresponse ajaxresponse_1 hidden\"><\/div><br \/>\n\n<style type=\"text\/css\" data-created_by=\"avia_inline_auto\" id=\"style-css-av-xnldjn-0a48cd2250301f1dbb29703e8989f9c3\">\n#top .hr.hr-invisible.av-xnldjn-0a48cd2250301f1dbb29703e8989f9c3{\nheight:30px;\n}\n<\/style>\n<div  class='hr av-xnldjn-0a48cd2250301f1dbb29703e8989f9c3 hr-invisible  avia-builder-el-33  el_after_av_contact  avia-builder-el-last '><span class='hr-inner '><span class=\"hr-inner-style\"><\/span><\/span><\/div><\/p><\/div>\n<style type=\"text\/css\" data-created_by=\"avia_inline_auto\" id=\"style-css-av-c4up3mb-3-de1da396b772454cbdd2590c362c113a\">\n.flex_column.av-c4up3mb-3-de1da396b772454cbdd2590c362c113a{\nborder-radius:0px 0px 0px 0px;\npadding:0px 0px 0px 0px;\n}\n<\/style>\n<div  class='flex_column av-c4up3mb-3-de1da396b772454cbdd2590c362c113a av_one_half  avia-builder-el-34  el_after_av_one_half  avia-builder-el-last  flex_column_div av-zero-column-padding  '     ><section  class='av_textblock_section av-m8skxq-f8e5ef50bef3e287a6bbbc1dc8ca6a47 '   itemscope=\"itemscope\" itemtype=\"https:\/\/schema.org\/CreativeWork\" ><div class='avia_textblock'  itemprop=\"text\" ><p style=\"text-align: center;\">Ja j\u016bsu WordPress\/WooCommerce lapu ir gr\u016bti uztur\u0113t, iepriek\u0161\u0113jais izstr\u0101d\u0101t\u0101js vairs nav pieejams vai p\u0113c katra atjaunin\u0101juma ir bail kaut ko salauzt \u2013 m\u0113s varam p\u0101r\u0146emt tehnisko uztur\u0113\u0161anu.<\/p>\n<\/div><\/section><br \/>\n<section  class='av_textblock_section av-ud06cf-4b5805b5f8d8a0b9cebf593bd89b4b16 '   itemscope=\"itemscope\" itemtype=\"https:\/\/schema.org\/CreativeWork\" ><div class='avia_textblock'  itemprop=\"text\" ><p style=\"text-align: center;\">Atbalsta ikm\u0113ne\u0161a maksa ir 50 EUR m\u0113nes\u012b + PVN. Veicot apmaksu par vienu gadu 500 EUR + PVN. Aizpildiet formu un m\u0113s sniegsim jums bezmaksas konsult\u0101ciju un pied\u0101v\u0101sim optim\u0101l\u0101ko risin\u0101jumu j\u016bsu projektam.  <\/p>\n<\/div><\/section><\/p><\/div><\/p>\n","protected":false},"excerpt":{"rendered":"","protected":false},"author":1,"featured_media":0,"parent":26079,"menu_order":0,"comment_status":"closed","ping_status":"closed","template":"","meta":{"footnotes":""},"class_list":["post-39164","page","type-page","status-publish","hentry"],"_links":{"self":[{"href":"https:\/\/coma.lv\/lv\/wp-json\/wp\/v2\/pages\/39164","targetHints":{"allow":["GET"]}}],"collection":[{"href":"https:\/\/coma.lv\/lv\/wp-json\/wp\/v2\/pages"}],"about":[{"href":"https:\/\/coma.lv\/lv\/wp-json\/wp\/v2\/types\/page"}],"author":[{"embeddable":true,"href":"https:\/\/coma.lv\/lv\/wp-json\/wp\/v2\/users\/1"}],"replies":[{"embeddable":true,"href":"https:\/\/coma.lv\/lv\/wp-json\/wp\/v2\/comments?post=39164"}],"version-history":[{"count":2,"href":"https:\/\/coma.lv\/lv\/wp-json\/wp\/v2\/pages\/39164\/revisions"}],"predecessor-version":[{"id":39166,"href":"https:\/\/coma.lv\/lv\/wp-json\/wp\/v2\/pages\/39164\/revisions\/39166"}],"up":[{"embeddable":true,"href":"https:\/\/coma.lv\/lv\/wp-json\/wp\/v2\/pages\/26079"}],"wp:attachment":[{"href":"https:\/\/coma.lv\/lv\/wp-json\/wp\/v2\/media?parent=39164"}],"curies":[{"name":"wp","href":"https:\/\/api.w.org\/{rel}","templated":true}]}}