{"id":33478,"date":"2024-08-26T15:46:35","date_gmt":"2024-08-26T12:46:35","guid":{"rendered":"https:\/\/coma.lv\/?page_id=33478"},"modified":"2026-03-12T23:32:30","modified_gmt":"2026-03-12T21:32:30","slug":"liaa-atbalsts-procesu-digitalizacijai","status":"publish","type":"page","link":"https:\/\/coma.lv\/lv\/services\/liaa-atbalsts-procesu-digitalizacijai\/","title":{"rendered":"LIAA atbalsts procesu digitaliz\u0101cijai"},"content":{"rendered":"\n<style type=\"text\/css\" data-created_by=\"avia_inline_auto\" id=\"style-css-av-159jsq5o-5de450f6e73b763896242486e6f97bb4\">\n.avia-section.av-159jsq5o-5de450f6e73b763896242486e6f97bb4{\nbackground-repeat:no-repeat;\nbackground-image:url(https:\/\/coma.lv\/wp-content\/uploads\/2018\/02\/laptop-white.jpg);\nbackground-position:50% 50%;\nbackground-attachment:scroll;\n}\n<\/style>\n<div id='av_section_1'  class='avia-section av-159jsq5o-5de450f6e73b763896242486e6f97bb4 main_color avia-section-no-padding avia-no-border-styling  avia-builder-el-0  el_before_av_section  avia-builder-el-first  avia-full-stretch avia-bg-style-scroll av-minimum-height av-minimum-height-50 av-height-50  container_wrap fullsize'  data-section-bg-repeat='stretch' data-av_minimum_height_pc='50' data-av_min_height_opt='50'><div class='container av-section-cont-open' ><main  role=\"main\" itemprop=\"mainContentOfPage\"  class='template-page content  av-content-full alpha units'><div class='post-entry post-entry-type-page post-entry-33478'><div class='entry-content-wrapper clearfix'>\n\n<style type=\"text\/css\" data-created_by=\"avia_inline_auto\" id=\"style-css-av-kl6za4ev-d871f90ade9b6ae394a38ad5827e795e\">\n#top .av-special-heading.av-kl6za4ev-d871f90ade9b6ae394a38ad5827e795e{\npadding-bottom:60px;\nfont-size:40px;\n}\nbody .av-special-heading.av-kl6za4ev-d871f90ade9b6ae394a38ad5827e795e .av-special-heading-tag .heading-char{\nfont-size:25px;\n}\n#top #wrap_all .av-special-heading.av-kl6za4ev-d871f90ade9b6ae394a38ad5827e795e .av-special-heading-tag{\nfont-size:40px;\n}\n.av-special-heading.av-kl6za4ev-d871f90ade9b6ae394a38ad5827e795e .av-subheading{\nfont-size:25px;\n}\n\n@media only screen and (min-width: 480px) and (max-width: 767px){ \n#top #wrap_all .av-special-heading.av-kl6za4ev-d871f90ade9b6ae394a38ad5827e795e .av-special-heading-tag{\nfont-size:0.8em;\n}\n}\n\n@media only screen and (max-width: 479px){ \n#top #wrap_all .av-special-heading.av-kl6za4ev-d871f90ade9b6ae394a38ad5827e795e .av-special-heading-tag{\nfont-size:0.8em;\n}\n}\n<\/style>\n<div  class='av-special-heading av-kl6za4ev-d871f90ade9b6ae394a38ad5827e795e av-special-heading-h1 blockquote modern-quote modern-centered  avia-builder-el-1  el_before_av_button  avia-builder-el-first  av-inherit-size av-linked-heading'><h1 class='av-special-heading-tag '  itemprop=\"headline\"  >LIAA digitaliz\u0101cijas atbalsts uz\u0146\u0113mumiem<\/h1><div class='av-subheading av-subheading_below'><p>Atjaunots 07.2025<\/p>\n<\/div><div class=\"special-heading-border\"><div class=\"special-heading-inner-border\"><\/div><\/div><\/div>\n<div  class='avia-button-wrap av-kjydzrtc-39e479264c4795833fa99df2d43353f6-wrap avia-button-center  avia-builder-el-2  el_after_av_heading  avia-builder-el-last '>\n<style type=\"text\/css\" data-created_by=\"avia_inline_auto\" id=\"style-css-av-kjydzrtc-39e479264c4795833fa99df2d43353f6\">\n#top #wrap_all .avia-button.av-kjydzrtc-39e479264c4795833fa99df2d43353f6{\nbackground-color:#b48e5f;\nborder-color:#b48e5f;\ncolor:#ffffff;\ntransition:all 0.4s ease-in-out;\n}\n#top #wrap_all .avia-button.av-kjydzrtc-39e479264c4795833fa99df2d43353f6 .avia-svg-icon svg:first-child{\nfill:#ffffff;\nstroke:#ffffff;\n}\n<\/style>\n<a href='https:\/\/coma.lv\/lv\/contacts\/'  class='avia-button av-kjydzrtc-39e479264c4795833fa99df2d43353f6 av-link-btn avia-icon_select-no avia-size-large avia-position-center'   aria-label=\"Pieteikties konsult\u0101cijai\"><span class='avia_iconbox_title' >Pieteikties konsult\u0101cijai<\/span><\/a><\/div>\n\n<\/div><\/div><\/main><!-- close content main element --><\/div><\/div>\n<style type=\"text\/css\" data-created_by=\"avia_inline_auto\" id=\"style-css-av-31k712e-6bbc5cd305eb14c38caea751a4a9324c\">\n.avia-section.av-31k712e-6bbc5cd305eb14c38caea751a4a9324c{\nbackground-repeat:no-repeat;\nbackground-image:url(https:\/\/coma.lv\/wp-content\/uploads\/2018\/02\/laptop-white.jpg);\nbackground-position:50% 50%;\nbackground-attachment:scroll;\n}\n<\/style>\n<div id='av_section_2'  class='avia-section av-31k712e-6bbc5cd305eb14c38caea751a4a9324c main_color avia-section-no-padding avia-no-border-styling  avia-builder-el-3  el_after_av_section  el_before_av_section  avia-full-stretch avia-bg-style-scroll av-minimum-height av-minimum-height-50 av-height-50  container_wrap fullsize'  data-section-bg-repeat='stretch' data-av_minimum_height_pc='50' data-av_min_height_opt='50'><div class='container av-section-cont-open' ><div class='template-page content  av-content-full alpha units'><div class='post-entry post-entry-type-page post-entry-33478'><div class='entry-content-wrapper clearfix'>\n\n<style type=\"text\/css\" data-created_by=\"avia_inline_auto\" id=\"style-css-av-mta1om-03fb91139293fd8b2409a2b17a4a7963\">\n#top .hr.hr-invisible.av-mta1om-03fb91139293fd8b2409a2b17a4a7963{\nheight:50px;\n}\n<\/style>\n<div  class='hr av-mta1om-03fb91139293fd8b2409a2b17a4a7963 hr-invisible  avia-builder-el-4  el_before_av_textblock  avia-builder-el-first '><span class='hr-inner '><span class=\"hr-inner-style\"><\/span><\/span><\/div>\n<section  class='av_textblock_section av-m0azpaca-433784eb0b4c72d9271d164ac8e3a94f '   itemscope=\"itemscope\" itemtype=\"https:\/\/schema.org\/CreativeWork\" ><div class='avia_textblock'  itemprop=\"text\" ><p style=\"text-align: center;\"><em>M\u0113s pied\u0101v\u0101jam ar\u012b pilnu <a title=\"WordPress izstr\u0101d\u0101t\u0101js R\u012bg\u0101\" href=\"https:\/\/coma.lv\/lv\/wordpress-izstrade\/\">WordPress m\u0101jaslapas izstr\u0101di<\/a> \u0101rpus LIAA programmas.<\/em><\/p>\n<\/div><\/section>\n\n<style type=\"text\/css\" data-created_by=\"avia_inline_auto\" id=\"style-css-av-136n1eu-db7290b1e24abc3bef0a4518676d70c9\">\n#top .hr.hr-invisible.av-136n1eu-db7290b1e24abc3bef0a4518676d70c9{\nheight:50px;\n}\n<\/style>\n<div  class='hr av-136n1eu-db7290b1e24abc3bef0a4518676d70c9 hr-invisible  avia-builder-el-6  el_after_av_textblock  el_before_av_textblock '><span class='hr-inner '><span class=\"hr-inner-style\"><\/span><\/span><\/div>\n<section  class='av_textblock_section av-udfaau-bd80121f383d07a5a4c78c8e82d75960 '   itemscope=\"itemscope\" itemtype=\"https:\/\/schema.org\/CreativeWork\" ><div class='avia_textblock'  itemprop=\"text\" ><p>Latvijas Invest\u012bciju un att\u012bst\u012bbas a\u0123ent\u016bra (LIAA) pied\u0101v\u0101 finansi\u0101lu atbalstu digitaliz\u0101cijas projektiem \u2013 l\u012bdz 10 000 EUR, neizmantojot m\u0101ksl\u012bgo intelektu.<\/p>\n<h2>Finans\u0113juma apjoms<\/h2>\n<ul>\n<li>Mikro un mazie komersanti \u2013 l\u012bdz 50% no projekta izmaks\u0101m.<\/li>\n<\/ul>\n<p><em> Piem\u0113rs: ja projekta izmaksas ir 12 000 EUR, LIAA segs 6 000 EUR.<\/em><\/p>\n<ul>\n<li>Vid\u0113jie komersanti \u2013 l\u012bdz 40% no projekta izmaks\u0101m.<\/li>\n<\/ul>\n<h2>K\u0101 noteikt sava uz\u0146\u0113muma statusu<\/h2>\n<p>Uz\u0146\u0113muma statuss ir atkar\u012bgs no saist\u012btaj\u0101m person\u0101m.<br \/>\nPla\u0161\u0101ku inform\u0101ciju un deklar\u0101ciju veidlapas var atrast LIAA m\u0101jaslap\u0101:<br \/>\n<a href=\"https:\/\/www.liaa.gov.lv\/lv\/programmas\/noderigi\/maza-videja-komersanta-statuss\" target=\"_blank\" rel=\"noopener\">Noskaidrot uz\u0146\u0113muma statusu<\/a><\/p>\n<h2>Atbalsta sa\u0146em\u0161anas so\u013ci<\/h2>\n<ol>\n<li>Sagatavojiet tehnisko uzdevumu un nos\u016btiet to vair\u0101k\u0101m IT komp\u0101nij\u0101m nov\u0113rt\u0113\u0161anai.<\/li>\n<\/ol>\n<ul>\n<li style=\"list-style-type: none;\">\n<ul>\n<li>Nepiecie\u0161ams sa\u0146emt vismaz <strong>3 komerci\u0101los pied\u0101v\u0101jumus<\/strong> (rakstisk\u0101 form\u0101).<\/li>\n<li>Izv\u0113l\u0113tajam izstr\u0101d\u0101t\u0101jam j\u0101sniedz izdev\u012bg\u0101kais vai pamatoti lab\u0101kais risin\u0101jums.<\/li>\n<\/ul>\n<\/li>\n<\/ul>\n<ol start=\"2\">\n<li>Iesniedziet pieteikumu caur <a href=\"https:\/\/business.gov.lv\/\" target=\"_blank\" rel=\"noopener\">business.gov.lv<\/a>.<br \/>\nAr pieteikuma veidlapu var iepaz\u012bties <a href=\"https:\/\/business.gov.lv\/sites\/default\/files\/cms_uploads\/1.pielikums_Pieteikuma_veidlapa_1.pdf\" target=\"_blank\" rel=\"noopener\">\u0161eit<\/a>.<\/li>\n<li>LIAA izskata pieteikumu viena m\u0113ne\u0161a laik\u0101. Pozit\u012bva l\u0113muma gad\u012bjum\u0101 tiek parakst\u012bts l\u012bgums.<br \/>\n<a href=\"https:\/\/business.gov.lv\/sites\/default\/files\/cms_uploads\/Ligums_ERAF_DIGI.pdf\" target=\"_blank\" rel=\"noopener\">L\u012bguma paraugs<\/a><\/li>\n<li>P\u0113c l\u012bguma nosl\u0113g\u0161anas var parakst\u012bt l\u012bgumu ar izstr\u0101d\u0101t\u0101ju un s\u0101kt projekta \u012bsteno\u0161anu.<\/li>\n<li>P\u0113c projekta pabeig\u0161anas:<\/li>\n<\/ol>\n<ul>\n<li style=\"list-style-type: none;\">\n<ul>\n<li>tiek parakst\u012bts pie\u0146em\u0161anas-nodo\u0161anas akts,<\/li>\n<li>tiek apmaks\u012bts izstr\u0101d\u0101t\u0101ja r\u0113\u0137ins,<\/li>\n<li>tiek iesniegts piepras\u012bjums LIAA par izmaksu seg\u0161anu.<\/li>\n<\/ul>\n<\/li>\n<\/ul>\n<h2>Nepiecie\u0161amie dokumenti finans\u0113juma sa\u0146em\u0161anai<\/h2>\n<ul>\n<li>izstr\u0101d\u0101t\u0101ju cenu pied\u0101v\u0101jumi<\/li>\n<li>l\u012bgums ar izv\u0113l\u0113to izstr\u0101d\u0101t\u0101ju<\/li>\n<li>r\u0113\u0137ins un maks\u0101juma apliecin\u0101jums<\/li>\n<li>pie\u0146em\u0161anas-nodo\u0161anas akts, atskaite par paveikto darbu (apraksts, att\u0113li, sertifik\u0101ti u. c.)<\/li>\n<li>gr\u0101matved\u012bbas dokumenti (kontu pl\u0101ns, dar\u012bjumu kart\u012btes)<\/li>\n<li>apliecin\u0101jums par intere\u0161u konflikta neesam\u012bbu<\/li>\n<\/ul>\n<h2>Svar\u012bgi nosac\u012bjumi<\/h2>\n<ul>\n<li>uz\u0146\u0113mumam nedr\u012bkst b\u016bt noteiktas sankcijas<\/li>\n<li>nodok\u013cu par\u0101ds nedr\u012bkst p\u0101rsniegt 150 EUR<\/li>\n<li>uz\u0146\u0113mums nedr\u012bkst p\u0101rst\u0101v\u0113t nozari, kuru LIAA neatbalsta<\/li>\n<\/ul>\n<\/div><\/section>\n\n<style type=\"text\/css\" data-created_by=\"avia_inline_auto\" id=\"style-css-av-mls76ik7-56c14dee65522fa54e44e84736419e67\">\n#top .av-special-heading.av-mls76ik7-56c14dee65522fa54e44e84736419e67{\npadding-bottom:60px;\nfont-size:40px;\n}\nbody .av-special-heading.av-mls76ik7-56c14dee65522fa54e44e84736419e67 .av-special-heading-tag .heading-char{\nfont-size:25px;\n}\n#top #wrap_all .av-special-heading.av-mls76ik7-56c14dee65522fa54e44e84736419e67 .av-special-heading-tag{\nfont-size:40px;\n}\n.av-special-heading.av-mls76ik7-56c14dee65522fa54e44e84736419e67 .av-subheading{\nfont-size:25px;\n}\n\n@media only screen and (min-width: 480px) and (max-width: 767px){ \n#top #wrap_all .av-special-heading.av-mls76ik7-56c14dee65522fa54e44e84736419e67 .av-special-heading-tag{\nfont-size:0.8em;\n}\n}\n\n@media only screen and (max-width: 479px){ \n#top #wrap_all .av-special-heading.av-mls76ik7-56c14dee65522fa54e44e84736419e67 .av-special-heading-tag{\nfont-size:0.8em;\n}\n}\n<\/style>\n<div  class='av-special-heading av-mls76ik7-56c14dee65522fa54e44e84736419e67 av-special-heading-h2 blockquote modern-quote modern-centered  avia-builder-el-8  el_after_av_textblock  el_before_av_toggle_container  av-inherit-size av-linked-heading'><h2 class='av-special-heading-tag '  itemprop=\"headline\"  >Bie\u017e\u0101k uzdotie jaut\u0101jumi<\/h2><div class=\"special-heading-border\"><div class=\"special-heading-inner-border\"><\/div><\/div><\/div>\n<div  class='togglecontainer av-mls7632i-6b621c5558ac5a3024df186437eb97e4  avia-builder-el-9  el_after_av_heading  avia-builder-el-last  toggle_close_all'  itemscope=\"itemscope\" itemtype=\"https:\/\/schema.org\/FAQPage\" >\n<section class='av_toggle_section av-mls770w5-26ea5999ba6454bab5c4602d67f36be4'  itemscope=\"itemscope\" itemprop=\"mainEntity\" itemtype=\"https:\/\/schema.org\/Question\" ><div role=\"tablist\" class=\"single_toggle\" data-tags=\"{Visi} \"  ><p id='toggle-toggle-id-1' data-fake-id='#toggle-id-1' class='toggler  av-title-above '  itemprop=\"name\"  role='tab' tabindex='0' aria-controls='toggle-id-1' data-slide-speed=\"200\" data-title=\"Cik liels ir LIAA atbalsts procesu digitaliz\u0101cijai?\" data-title-open=\"\" data-aria_collapsed=\"Click to expand: Cik liels ir LIAA atbalsts procesu digitaliz\u0101cijai?\" data-aria_expanded=\"Click to collapse: Cik liels ir LIAA atbalsts procesu digitaliz\u0101cijai?\">Cik liels ir LIAA atbalsts procesu digitaliz\u0101cijai?<span class=\"toggle_icon\"><span class=\"vert_icon\"><\/span><span class=\"hor_icon\"><\/span><\/span><\/p><div id='toggle-id-1' aria-labelledby='toggle-toggle-id-1' role='region' class='toggle_wrap  av-title-above'   itemscope=\"itemscope\" itemprop=\"acceptedAnswer\" itemtype=\"https:\/\/schema.org\/Answer\" ><div class='toggle_content invers-color '  itemprop=\"text\" ><p>LIAA pied\u0101v\u0101 finansi\u0101lu atbalstu l\u012bdz 10 000 EUR. Mikro un mazie komersanti var sa\u0146emt l\u012bdz 50% no projekta izmaks\u0101m, vid\u0113jie komersanti \u2014 l\u012bdz 40%.<\/p>\n<\/div><\/div><\/div><\/section>\n<section class='av_toggle_section av-mls77dnl-eb5c17fc3e0c5d8104743e58108f221b'  itemscope=\"itemscope\" itemprop=\"mainEntity\" itemtype=\"https:\/\/schema.org\/Question\" ><div role=\"tablist\" class=\"single_toggle\" data-tags=\"{Visi} \"  ><p id='toggle-toggle-id-2' data-fake-id='#toggle-id-2' class='toggler  av-title-above '  itemprop=\"name\"  role='tab' tabindex='0' aria-controls='toggle-id-2' data-slide-speed=\"200\" data-title=\"Kas var pieteikties LIAA digitaliz\u0101cijas atbalstam?\" data-title-open=\"\" data-aria_collapsed=\"Click to expand: Kas var pieteikties LIAA digitaliz\u0101cijas atbalstam?\" data-aria_expanded=\"Click to collapse: Kas var pieteikties LIAA digitaliz\u0101cijas atbalstam?\">Kas var pieteikties LIAA digitaliz\u0101cijas atbalstam?<span class=\"toggle_icon\"><span class=\"vert_icon\"><\/span><span class=\"hor_icon\"><\/span><\/span><\/p><div id='toggle-id-2' aria-labelledby='toggle-toggle-id-2' role='region' class='toggle_wrap  av-title-above'   itemscope=\"itemscope\" itemprop=\"acceptedAnswer\" itemtype=\"https:\/\/schema.org\/Answer\" ><div class='toggle_content invers-color '  itemprop=\"text\" ><p>LIAA digitaliz\u0101cijas atbalstam var pieteikties Latvij\u0101 re\u0123istr\u0113ti mikro, mazie un vid\u0113jie komersanti (MVU), kuriem nav nodok\u013cu par\u0101du virs 150 EUR un nav noteiktas sankcijas.<\/p>\n<\/div><\/div><\/div><\/section>\n<section class='av_toggle_section av-mls78by1-24d759b2f61cab290dffd623c800fe25'  itemscope=\"itemscope\" itemprop=\"mainEntity\" itemtype=\"https:\/\/schema.org\/Question\" ><div role=\"tablist\" class=\"single_toggle\" data-tags=\"{Visi} \"  ><p id='toggle-toggle-id-3' data-fake-id='#toggle-id-3' class='toggler  av-title-above '  itemprop=\"name\"  role='tab' tabindex='0' aria-controls='toggle-id-3' data-slide-speed=\"200\" data-title=\"Vai m\u0101jas lapas vai e-veikala izstr\u0101de ir attiecin\u0101ms izdevums?\" data-title-open=\"\" data-aria_collapsed=\"Click to expand: Vai m\u0101jas lapas vai e-veikala izstr\u0101de ir attiecin\u0101ms izdevums?\" data-aria_expanded=\"Click to collapse: Vai m\u0101jas lapas vai e-veikala izstr\u0101de ir attiecin\u0101ms izdevums?\">Vai m\u0101jas lapas vai e-veikala izstr\u0101de ir attiecin\u0101ms izdevums?<span class=\"toggle_icon\"><span class=\"vert_icon\"><\/span><span class=\"hor_icon\"><\/span><\/span><\/p><div id='toggle-id-3' aria-labelledby='toggle-toggle-id-3' role='region' class='toggle_wrap  av-title-above'   itemscope=\"itemscope\" itemprop=\"acceptedAnswer\" itemtype=\"https:\/\/schema.org\/Answer\" ><div class='toggle_content invers-color '  itemprop=\"text\" ><p>J\u0101. WordPress m\u0101jas lapas, e-komercijas risin\u0101juma (WooCommerce) un biznesa procesu digitaliz\u0101cijas izstr\u0101de ietilpst LIAA atbalst\u0101maj\u0101s darb\u012bb\u0101s.<\/p>\n<\/div><\/div><\/div><\/section>\n<section class='av_toggle_section av-mls78ozv-e19852150c4d44152a0fc6ae51ed2389'  itemscope=\"itemscope\" itemprop=\"mainEntity\" itemtype=\"https:\/\/schema.org\/Question\" ><div role=\"tablist\" class=\"single_toggle\" data-tags=\"{Visi} \"  ><p id='toggle-toggle-id-4' data-fake-id='#toggle-id-4' class='toggler  av-title-above '  itemprop=\"name\"  role='tab' tabindex='0' aria-controls='toggle-id-4' data-slide-speed=\"200\" data-title=\"Cik ilgs ir LIAA pieteikuma izskat\u012b\u0161anas process?\" data-title-open=\"\" data-aria_collapsed=\"Click to expand: Cik ilgs ir LIAA pieteikuma izskat\u012b\u0161anas process?\" data-aria_expanded=\"Click to collapse: Cik ilgs ir LIAA pieteikuma izskat\u012b\u0161anas process?\">Cik ilgs ir LIAA pieteikuma izskat\u012b\u0161anas process?<span class=\"toggle_icon\"><span class=\"vert_icon\"><\/span><span class=\"hor_icon\"><\/span><\/span><\/p><div id='toggle-id-4' aria-labelledby='toggle-toggle-id-4' role='region' class='toggle_wrap  av-title-above'   itemscope=\"itemscope\" itemprop=\"acceptedAnswer\" itemtype=\"https:\/\/schema.org\/Answer\" ><div class='toggle_content invers-color '  itemprop=\"text\" ><p>LIAA izskata pieteikumu viena m\u0113ne\u0161a laik\u0101. Pozit\u012bva l\u0113muma gad\u012bjum\u0101 tiek parakst\u012bts l\u012bgums, p\u0113c kura var uzs\u0101kt projekta \u012bsteno\u0161anu.<\/p>\n<\/div><\/div><\/div><\/section>\n<section class='av_toggle_section av-mls79d9r-ccd2b0c6f990376bfef64923e5c4ca71'  itemscope=\"itemscope\" itemprop=\"mainEntity\" itemtype=\"https:\/\/schema.org\/Question\" ><div role=\"tablist\" class=\"single_toggle\" data-tags=\"{Visi} \"  ><p id='toggle-toggle-id-5' data-fake-id='#toggle-id-5' class='toggler  av-title-above '  itemprop=\"name\"  role='tab' tabindex='0' aria-controls='toggle-id-5' data-slide-speed=\"200\" data-title=\"K\u0101dus dokumentus nepiecie\u0161ams sagatavot pieteik\u0161anai?\" data-title-open=\"\" data-aria_collapsed=\"Click to expand: K\u0101dus dokumentus nepiecie\u0161ams sagatavot pieteik\u0161anai?\" data-aria_expanded=\"Click to collapse: K\u0101dus dokumentus nepiecie\u0161ams sagatavot pieteik\u0161anai?\">K\u0101dus dokumentus nepiecie\u0161ams sagatavot pieteik\u0161anai?<span class=\"toggle_icon\"><span class=\"vert_icon\"><\/span><span class=\"hor_icon\"><\/span><\/span><\/p><div id='toggle-id-5' aria-labelledby='toggle-toggle-id-5' role='region' class='toggle_wrap  av-title-above'   itemscope=\"itemscope\" itemprop=\"acceptedAnswer\" itemtype=\"https:\/\/schema.org\/Answer\" ><div class='toggle_content invers-color '  itemprop=\"text\" ><p>Pieteikumam nepiecie\u0161ami vismaz 3 cenu pied\u0101v\u0101jumi no da\u017e\u0101diem IT pieg\u0101d\u0101t\u0101jiem, tehniskais uzdevums, uz\u0146\u0113muma statusa apliecin\u0101jums, r\u0113\u0137ins un pie\u0146em\u0161anas-nodo\u0161anas akts.<\/p>\n<\/div><\/div><\/div><\/section>\n<section class='av_toggle_section av-mls79so6-e4d4722009d34e4f0622cb6dbb664c91'  itemscope=\"itemscope\" itemprop=\"mainEntity\" itemtype=\"https:\/\/schema.org\/Question\" ><div role=\"tablist\" class=\"single_toggle\" data-tags=\"{Visi} \"  ><p id='toggle-toggle-id-6' data-fake-id='#toggle-id-6' class='toggler  av-title-above '  itemprop=\"name\"  role='tab' tabindex='0' aria-controls='toggle-id-6' data-slide-speed=\"200\" data-title=\"Vai Coma pal\u012bdz ar LIAA pieteikumu un dokument\u0101ciju?\" data-title-open=\"\" data-aria_collapsed=\"Click to expand: Vai Coma pal\u012bdz ar LIAA pieteikumu un dokument\u0101ciju?\" data-aria_expanded=\"Click to collapse: Vai Coma pal\u012bdz ar LIAA pieteikumu un dokument\u0101ciju?\">Vai Coma pal\u012bdz ar LIAA pieteikumu un dokument\u0101ciju?<span class=\"toggle_icon\"><span class=\"vert_icon\"><\/span><span class=\"hor_icon\"><\/span><\/span><\/p><div id='toggle-id-6' aria-labelledby='toggle-toggle-id-6' role='region' class='toggle_wrap  av-title-above'   itemscope=\"itemscope\" itemprop=\"acceptedAnswer\" itemtype=\"https:\/\/schema.org\/Answer\" ><div class='toggle_content invers-color '  itemprop=\"text\" ><p>J\u0101. M\u0113s pal\u012bdzam sagatavot tehnisko uzdevumu un komerci\u0101lo pied\u0101v\u0101jumu, kas nepiecie\u0161ams pieteikuma iesnieg\u0161anai. Sazinieties ar mums bezmaksas konsult\u0101cijai.<\/p>\n<\/div><\/div><\/div><\/section>\n<\/div>\n<\/div><\/div><\/div><!-- close content main div --><\/div><\/div><div id='av_section_3'  class='avia-section av-jgsxflf-eb527202ba6e0d196dcc27a837325112 main_color avia-section-default avia-no-border-styling  avia-builder-el-10  el_after_av_section  avia-builder-el-last  avia-bg-style-scroll container_wrap fullsize'  ><div class='container av-section-cont-open' ><div class='template-page content  av-content-full alpha units'><div class='post-entry post-entry-type-page post-entry-33478'><div class='entry-content-wrapper clearfix'>\n\n<style type=\"text\/css\" data-created_by=\"avia_inline_auto\" id=\"style-css-av-kl6zd86t-8ff8f20133fddc658822c5d24aec6f0b\">\n#top .av-special-heading.av-kl6zd86t-8ff8f20133fddc658822c5d24aec6f0b{\npadding-bottom:80px;\n}\nbody .av-special-heading.av-kl6zd86t-8ff8f20133fddc658822c5d24aec6f0b .av-special-heading-tag .heading-char{\nfont-size:25px;\n}\n.av-special-heading.av-kl6zd86t-8ff8f20133fddc658822c5d24aec6f0b .av-subheading{\nfont-size:15px;\n}\n<\/style>\n<div  class='av-special-heading av-kl6zd86t-8ff8f20133fddc658822c5d24aec6f0b av-special-heading-h2 blockquote modern-quote modern-centered  avia-builder-el-11  el_before_av_one_half  avia-builder-el-first  av-linked-heading'><h2 class='av-special-heading-tag '  itemprop=\"headline\"  >Sa\u0146emiet l\u012bdz 10 000 \u20ac biznesa digitaliz\u0101cijai kop\u0101 ar LIAA<\/h2><div class=\"special-heading-border\"><div class=\"special-heading-inner-border\"><\/div><\/div><\/div>\n\n<style type=\"text\/css\" data-created_by=\"avia_inline_auto\" id=\"style-css-av-c4up3mb-e597e0198cf689f0de79ce728f1b9e7e\">\n.flex_column.av-c4up3mb-e597e0198cf689f0de79ce728f1b9e7e{\nborder-radius:0px 0px 0px 0px;\npadding:0px 0px 0px 0px;\n}\n<\/style>\n<div  class='flex_column av-c4up3mb-e597e0198cf689f0de79ce728f1b9e7e av_one_half  avia-builder-el-12  el_after_av_heading  el_before_av_one_half  first flex_column_div av-zero-column-padding  '     ><p><form action=\"https:\/\/coma.lv\/lv\/services\/liaa-atbalsts-procesu-digitalizacijai\/\" method=\"post\" data-fields-with-error=\"Found errors in the following field(s):\" class=\"avia_ajax_form av-form-labels-hidden   avia-builder-el-13  el_before_av_hr  avia-builder-el-first   \" data-avia-form-id=\"1\" data-avia-redirect='' ><fieldset><p class='  first_form  form_element form_element_half' id='element_avia_1_1'><label for=\"avia_1_1\">V\u0101rds <abbr class=\"required\" title=\"required\">*<\/abbr><\/label> <input name=\"avia_1_1\" class=\"text_input is_empty\" type=\"text\" id=\"avia_1_1\" value=\"\"  placeholder='V\u0101rds*'\/><\/p><p class='  form_element form_element_half' id='element_avia_2_1'><label for=\"avia_2_1\">E-pasts <abbr class=\"required\" title=\"required\">*<\/abbr><\/label> <input name=\"avia_2_1\" class=\"text_input is_email\" type=\"text\" id=\"avia_2_1\" value=\"\"  placeholder='E-pasts*'\/><\/p><p class='  first_form  form_element form_element_half' id='element_avia_3_1'><label for=\"avia_3_1\">\u0422\u0101lr. nr. <abbr class=\"required\" title=\"required\">*<\/abbr><\/label> <input name=\"avia_3_1\" class=\"text_input is_phone\" type=\"text\" id=\"avia_3_1\" value=\"\"  placeholder='\u0422\u0101lr. nr.*'\/><\/p><p class='  form_element form_element_half' id='element_avia_4_1'><label for=\"avia_4_1\">Uz\u0146\u0113muma nosaukums <abbr class=\"required\" title=\"required\">*<\/abbr><\/label> <input name=\"avia_4_1\" class=\"text_input is_empty\" type=\"text\" id=\"avia_4_1\" value=\"\"  placeholder='Uz\u0146\u0113muma nosaukums*'\/><\/p><p class='  first_form  form_element form_fullwidth av-last-visible-form-element' id='element_avia_5_1'><label for=\"avia_5_1\" class=\"textare_label hidden textare_label_avia_5_1\">Zi\u0146ojums <abbr class=\"required\" title=\"required\">*<\/abbr><\/label><textarea  placeholder='Zi\u0146ojums*' name=\"avia_5_1\" class=\"text_area is_empty\" cols=\"40\" rows=\"7\" id=\"avia_5_1\" ><\/textarea><\/p><p class=\"hidden\"><input type=\"text\" name=\"avia_6_1\" class=\"hidden \" id=\"avia_6_1\" value=\"\" \/><\/p><p class=\"form_element \"><input type=\"hidden\" value=\"1\" name=\"avia_generated_form1\" \/><input type=\"submit\" value=\"Nos\u016bt\u012bt\" class=\"button\"  data-sending-label=\"Sending\"\/><\/p><\/fieldset><\/form><div id=\"ajaxresponse_1\" class=\"ajaxresponse ajaxresponse_1 hidden\"><\/div><br \/>\n\n<style type=\"text\/css\" data-created_by=\"avia_inline_auto\" id=\"style-css-av-xnldjn-0a48cd2250301f1dbb29703e8989f9c3\">\n#top .hr.hr-invisible.av-xnldjn-0a48cd2250301f1dbb29703e8989f9c3{\nheight:30px;\n}\n<\/style>\n<div  class='hr av-xnldjn-0a48cd2250301f1dbb29703e8989f9c3 hr-invisible  avia-builder-el-14  el_after_av_contact  avia-builder-el-last '><span class='hr-inner '><span class=\"hr-inner-style\"><\/span><\/span><\/div><\/p><\/div>\n<style type=\"text\/css\" data-created_by=\"avia_inline_auto\" id=\"style-css-av-c4up3mb-7-ff4d377e34761e336d61ea0b277bfe9a\">\n.flex_column.av-c4up3mb-7-ff4d377e34761e336d61ea0b277bfe9a{\nborder-radius:0px 0px 0px 0px;\npadding:0px 0px 0px 0px;\n}\n<\/style>\n<div  class='flex_column av-c4up3mb-7-ff4d377e34761e336d61ea0b277bfe9a av_one_half  avia-builder-el-15  el_after_av_one_half  avia-builder-el-last  flex_column_div av-zero-column-padding  '     ><section  class='av_textblock_section av-m8skxq-f8e5ef50bef3e287a6bbbc1dc8ca6a47 '   itemscope=\"itemscope\" itemtype=\"https:\/\/schema.org\/CreativeWork\" ><div class='avia_textblock'  itemprop=\"text\" ><p style=\"text-align: left;\">Aizpildiet formu un sa\u0146emiet bezmaksas konsult\u0101ciju par to, k\u0101 izmantot LIAA programmu j\u016bsu biznesa digitaliz\u0101cijai.<\/p>\n<\/div><\/section><\/div>\n<\/p>\n","protected":false},"excerpt":{"rendered":"","protected":false},"author":1,"featured_media":0,"parent":26079,"menu_order":0,"comment_status":"closed","ping_status":"closed","template":"","meta":{"footnotes":""},"class_list":["post-33478","page","type-page","status-publish","hentry"],"_links":{"self":[{"href":"https:\/\/coma.lv\/lv\/wp-json\/wp\/v2\/pages\/33478","targetHints":{"allow":["GET"]}}],"collection":[{"href":"https:\/\/coma.lv\/lv\/wp-json\/wp\/v2\/pages"}],"about":[{"href":"https:\/\/coma.lv\/lv\/wp-json\/wp\/v2\/types\/page"}],"author":[{"embeddable":true,"href":"https:\/\/coma.lv\/lv\/wp-json\/wp\/v2\/users\/1"}],"replies":[{"embeddable":true,"href":"https:\/\/coma.lv\/lv\/wp-json\/wp\/v2\/comments?post=33478"}],"version-history":[{"count":5,"href":"https:\/\/coma.lv\/lv\/wp-json\/wp\/v2\/pages\/33478\/revisions"}],"predecessor-version":[{"id":38043,"href":"https:\/\/coma.lv\/lv\/wp-json\/wp\/v2\/pages\/33478\/revisions\/38043"}],"up":[{"embeddable":true,"href":"https:\/\/coma.lv\/lv\/wp-json\/wp\/v2\/pages\/26079"}],"wp:attachment":[{"href":"https:\/\/coma.lv\/lv\/wp-json\/wp\/v2\/media?parent=33478"}],"curies":[{"name":"wp","href":"https:\/\/api.w.org\/{rel}","templated":true}]}}