{"id":31108,"date":"2021-01-30T16:45:05","date_gmt":"2021-01-30T14:45:05","guid":{"rendered":"https:\/\/coma.lv\/?page_id=31108"},"modified":"2026-04-14T03:54:29","modified_gmt":"2026-04-14T00:54:29","slug":"shared-wordpress-hosting","status":"publish","type":"page","link":"https:\/\/coma.lv\/lv\/services\/shared-wordpress-hosting\/","title":{"rendered":"Dal\u012bts hostings WordPress vietn\u0113m"},"content":{"rendered":"\n<style type=\"text\/css\" data-created_by=\"avia_inline_auto\" id=\"style-css-av-bxpfpvt-67e2a0929c70e260220722b6cbab85de\">\n.avia-section.av-bxpfpvt-67e2a0929c70e260220722b6cbab85de{\nbackground-repeat:no-repeat;\nbackground-image:url(https:\/\/coma.lv\/wp-content\/uploads\/2018\/02\/laptop-white.jpg);\nbackground-position:50% 50%;\nbackground-attachment:scroll;\n}\n<\/style>\n<div id='av_section_1'  class='avia-section av-bxpfpvt-67e2a0929c70e260220722b6cbab85de main_color avia-section-default avia-no-border-styling  avia-builder-el-0  el_before_av_section  avia-builder-el-first  avia-full-stretch avia-bg-style-scroll av-minimum-height av-minimum-height-50 av-height-50  container_wrap fullsize'  data-section-bg-repeat='stretch' data-av_minimum_height_pc='50' data-av_min_height_opt='50'><div class='container av-section-cont-open' ><main  role=\"main\" itemprop=\"mainContentOfPage\"  class='template-page content  av-content-full alpha units'><div class='post-entry post-entry-type-page post-entry-31108'><div class='entry-content-wrapper clearfix'>\n\n<style type=\"text\/css\" data-created_by=\"avia_inline_auto\" id=\"style-css-av-kl6yzu47-037ec8f030d10231adacbd04f76b46cf\">\n#top .av-special-heading.av-kl6yzu47-037ec8f030d10231adacbd04f76b46cf{\npadding-bottom:0;\nfont-size:40px;\n}\nbody .av-special-heading.av-kl6yzu47-037ec8f030d10231adacbd04f76b46cf .av-special-heading-tag .heading-char{\nfont-size:25px;\n}\n#top #wrap_all .av-special-heading.av-kl6yzu47-037ec8f030d10231adacbd04f76b46cf .av-special-heading-tag{\nfont-size:40px;\n}\n.av-special-heading.av-kl6yzu47-037ec8f030d10231adacbd04f76b46cf .av-subheading{\nfont-size:15px;\n}\n\n@media only screen and (min-width: 480px) and (max-width: 767px){ \n#top #wrap_all .av-special-heading.av-kl6yzu47-037ec8f030d10231adacbd04f76b46cf .av-special-heading-tag{\nfont-size:0.8em;\n}\n}\n\n@media only screen and (max-width: 479px){ \n#top #wrap_all .av-special-heading.av-kl6yzu47-037ec8f030d10231adacbd04f76b46cf .av-special-heading-tag{\nfont-size:0.8em;\n}\n}\n<\/style>\n<div  class='av-special-heading av-kl6yzu47-037ec8f030d10231adacbd04f76b46cf av-special-heading-h1 blockquote modern-quote modern-centered  avia-builder-el-1  el_before_av_heading  avia-builder-el-first  av-inherit-size av-linked-heading'><h1 class='av-special-heading-tag '  itemprop=\"headline\"  > Dal\u012bts hostings WordPress vietn\u0113m<\/h1><div class=\"special-heading-border\"><div class=\"special-heading-inner-border\"><\/div><\/div><\/div>\n\n<style type=\"text\/css\" data-created_by=\"avia_inline_auto\" id=\"style-css-av-kl6z015k-142ffc0fd28b07adf0a6f9be02842149\">\n#top .av-special-heading.av-kl6z015k-142ffc0fd28b07adf0a6f9be02842149{\npadding-bottom:60px;\nfont-size:30px;\n}\nbody .av-special-heading.av-kl6z015k-142ffc0fd28b07adf0a6f9be02842149 .av-special-heading-tag .heading-char{\nfont-size:25px;\n}\n#top #wrap_all .av-special-heading.av-kl6z015k-142ffc0fd28b07adf0a6f9be02842149 .av-special-heading-tag{\nfont-size:30px;\n}\n.av-special-heading.av-kl6z015k-142ffc0fd28b07adf0a6f9be02842149 .av-subheading{\nfont-size:15px;\n}\n\n@media only screen and (min-width: 480px) and (max-width: 767px){ \n#top #wrap_all .av-special-heading.av-kl6z015k-142ffc0fd28b07adf0a6f9be02842149 .av-special-heading-tag{\nfont-size:0.8em;\n}\n}\n\n@media only screen and (max-width: 479px){ \n#top #wrap_all .av-special-heading.av-kl6z015k-142ffc0fd28b07adf0a6f9be02842149 .av-special-heading-tag{\nfont-size:0.8em;\n}\n}\n<\/style>\n<div  class='av-special-heading av-kl6z015k-142ffc0fd28b07adf0a6f9be02842149 av-special-heading-h2 blockquote modern-quote modern-centered  avia-builder-el-2  el_after_av_heading  el_before_av_button  av-inherit-size'><h2 class='av-special-heading-tag '  itemprop=\"headline\"  > \u013boti uzticams hostings WordPress vietn\u0113m ar 99,5% uptime garantiju<\/h2><div class=\"special-heading-border\"><div class=\"special-heading-inner-border\"><\/div><\/div><\/div>\n<div  class='avia-button-wrap av-kjtwfbnx-c1d570bc4bf7488a96c6c5a16f03fdde-wrap avia-button-center  avia-builder-el-3  el_after_av_heading  el_before_av_codeblock '>\n<style type=\"text\/css\" data-created_by=\"avia_inline_auto\" id=\"style-css-av-kjtwfbnx-c1d570bc4bf7488a96c6c5a16f03fdde\">\n#top #wrap_all .avia-button.av-kjtwfbnx-c1d570bc4bf7488a96c6c5a16f03fdde{\nbackground-color:#b48e5f;\nborder-color:#b48e5f;\ncolor:#ffffff;\ntransition:all 0.4s ease-in-out;\n}\n#top #wrap_all .avia-button.av-kjtwfbnx-c1d570bc4bf7488a96c6c5a16f03fdde .avia-svg-icon svg:first-child{\nfill:#ffffff;\nstroke:#ffffff;\n}\n<\/style>\n<a href='https:\/\/coma.lv\/lv\/contacts\/'  class='avia-button av-kjtwfbnx-c1d570bc4bf7488a96c6c5a16f03fdde av-link-btn avia-icon_select-no avia-size-large avia-position-center'   aria-label=\" Pas\u016bt\u012bt hostingu WordPress vietnei\"><span class='avia_iconbox_title' > Pas\u016bt\u012bt hostingu WordPress vietnei<\/span><\/a><\/div>\n\n<\/div><\/div><\/main><!-- close content main element --><\/div><\/div><div id='av_section_2'  class='avia-section av-8yasbu6-27fece0b888a1bfdf44f4573accbbd87 main_color avia-section-default avia-no-border-styling  avia-builder-el-5  el_after_av_section  el_before_av_section  avia-bg-style-scroll container_wrap fullsize'  ><div class='container av-section-cont-open' ><div class='template-page content  av-content-full alpha units'><div class='post-entry post-entry-type-page post-entry-31108'><div class='entry-content-wrapper clearfix'>\n\n<style type=\"text\/css\" data-created_by=\"avia_inline_auto\" id=\"style-css-av-kl6z0f1z-3028eed60801cfea2cdacb2e6079d8d2\">\n#top .av-special-heading.av-kl6z0f1z-3028eed60801cfea2cdacb2e6079d8d2{\npadding-bottom:20px;\n}\nbody .av-special-heading.av-kl6z0f1z-3028eed60801cfea2cdacb2e6079d8d2 .av-special-heading-tag .heading-char{\nfont-size:25px;\n}\n.av-special-heading.av-kl6z0f1z-3028eed60801cfea2cdacb2e6079d8d2 .av-subheading{\nfont-size:15px;\n}\n<\/style>\n<div  class='av-special-heading av-kl6z0f1z-3028eed60801cfea2cdacb2e6079d8d2 av-special-heading-h2 blockquote modern-quote  avia-builder-el-6  el_before_av_textblock  avia-builder-el-first '><h2 class='av-special-heading-tag '  itemprop=\"headline\"  > Kas ir dal\u012btais (shared) hostings?<\/h2><div class=\"special-heading-border\"><div class=\"special-heading-inner-border\"><\/div><\/div><\/div>\n<section  class='av_textblock_section av-jjhfk85e-ce8e9041e57aa0b967f9b37ecaf247a1 '   itemscope=\"itemscope\" itemtype=\"https:\/\/schema.org\/CreativeWork\" ><div class='avia_textblock'  itemprop=\"text\" ><p>Dal\u012bts vai virtu\u0101ls hostings ir viens no t\u012bmek\u013ca izvieto\u0161anas veidiem, kur\u0101 vien\u0101 un taj\u0101 pa\u0161\u0101 server\u012b tiek izvietotas vair\u0101kas vietnes. Citiem v\u0101rdiem sakot, klienti kop\u012bgi lieto servera resursus, kas ir pret\u0113js risin\u0101jums atsevi\u0161\u0137\u0101 server\u012b izvietotai vietnei. Tas ir daudz l\u0113t\u0101ks vietnes izvieto\u0161anas veids.<\/p>\n<p>Dal\u012btais hostings ir piem\u0113rots maziem projektiem, kuriem pa\u0161laik nav daudz apmekl\u0113t\u0101ju un kuriem nav nepiecie\u0161ams garant\u0113ts, augsts darb\u012bbas laiks. Izmantojot kop\u012bgu serveri, m\u0113s garant\u0113jam 99,5% darbsp\u0113ju.<\/p>\n<p>Ja jums ir e-komercija, liela datu pl\u016bsma vai jums ir nepiecie\u0161ams 99,9% darb\u012bbas laiks, iesak\u0101m <a href=\"https:\/\/coma.lv\/lv\/services\/wordpress-hosting\/\">m\u016bsu VPS hostingu<\/a>.<\/p>\n<\/div><\/section>\n<\/p>\n<\/div><\/div><\/div><!-- close content main div --><\/div><\/div><div id='av_section_3'  class='avia-section av-8yasbu6-27fece0b888a1bfdf44f4573accbbd87 main_color avia-section-default avia-no-border-styling  avia-builder-el-8  el_after_av_section  el_before_av_section  avia-bg-style-scroll container_wrap fullsize'  ><div class='container av-section-cont-open' ><div class='template-page content  av-content-full alpha units'><div class='post-entry post-entry-type-page post-entry-31108'><div class='entry-content-wrapper clearfix'>\n\n<style type=\"text\/css\" data-created_by=\"avia_inline_auto\" id=\"style-css-av-kl6z1lx6-b2004bf3fb106c729411da9317fda36d\">\n#top .av-special-heading.av-kl6z1lx6-b2004bf3fb106c729411da9317fda36d{\npadding-bottom:20px;\n}\nbody .av-special-heading.av-kl6z1lx6-b2004bf3fb106c729411da9317fda36d .av-special-heading-tag .heading-char{\nfont-size:25px;\n}\n.av-special-heading.av-kl6z1lx6-b2004bf3fb106c729411da9317fda36d .av-subheading{\nfont-size:15px;\n}\n<\/style>\n<div  class='av-special-heading av-kl6z1lx6-b2004bf3fb106c729411da9317fda36d av-special-heading-h2 blockquote modern-quote  avia-builder-el-9  el_before_av_textblock  avia-builder-el-first '><h2 class='av-special-heading-tag '  itemprop=\"headline\"  >Tehnisk\u0101 specifik\u0101cijas un cena<\/h2><div class=\"special-heading-border\"><div class=\"special-heading-inner-border\"><\/div><\/div><\/div>\n<section  class='av_textblock_section av-jjhfk85e-ce8e9041e57aa0b967f9b37ecaf247a1 '   itemscope=\"itemscope\" itemtype=\"https:\/\/schema.org\/CreativeWork\" ><div class='avia_textblock'  itemprop=\"text\" ><p>M\u0113s nekam nenosak\u0101m ierobe\u017eojumus, iz\u0146emot vietu disk\u0101. Par <strong>10 eur m\u0113nes\u012b vai 100 gad\u0101*<\/strong>\u00a0j\u016bs sa\u0146emsiet:<\/p>\n<ul>\n<li>SSD disku: 10 GB<\/li>\n<li>Plesk vad\u012bbas panelis<\/li>\n<li>Iesp\u0113ju izvietot 5 dom\u0113nus<\/li>\n<li>Neierobe\u017eotas datu b\u0101zes<\/li>\n<li>Bezmaksas e-pastu<\/li>\n<li>Bezmaksas SSL<\/li>\n<li>Neierobe\u017eotu apmekl\u0113t\u0101ju skaitu<\/li>\n<li>Regul\u0101rus dubl\u0113jumus<\/li>\n<li>DDoS aizsardz\u012bba<\/li>\n<\/ul>\n<p>*cenas norad\u012btas bez PVN.<\/p>\n<\/div><\/section>\n\n<\/div><\/div><\/div><!-- close content main div --><\/div><\/div><div id='av_section_4'  class='avia-section av-8yasbu6-27fece0b888a1bfdf44f4573accbbd87 main_color avia-section-default avia-no-border-styling  avia-builder-el-11  el_after_av_section  el_before_av_section  avia-bg-style-scroll container_wrap fullsize'  ><div class='container av-section-cont-open' ><div class='template-page content  av-content-full alpha units'><div class='post-entry post-entry-type-page post-entry-31108'><div class='entry-content-wrapper clearfix'>\n\n<style type=\"text\/css\" data-created_by=\"avia_inline_auto\" id=\"style-css-av-kl6z3xny-8fa97e5625248c5993ae588a1cdf5cc3\">\n#top .av-special-heading.av-kl6z3xny-8fa97e5625248c5993ae588a1cdf5cc3{\npadding-bottom:20px;\n}\nbody .av-special-heading.av-kl6z3xny-8fa97e5625248c5993ae588a1cdf5cc3 .av-special-heading-tag .heading-char{\nfont-size:25px;\n}\n.av-special-heading.av-kl6z3xny-8fa97e5625248c5993ae588a1cdf5cc3 .av-subheading{\nfont-size:15px;\n}\n<\/style>\n<div  class='av-special-heading av-kl6z3xny-8fa97e5625248c5993ae588a1cdf5cc3 av-special-heading-h2 blockquote modern-quote  avia-builder-el-12  el_before_av_textblock  avia-builder-el-first '><h2 class='av-special-heading-tag '  itemprop=\"headline\"  >Klienti, kuri jau izmanto m\u016bsu WordPress hostingu<\/h2><div class=\"special-heading-border\"><div class=\"special-heading-inner-border\"><\/div><\/div><\/div>\n<section  class='av_textblock_section av-jjhfk85e-3d2eca6e5b5eeee03785859c9309bc23 '   itemscope=\"itemscope\" itemtype=\"https:\/\/schema.org\/CreativeWork\" ><div class='avia_textblock'  itemprop=\"text\" ><p>\u0160eit ir da\u017ei no m\u016bsu klientiem, kuri ir uztic\u0113ju\u0161i mums savus projektus un piln\u012bb\u0101 izmanto m\u016bsu WordPress hostinga iesp\u0113jas.<\/p>\n<\/div><\/section>\n<div  class='avia-logo-element-container av-kjtw79b0-27bae10ea4c7be01eb05df3d80c5d69d av-border-deactivate avia-logo-grid avia-content-slider avia-smallarrow-slider avia-content-grid-active noHover avia-content-slider-odd  avia-builder-el-14  el_after_av_textblock  avia-builder-el-last  avia-content-slider1' ><div class='avia-smallarrow-slider-heading  no-logo-slider-heading '><div class='new-special-heading'>&nbsp;<\/div><\/div><div class=\"avia-content-slider-inner\"><div class=\"slide-entry-wrap\"><div  class='slide-entry av-1rgcltv-3cb1b34d6e38c0b2f3f128b3f8fda4e6 flex_column no_margin av_one_third real-thumbnail post-entry slide-entry-overview slide-loop-1 slide-parity-odd  first'><a href=\"https:\/\/www.naf.lv\/\" data-rel=\"slide-1\" class=\"slide-image\" title=\"\" target=\"_blank\" rel=\"noopener\"><span class='av-partner-fake-img' style='padding-bottom:66.7%; background-image:url(https:\/\/coma.lv\/wp-content\/uploads\/2021\/08\/naf.lv-min.jpg);'><\/span><\/a><\/div><div  class='slide-entry av-yw503n-7028f4b8185035c4bbf02e985e37992c flex_column no_margin av_one_third real-thumbnail post-entry slide-entry-overview slide-loop-2 slide-parity-even  '><a href=\"https:\/\/iorys.com\/\" data-rel=\"slide-1\" class=\"slide-image\" title=\"\" target=\"_blank\" rel=\"noopener\"><span class='av-partner-fake-img' style='padding-bottom:66.7%; background-image:url(https:\/\/coma.lv\/wp-content\/uploads\/2021\/08\/Iorys-min.jpg);'><\/span><\/a><\/div><div  class='slide-entry av-be1nn-dfd245f1385ebf866650690c3f0647dd flex_column no_margin av_one_third real-thumbnail post-entry slide-entry-overview slide-loop-3 slide-parity-odd post-entry-last '><a href=\"https:\/\/eurocoach.eu\/\" data-rel=\"slide-1\" class=\"slide-image\" title=\"\" target=\"_blank\" rel=\"noopener\"><span class='av-partner-fake-img' style='padding-bottom:66.7%; background-image:url(https:\/\/coma.lv\/wp-content\/uploads\/2020\/12\/ECF-min.jpg);'><\/span><\/a><\/div><\/div><\/div><\/div>\n\n<\/div><\/div><\/div><!-- close content main div --><\/div><\/div><div id='av_section_5'  class='avia-section av-8yasbu6-27fece0b888a1bfdf44f4573accbbd87 main_color avia-section-default avia-no-border-styling  avia-builder-el-15  el_after_av_section  el_before_av_section  avia-bg-style-scroll container_wrap fullsize'  ><div class='container av-section-cont-open' ><div class='template-page content  av-content-full alpha units'><div class='post-entry post-entry-type-page post-entry-31108'><div class='entry-content-wrapper clearfix'>\n\n<style type=\"text\/css\" data-created_by=\"avia_inline_auto\" id=\"style-css-av-kl6z4ctj-0ba2fe7786db80be7454d2ea8f744ee0\">\n#top .av-special-heading.av-kl6z4ctj-0ba2fe7786db80be7454d2ea8f744ee0{\npadding-bottom:20px;\n}\nbody .av-special-heading.av-kl6z4ctj-0ba2fe7786db80be7454d2ea8f744ee0 .av-special-heading-tag .heading-char{\nfont-size:25px;\n}\n.av-special-heading.av-kl6z4ctj-0ba2fe7786db80be7454d2ea8f744ee0 .av-subheading{\nfont-size:15px;\n}\n<\/style>\n<div  class='av-special-heading av-kl6z4ctj-0ba2fe7786db80be7454d2ea8f744ee0 av-special-heading-h2 blockquote modern-quote  avia-builder-el-16  el_before_av_textblock  avia-builder-el-first '><h2 class='av-special-heading-tag '  itemprop=\"headline\"  >Vai esat jau kaut kur izvietojis savu t\u012bmek\u013ca vietni?<\/h2><div class=\"special-heading-border\"><div class=\"special-heading-inner-border\"><\/div><\/div><\/div>\n<section  class='av_textblock_section av-jiaj66t4-d44da41fc1b89203d4706170ead17b20 '   itemscope=\"itemscope\" itemtype=\"https:\/\/schema.org\/CreativeWork\" ><div class='avia_textblock'  itemprop=\"text\" ><p>M\u016bsu in\u017eenieri da\u017eu stundu laik\u0101 bezmaksas p\u0101rnes\u012bs j\u016bsu WordPress vietnes uz m\u016bsu serveriem. P\u0101rne\u0161anas laik\u0101 j\u016bsu vietnes joproj\u0101m b\u016bs pieejamas apmekl\u0113t\u0101jiem.<\/p>\n<\/div><\/section>\n\n<\/div><\/div><\/div><!-- close content main div --><\/div><\/div><div id='contact'  class='avia-section av-3ik223y-6fc82caf8f1d53af5dd4f3d7e6976786 main_color avia-section-default avia-no-border-styling  avia-builder-el-18  el_after_av_section  avia-builder-el-last  avia-bg-style-scroll container_wrap fullsize'  ><div class='container av-section-cont-open' ><div class='template-page content  av-content-full alpha units'><div class='post-entry post-entry-type-page post-entry-31108'><div class='entry-content-wrapper clearfix'>\n\n<style type=\"text\/css\" data-created_by=\"avia_inline_auto\" id=\"style-css-av-kl6z4q9s-e948600353fcb36aa8e9dd3052118cd4\">\n#top .av-special-heading.av-kl6z4q9s-e948600353fcb36aa8e9dd3052118cd4{\npadding-bottom:40px;\n}\nbody .av-special-heading.av-kl6z4q9s-e948600353fcb36aa8e9dd3052118cd4 .av-special-heading-tag .heading-char{\nfont-size:25px;\n}\n.av-special-heading.av-kl6z4q9s-e948600353fcb36aa8e9dd3052118cd4 .av-subheading{\nfont-size:15px;\n}\n<\/style>\n<div  class='av-special-heading av-kl6z4q9s-e948600353fcb36aa8e9dd3052118cd4 av-special-heading-h2 blockquote modern-quote  avia-builder-el-19  el_before_av_button  avia-builder-el-first '><h2 class='av-special-heading-tag '  itemprop=\"headline\"  >Vai v\u0113laties izm\u0113\u0123in\u0101t m\u016bsu WordPress hostingu?<\/h2><div class=\"special-heading-border\"><div class=\"special-heading-inner-border\"><\/div><\/div><\/div>\n<div  class='avia-button-wrap av-kjrs1mdl-6828d797fe693fedc7fdc86d0e08a270-wrap avia-button-center  avia-builder-el-20  el_after_av_heading  avia-builder-el-last '>\n<style type=\"text\/css\" data-created_by=\"avia_inline_auto\" id=\"style-css-av-kjrs1mdl-6828d797fe693fedc7fdc86d0e08a270\">\n#top #wrap_all .avia-button.av-kjrs1mdl-6828d797fe693fedc7fdc86d0e08a270{\nbackground-color:#b48e5f;\nborder-color:#b48e5f;\ncolor:#ffffff;\ntransition:all 0.4s ease-in-out;\n}\n#top #wrap_all .avia-button.av-kjrs1mdl-6828d797fe693fedc7fdc86d0e08a270 .avia-svg-icon svg:first-child{\nfill:#ffffff;\nstroke:#ffffff;\n}\n<\/style>\n<a href=\"https:\/\/coma.lv\/lv\/contacts\/\" class=\"avia-button av-kjrs1mdl-6828d797fe693fedc7fdc86d0e08a270 av-link-btn avia-icon_select-no avia-size-medium avia-position-center\" aria-label=\"Notest\u0113t vietni uz m\u016bsu servera\"><span class='avia_iconbox_title' >Notest\u0113t vietni uz m\u016bsu servera<\/span><\/a><\/div>\n\n","protected":false},"excerpt":{"rendered":"","protected":false},"author":1,"featured_media":0,"parent":26079,"menu_order":0,"comment_status":"closed","ping_status":"closed","template":"","meta":{"footnotes":""},"class_list":["post-31108","page","type-page","status-publish","hentry"],"_links":{"self":[{"href":"https:\/\/coma.lv\/lv\/wp-json\/wp\/v2\/pages\/31108","targetHints":{"allow":["GET"]}}],"collection":[{"href":"https:\/\/coma.lv\/lv\/wp-json\/wp\/v2\/pages"}],"about":[{"href":"https:\/\/coma.lv\/lv\/wp-json\/wp\/v2\/types\/page"}],"author":[{"embeddable":true,"href":"https:\/\/coma.lv\/lv\/wp-json\/wp\/v2\/users\/1"}],"replies":[{"embeddable":true,"href":"https:\/\/coma.lv\/lv\/wp-json\/wp\/v2\/comments?post=31108"}],"version-history":[{"count":3,"href":"https:\/\/coma.lv\/lv\/wp-json\/wp\/v2\/pages\/31108\/revisions"}],"predecessor-version":[{"id":38635,"href":"https:\/\/coma.lv\/lv\/wp-json\/wp\/v2\/pages\/31108\/revisions\/38635"}],"up":[{"embeddable":true,"href":"https:\/\/coma.lv\/lv\/wp-json\/wp\/v2\/pages\/26079"}],"wp:attachment":[{"href":"https:\/\/coma.lv\/lv\/wp-json\/wp\/v2\/media?parent=31108"}],"curies":[{"name":"wp","href":"https:\/\/api.w.org\/{rel}","templated":true}]}}