{"id":30388,"date":"2020-09-24T17:00:26","date_gmt":"2020-09-24T14:00:26","guid":{"rendered":"https:\/\/www.coma.lv\/klienti\/"},"modified":"2026-04-14T03:31:08","modified_gmt":"2026-04-14T00:31:08","slug":"klienti","status":"publish","type":"page","link":"https:\/\/coma.lv\/lv\/klienti\/","title":{"rendered":"Klienti"},"content":{"rendered":"<div id='av_section_1'  class='avia-section av-m3jy4z-50c6b1cf1854ad0bf3fc4cd7b50b65c2 main_color avia-section-default avia-no-border-styling  avia-builder-el-0  el_before_av_section  avia-builder-el-first  avia-bg-style-scroll container_wrap fullsize'  ><div class='container av-section-cont-open' ><main  role=\"main\" itemprop=\"mainContentOfPage\"  class='template-page content  av-content-full alpha units'><div class='post-entry post-entry-type-page post-entry-30388'><div class='entry-content-wrapper clearfix'>\n\n<style type=\"text\/css\" data-created_by=\"avia_inline_auto\" id=\"style-css-av-5tne7xv-1fa88902225a95ae929e72be45808457\">\n#top .av-special-heading.av-5tne7xv-1fa88902225a95ae929e72be45808457{\npadding-bottom:80px;\n}\nbody .av-special-heading.av-5tne7xv-1fa88902225a95ae929e72be45808457 .av-special-heading-tag .heading-char{\nfont-size:25px;\n}\n.av-special-heading.av-5tne7xv-1fa88902225a95ae929e72be45808457 .av-subheading{\nfont-size:15px;\n}\n<\/style>\n<div  class='av-special-heading av-5tne7xv-1fa88902225a95ae929e72be45808457 av-special-heading-h1 blockquote modern-quote modern-centered  avia-builder-el-1  el_before_av_codeblock  avia-builder-el-first '><h1 class='av-special-heading-tag '  itemprop=\"headline\"  >M\u016bsu klienti<\/h1><div class=\"special-heading-border\"><div class=\"special-heading-inner-border\"><\/div><\/div><\/div>\n\n<\/div><\/div><\/main><!-- close content main element --><\/div><\/div><div id='av_section_2'  class='avia-section av-53ynr5f-957915c81612a69936f32803c6cab571 main_color avia-section-default avia-no-border-styling  avia-builder-el-3  el_after_av_section  avia-builder-el-last  avia-bg-style-scroll container_wrap fullsize'  ><div class='container av-section-cont-open' ><div class='template-page content  av-content-full alpha units'><div class='post-entry post-entry-type-page post-entry-30388'><div class='entry-content-wrapper clearfix'>\n\n<style type=\"text\/css\" data-created_by=\"avia_inline_auto\" id=\"style-css-av-4n9mnyr-1675386de126ce1c59424b4066d82280\">\n.flex_column.av-4n9mnyr-1675386de126ce1c59424b4066d82280{\nborder-radius:0px 0px 0px 0px;\npadding:0px 0px 0px 0px;\n}\n<\/style>\n<div  class='flex_column av-4n9mnyr-1675386de126ce1c59424b4066d82280 av_one_fourth  avia-builder-el-4  el_before_av_one_fourth  avia-builder-el-first  first no_margin flex_column_div av-zero-column-padding  '     ><style type=\"text\/css\" data-created_by=\"avia_inline_auto\" id=\"style-css-av-4hu622b-37dcf43ee42f9dc44e578db56e64dea5\">\n.avia-image-container.av-4hu622b-37dcf43ee42f9dc44e578db56e64dea5 img.avia_image{\nbox-shadow:none;\n}\n.avia-image-container.av-4hu622b-37dcf43ee42f9dc44e578db56e64dea5 .av-caption-image-overlay-bg{\nopacity:0.9;\nbackground-color:#353535;\n}\n.avia-image-container.av-4hu622b-37dcf43ee42f9dc44e578db56e64dea5 .av-image-caption-overlay-center{\ncolor:#ffffff;\n}\n<\/style>\n<div  class='avia-image-container av-4hu622b-37dcf43ee42f9dc44e578db56e64dea5 av-styling- avia-align-center  avia-builder-el-5  avia-builder-el-no-sibling  noHover av-overlay-on-hover'   itemprop=\"image\" itemscope=\"itemscope\" itemtype=\"https:\/\/schema.org\/ImageObject\" ><div class=\"avia-image-container-inner\"><div class=\"avia-image-overlay-wrap\"><div class=\"av-image-caption-overlay\"><div class=\"av-caption-image-overlay-bg\"><\/div><div class=\"av-image-caption-overlay-position\"><div class=\"av-image-caption-overlay-center\"><p>Aptaujas sist\u0113mas izveido\u0161ana un Facebook Ads kampa\u0146as izveido\u0161ana<\/p>\n<\/div><\/div><\/div><img decoding=\"async\" fetchpriority=\"high\" class='wp-image-25461 avia-img-lazy-loading-not-25461 avia_image ' src=\"https:\/\/coma.lv\/wp-content\/uploads\/2018\/04\/ehr_logo.png\" alt='Aptaujas sist\u0113mas izveido\u0161ana un Facebook Ads kampa\u0146as izveido\u0161ana' title='European Hit Radio'  height=\"400\" width=\"400\"  itemprop=\"thumbnailUrl\" srcset=\"https:\/\/coma.lv\/wp-content\/uploads\/2018\/04\/ehr_logo.png 400w, https:\/\/coma.lv\/wp-content\/uploads\/2018\/04\/ehr_logo-80x80.png 80w, https:\/\/coma.lv\/wp-content\/uploads\/2018\/04\/ehr_logo-300x300.png 300w, https:\/\/coma.lv\/wp-content\/uploads\/2018\/04\/ehr_logo-36x36.png 36w, https:\/\/coma.lv\/wp-content\/uploads\/2018\/04\/ehr_logo-180x180.png 180w, https:\/\/coma.lv\/wp-content\/uploads\/2018\/04\/ehr_logo-120x120.png 120w\" sizes=\"(max-width: 400px) 100vw, 400px\" \/><\/div><\/div><\/div><\/div>\n<style type=\"text\/css\" data-created_by=\"avia_inline_auto\" id=\"style-css-av-3vayyc3-81c02edff8d3e9c918a2957ed6aa9f7d\">\n.flex_column.av-3vayyc3-81c02edff8d3e9c918a2957ed6aa9f7d{\nborder-radius:0px 0px 0px 0px;\npadding:0px 0px 0px 0px;\n}\n<\/style>\n<div  class='flex_column av-3vayyc3-81c02edff8d3e9c918a2957ed6aa9f7d av_one_fourth  avia-builder-el-6  el_after_av_one_fourth  el_before_av_one_fourth  no_margin flex_column_div av-zero-column-padding  '     ><style type=\"text\/css\" data-created_by=\"avia_inline_auto\" id=\"style-css-av-3e0i9df-3f3eeeaabb1d933e90747e9b76a0b176\">\n.avia-image-container.av-3e0i9df-3f3eeeaabb1d933e90747e9b76a0b176 img.avia_image{\nbox-shadow:none;\n}\n.avia-image-container.av-3e0i9df-3f3eeeaabb1d933e90747e9b76a0b176 .av-caption-image-overlay-bg{\nopacity:0.9;\nbackground-color:#353535;\n}\n.avia-image-container.av-3e0i9df-3f3eeeaabb1d933e90747e9b76a0b176 .av-image-caption-overlay-center{\ncolor:#ffffff;\n}\n<\/style>\n<div  class='avia-image-container av-3e0i9df-3f3eeeaabb1d933e90747e9b76a0b176 av-styling- avia-align-center  avia-builder-el-7  avia-builder-el-no-sibling  noHover av-overlay-on-hover'   itemprop=\"image\" itemscope=\"itemscope\" itemtype=\"https:\/\/schema.org\/ImageObject\" ><div class=\"avia-image-container-inner\"><div class=\"avia-image-overlay-wrap\"><div class=\"av-image-caption-overlay\"><div class=\"av-caption-image-overlay-bg\"><\/div><div class=\"av-image-caption-overlay-position\"><div class=\"av-image-caption-overlay-center\"><p>Rietumu Bankas projekta vad\u012bba<\/p>\n<\/div><\/div><\/div><img decoding=\"async\" fetchpriority=\"high\" class='wp-image-25438 avia-img-lazy-loading-not-25438 avia_image ' src=\"https:\/\/coma.lv\/wp-content\/uploads\/2018\/04\/rietumu_logo.png\" alt='Rietumu Banka' title='Rietumu Banka'  height=\"400\" width=\"400\"  itemprop=\"thumbnailUrl\" srcset=\"https:\/\/coma.lv\/wp-content\/uploads\/2018\/04\/rietumu_logo.png 400w, https:\/\/coma.lv\/wp-content\/uploads\/2018\/04\/rietumu_logo-80x80.png 80w, https:\/\/coma.lv\/wp-content\/uploads\/2018\/04\/rietumu_logo-300x300.png 300w, https:\/\/coma.lv\/wp-content\/uploads\/2018\/04\/rietumu_logo-36x36.png 36w, https:\/\/coma.lv\/wp-content\/uploads\/2018\/04\/rietumu_logo-180x180.png 180w, https:\/\/coma.lv\/wp-content\/uploads\/2018\/04\/rietumu_logo-120x120.png 120w\" sizes=\"(max-width: 400px) 100vw, 400px\" \/><\/div><\/div><\/div><\/div>\n<style type=\"text\/css\" data-created_by=\"avia_inline_auto\" id=\"style-css-av-3435w37-0279c257a76fa0b3b507e6497e682a14\">\n.flex_column.av-3435w37-0279c257a76fa0b3b507e6497e682a14{\nborder-radius:0px 0px 0px 0px;\npadding:0px 0px 0px 0px;\n}\n<\/style>\n<div  class='flex_column av-3435w37-0279c257a76fa0b3b507e6497e682a14 av_one_fourth  avia-builder-el-8  el_after_av_one_fourth  el_before_av_one_fourth  no_margin flex_column_div av-zero-column-padding  '     ><style type=\"text\/css\" data-created_by=\"avia_inline_auto\" id=\"style-css-av-2k6bzqr-96b048ace478159111c3350398d10572\">\n.avia-image-container.av-2k6bzqr-96b048ace478159111c3350398d10572 img.avia_image{\nbox-shadow:none;\n}\n.avia-image-container.av-2k6bzqr-96b048ace478159111c3350398d10572 .av-caption-image-overlay-bg{\nopacity:0.9;\nbackground-color:#353535;\n}\n.avia-image-container.av-2k6bzqr-96b048ace478159111c3350398d10572 .av-image-caption-overlay-center{\ncolor:#ffffff;\n}\n<\/style>\n<div  class='avia-image-container av-2k6bzqr-96b048ace478159111c3350398d10572 av-styling- avia-align-center  avia-builder-el-9  avia-builder-el-no-sibling  noHover av-overlay-on-hover'   itemprop=\"image\" itemscope=\"itemscope\" itemtype=\"https:\/\/schema.org\/ImageObject\" ><div class=\"avia-image-container-inner\"><div class=\"avia-image-overlay-wrap\"><div class=\"av-image-caption-overlay\"><div class=\"av-caption-image-overlay-bg\"><\/div><div class=\"av-image-caption-overlay-position\"><div class=\"av-image-caption-overlay-center\"><p>tavsmerci.lv vietnes izstr\u0101de<\/p>\n<\/div><\/div><\/div><img decoding=\"async\" fetchpriority=\"high\" class='wp-image-25451 avia-img-lazy-loading-not-25451 avia_image ' src=\"https:\/\/coma.lv\/wp-content\/uploads\/2018\/04\/merci_logo.png\" alt='Merci' title='Merci'  height=\"400\" width=\"400\"  itemprop=\"thumbnailUrl\" srcset=\"https:\/\/coma.lv\/wp-content\/uploads\/2018\/04\/merci_logo.png 400w, https:\/\/coma.lv\/wp-content\/uploads\/2018\/04\/merci_logo-80x80.png 80w, https:\/\/coma.lv\/wp-content\/uploads\/2018\/04\/merci_logo-300x300.png 300w, https:\/\/coma.lv\/wp-content\/uploads\/2018\/04\/merci_logo-36x36.png 36w, https:\/\/coma.lv\/wp-content\/uploads\/2018\/04\/merci_logo-180x180.png 180w, https:\/\/coma.lv\/wp-content\/uploads\/2018\/04\/merci_logo-120x120.png 120w\" sizes=\"(max-width: 400px) 100vw, 400px\" \/><\/div><\/div><\/div><\/div>\n<style type=\"text\/css\" data-created_by=\"avia_inline_auto\" id=\"style-css-av-1yfez8z-3385f803cec8a6b35338b3a63e4245a4\">\n.flex_column.av-1yfez8z-3385f803cec8a6b35338b3a63e4245a4{\nborder-radius:0px 0px 0px 0px;\npadding:0px 0px 0px 0px;\n}\n<\/style>\n<div  class='flex_column av-1yfez8z-3385f803cec8a6b35338b3a63e4245a4 av_one_fourth  avia-builder-el-10  el_after_av_one_fourth  avia-builder-el-last  no_margin flex_column_div av-zero-column-padding  '     ><style type=\"text\/css\" data-created_by=\"avia_inline_auto\" id=\"style-css-av-1rar0cz-0c89ad75ce6a22fea6f1cf8e5e3d22ae\">\n.avia-image-container.av-1rar0cz-0c89ad75ce6a22fea6f1cf8e5e3d22ae img.avia_image{\nbox-shadow:none;\n}\n.avia-image-container.av-1rar0cz-0c89ad75ce6a22fea6f1cf8e5e3d22ae .av-caption-image-overlay-bg{\nopacity:0.9;\nbackground-color:#353535;\n}\n.avia-image-container.av-1rar0cz-0c89ad75ce6a22fea6f1cf8e5e3d22ae .av-image-caption-overlay-center{\ncolor:#ffffff;\n}\n<\/style>\n<div  class='avia-image-container av-1rar0cz-0c89ad75ce6a22fea6f1cf8e5e3d22ae av-styling- avia-align-center  avia-builder-el-11  avia-builder-el-no-sibling  noHover av-overlay-on-hover'   itemprop=\"image\" itemscope=\"itemscope\" itemtype=\"https:\/\/schema.org\/ImageObject\" ><div class=\"avia-image-container-inner\"><div class=\"avia-image-overlay-wrap\"><div class=\"av-image-caption-overlay\"><div class=\"av-caption-image-overlay-bg\"><\/div><div class=\"av-image-caption-overlay-position\"><div class=\"av-image-caption-overlay-center\"><p>vesti.lv vietnes izstr\u0101de<\/p>\n<\/div><\/div><\/div><img decoding=\"async\" fetchpriority=\"high\" class='wp-image-25442 avia-img-lazy-loading-not-25442 avia_image ' src=\"https:\/\/coma.lv\/wp-content\/uploads\/2018\/04\/vesti_logo_red.png\" alt='Vesti Media Nams' title='Vesti Media Nams'  height=\"400\" width=\"400\"  itemprop=\"thumbnailUrl\" srcset=\"https:\/\/coma.lv\/wp-content\/uploads\/2018\/04\/vesti_logo_red.png 400w, https:\/\/coma.lv\/wp-content\/uploads\/2018\/04\/vesti_logo_red-80x80.png 80w, https:\/\/coma.lv\/wp-content\/uploads\/2018\/04\/vesti_logo_red-300x300.png 300w, https:\/\/coma.lv\/wp-content\/uploads\/2018\/04\/vesti_logo_red-36x36.png 36w, https:\/\/coma.lv\/wp-content\/uploads\/2018\/04\/vesti_logo_red-180x180.png 180w, https:\/\/coma.lv\/wp-content\/uploads\/2018\/04\/vesti_logo_red-120x120.png 120w\" sizes=\"(max-width: 400px) 100vw, 400px\" \/><\/div><\/div><\/div><\/div>\n<\/p>\n","protected":false},"excerpt":{"rendered":"","protected":false},"author":1,"featured_media":0,"parent":0,"menu_order":0,"comment_status":"closed","ping_status":"closed","template":"","meta":{"footnotes":""},"class_list":["post-30388","page","type-page","status-publish","hentry"],"_links":{"self":[{"href":"https:\/\/coma.lv\/lv\/wp-json\/wp\/v2\/pages\/30388","targetHints":{"allow":["GET"]}}],"collection":[{"href":"https:\/\/coma.lv\/lv\/wp-json\/wp\/v2\/pages"}],"about":[{"href":"https:\/\/coma.lv\/lv\/wp-json\/wp\/v2\/types\/page"}],"author":[{"embeddable":true,"href":"https:\/\/coma.lv\/lv\/wp-json\/wp\/v2\/users\/1"}],"replies":[{"embeddable":true,"href":"https:\/\/coma.lv\/lv\/wp-json\/wp\/v2\/comments?post=30388"}],"version-history":[{"count":3,"href":"https:\/\/coma.lv\/lv\/wp-json\/wp\/v2\/pages\/30388\/revisions"}],"predecessor-version":[{"id":38591,"href":"https:\/\/coma.lv\/lv\/wp-json\/wp\/v2\/pages\/30388\/revisions\/38591"}],"wp:attachment":[{"href":"https:\/\/coma.lv\/lv\/wp-json\/wp\/v2\/media?parent=30388"}],"curies":[{"name":"wp","href":"https:\/\/api.w.org\/{rel}","templated":true}]}}