{"id":28706,"date":"2019-08-15T11:23:15","date_gmt":"2019-08-15T08:23:15","guid":{"rendered":"https:\/\/www.coma.lv\/services\/wordpress-maintenance\/"},"modified":"2026-04-14T03:56:28","modified_gmt":"2026-04-14T00:56:28","slug":"wordpress-maintenance","status":"publish","type":"page","link":"https:\/\/coma.lv\/lv\/services\/wordpress-maintenance\/","title":{"rendered":"M\u0101jaslapu uz WordPress apkalpo\u0161ana un uztur\u0113\u0161ana"},"content":{"rendered":"\n<style type=\"text\/css\" data-created_by=\"avia_inline_auto\" id=\"style-css-av-159jsq5o-5de450f6e73b763896242486e6f97bb4\">\n.avia-section.av-159jsq5o-5de450f6e73b763896242486e6f97bb4{\nbackground-repeat:no-repeat;\nbackground-image:url(https:\/\/coma.lv\/wp-content\/uploads\/2018\/02\/laptop-white.jpg);\nbackground-position:50% 50%;\nbackground-attachment:scroll;\n}\n<\/style>\n<div id='av_section_1'  class='avia-section av-159jsq5o-5de450f6e73b763896242486e6f97bb4 main_color avia-section-no-padding avia-no-border-styling  avia-builder-el-0  el_before_av_section  avia-builder-el-first  avia-full-stretch avia-bg-style-scroll av-minimum-height av-minimum-height-50 av-height-50  container_wrap fullsize'  data-section-bg-repeat='stretch' data-av_minimum_height_pc='50' data-av_min_height_opt='50'><div class='container av-section-cont-open' ><main  role=\"main\" itemprop=\"mainContentOfPage\"  class='template-page content  av-content-full alpha units'><div class='post-entry post-entry-type-page post-entry-28706'><div class='entry-content-wrapper clearfix'>\n\n<style type=\"text\/css\" data-created_by=\"avia_inline_auto\" id=\"style-css-av-kl6za4ev-0c1502eedccba030b78aca8124123f6c\">\n#top .av-special-heading.av-kl6za4ev-0c1502eedccba030b78aca8124123f6c{\npadding-bottom:60px;\nfont-size:40px;\n}\nbody .av-special-heading.av-kl6za4ev-0c1502eedccba030b78aca8124123f6c .av-special-heading-tag .heading-char{\nfont-size:25px;\n}\n#top #wrap_all .av-special-heading.av-kl6za4ev-0c1502eedccba030b78aca8124123f6c .av-special-heading-tag{\nfont-size:40px;\n}\n.av-special-heading.av-kl6za4ev-0c1502eedccba030b78aca8124123f6c .av-subheading{\nfont-size:20px;\n}\n\n@media only screen and (min-width: 480px) and (max-width: 767px){ \n#top #wrap_all .av-special-heading.av-kl6za4ev-0c1502eedccba030b78aca8124123f6c .av-special-heading-tag{\nfont-size:0.8em;\n}\n}\n\n@media only screen and (max-width: 479px){ \n#top #wrap_all .av-special-heading.av-kl6za4ev-0c1502eedccba030b78aca8124123f6c .av-special-heading-tag{\nfont-size:0.8em;\n}\n}\n<\/style>\n<div  class='av-special-heading av-kl6za4ev-0c1502eedccba030b78aca8124123f6c av-special-heading-h1 blockquote modern-quote modern-centered  avia-builder-el-1  el_before_av_button  avia-builder-el-first  av-inherit-size av-linked-heading'><h1 class='av-special-heading-tag '  itemprop=\"headline\"  >M\u0101jaslapu uz WordPress apkalpo\u0161ana un uztur\u0113\u0161ana<\/h1><div class=\"special-heading-border\"><div class=\"special-heading-inner-border\"><\/div><\/div><\/div>\n<div  class='avia-button-wrap av-kjydzrtc-bbc263cebb2871097c581cb8f8781f81-wrap avia-button-center  avia-builder-el-2  el_after_av_heading  el_before_av_codeblock '>\n<style type=\"text\/css\" data-created_by=\"avia_inline_auto\" id=\"style-css-av-kjydzrtc-bbc263cebb2871097c581cb8f8781f81\">\n#top #wrap_all .avia-button.av-kjydzrtc-bbc263cebb2871097c581cb8f8781f81{\nbackground-color:#b48e5f;\nborder-color:#b48e5f;\ncolor:#ffffff;\ntransition:all 0.4s ease-in-out;\n}\n#top #wrap_all .avia-button.av-kjydzrtc-bbc263cebb2871097c581cb8f8781f81 .avia-svg-icon svg:first-child{\nfill:#ffffff;\nstroke:#ffffff;\n}\n<\/style>\n<a href='https:\/\/coma.lv\/lv\/contacts\/'  class='avia-button av-kjydzrtc-bbc263cebb2871097c581cb8f8781f81 av-link-btn avia-icon_select-no avia-size-large avia-position-center'   aria-label=\"Pas\u016bt\u012bt vietnes apkalpo\u0161anu\"><span class='avia_iconbox_title' >Pas\u016bt\u012bt vietnes apkalpo\u0161anu<\/span><\/a><\/div>\n\n<\/div><\/div><\/main><!-- close content main element --><\/div><\/div><div id='av_section_2'  class='avia-section av-3k1xqng-7e8eb43743bf066030ee443d84226f20 main_color avia-section-default avia-no-border-styling  avia-builder-el-4  el_after_av_section  el_before_av_section  avia-bg-style-scroll container_wrap fullsize'  ><div class='container av-section-cont-open' ><div class='template-page content  av-content-full alpha units'><div class='post-entry post-entry-type-page post-entry-28706'><div class='entry-content-wrapper clearfix'>\n\n<style type=\"text\/css\" data-created_by=\"avia_inline_auto\" id=\"style-css-av-ypkkyrw-9a875ed3a6c1829899832aeb9a4e83df\">\n.flex_column.av-ypkkyrw-9a875ed3a6c1829899832aeb9a4e83df{\nborder-radius:0px 0px 0px 0px;\npadding:0px 0px 0px 0px;\n}\n<\/style>\n<div  class='flex_column av-ypkkyrw-9a875ed3a6c1829899832aeb9a4e83df av_one_third  avia-builder-el-5  el_before_av_one_third  avia-builder-el-first  first flex_column_div av-zero-column-padding  '     ><p>\n<style type=\"text\/css\" data-created_by=\"avia_inline_auto\" id=\"style-css-av-kl6zao4e-59bd3d60132a8d5ec34dcfbe6a7b835a\">\n#top .av-special-heading.av-kl6zao4e-59bd3d60132a8d5ec34dcfbe6a7b835a{\npadding-bottom:10px;\n}\nbody .av-special-heading.av-kl6zao4e-59bd3d60132a8d5ec34dcfbe6a7b835a .av-special-heading-tag .heading-char{\nfont-size:25px;\n}\n.av-special-heading.av-kl6zao4e-59bd3d60132a8d5ec34dcfbe6a7b835a .av-subheading{\nfont-size:15px;\n}\n<\/style>\n<div  class='av-special-heading av-kl6zao4e-59bd3d60132a8d5ec34dcfbe6a7b835a av-special-heading-h3 blockquote modern-quote modern-centered  avia-builder-el-6  el_before_av_hr  avia-builder-el-first  av-linked-heading'><h3 class='av-special-heading-tag '  itemprop=\"headline\"  >Atjaunin\u0101\u0161ana<\/h3><div class=\"special-heading-border\"><div class=\"special-heading-inner-border\"><\/div><\/div><\/div><br \/>\n<div  class='hr av-xwtel9o-050bf499848241d731e9566d1abbb5ad hr-short  avia-builder-el-7  el_after_av_heading  el_before_av_textblock  hr-center'><span class='hr-inner '><span class=\"hr-inner-style\"><\/span><\/span><\/div><br \/>\n<section  class='av_textblock_section av-x87o0lo-39570e2a9660f7c00c55f420fc7c194a '   itemscope=\"itemscope\" itemtype=\"https:\/\/schema.org\/CreativeWork\" ><div class='avia_textblock'  itemprop=\"text\" ><p><span lang=\"lv\" tabindex=\"0\">Ik p\u0113c 2 ned\u0113\u013c\u0101m m\u0113s atjaunin\u0101m WordPress platformu un j\u016bsu vietnes izmantotos modu\u013cus. P\u0113c atjaunin\u0101\u0161anas m\u0113s p\u0101rbaud\u0101m vietnes funkcionalit\u0101ti, lai izsl\u0113gtu iesp\u0113jam\u0101s nesader\u012bbas probl\u0113mas.<\/span><\/p>\n<\/div><\/section><\/p><\/div>\n<style type=\"text\/css\" data-created_by=\"avia_inline_auto\" id=\"style-css-av-wtuabws-f6a0c0c79d095166121b9f6235f21680\">\n.flex_column.av-wtuabws-f6a0c0c79d095166121b9f6235f21680{\nborder-radius:0px 0px 0px 0px;\npadding:0px 0px 0px 0px;\n}\n<\/style>\n<div  class='flex_column av-wtuabws-f6a0c0c79d095166121b9f6235f21680 av_one_third  avia-builder-el-9  el_after_av_one_third  el_before_av_one_third  flex_column_div av-zero-column-padding  '     ><p>\n<style type=\"text\/css\" data-created_by=\"avia_inline_auto\" id=\"style-css-av-av_heading-6b7d22c3c52db7bfb11d90540494146b\">\n#top .av-special-heading.av-av_heading-6b7d22c3c52db7bfb11d90540494146b{\npadding-bottom:10px;\n}\nbody .av-special-heading.av-av_heading-6b7d22c3c52db7bfb11d90540494146b .av-special-heading-tag .heading-char{\nfont-size:25px;\n}\n.av-special-heading.av-av_heading-6b7d22c3c52db7bfb11d90540494146b .av-subheading{\nfont-size:15px;\n}\n<\/style>\n<div  class='av-special-heading av-av_heading-6b7d22c3c52db7bfb11d90540494146b av-special-heading-h3 blockquote modern-quote modern-centered  avia-builder-el-10  el_before_av_hr  avia-builder-el-first  av-linked-heading'><h3 class='av-special-heading-tag '  itemprop=\"headline\"  >Dubl\u0113\u0161ana<\/h3><div class=\"special-heading-border\"><div class=\"special-heading-inner-border\"><\/div><\/div><\/div><br \/>\n<div  class='hr av-vrxt3po-6b9b5aef0eca182daf9c4216e23a5fb0 hr-short  avia-builder-el-11  el_after_av_heading  el_before_av_textblock  hr-center'><span class='hr-inner '><span class=\"hr-inner-style\"><\/span><\/span><\/div><br \/>\n<section  class='av_textblock_section av-toxugh8-91d91f528782e4efddc79faad31b2725 '   itemscope=\"itemscope\" itemtype=\"https:\/\/schema.org\/CreativeWork\" ><div class='avia_textblock'  itemprop=\"text\" ><p><span lang=\"lv\" tabindex=\"0\">Papildus hostinga dubl\u0113jumkopij\u0101m, kuras veic pakalpojumu sniedz\u0113js, katru dienu m\u0113s izveidojam pa\u0161i savas dubl\u0113jumkopijas un uzglab\u0101jam 15 kopijas \u0101r\u0113j\u0101 kr\u0101tuv\u0113, kas paliks pieejamas ar\u012b gad\u012bjum\u0101, ja j\u016bsu izvieto\u0161ana tiks izdz\u0113sta vai b\u016bs tehniskas probl\u0113mas ar pakalpojumu sniedz\u0113ju.<\/span><\/p>\n<\/div><\/section><\/p><\/div>\n<style type=\"text\/css\" data-created_by=\"avia_inline_auto\" id=\"style-css-av-v5m8cj0-46d134bad54fce9ec73588fb404cfd0e\">\n.flex_column.av-v5m8cj0-46d134bad54fce9ec73588fb404cfd0e{\nborder-radius:0px 0px 0px 0px;\npadding:0px 0px 0px 0px;\n}\n<\/style>\n<div  class='flex_column av-v5m8cj0-46d134bad54fce9ec73588fb404cfd0e av_one_third  avia-builder-el-13  el_after_av_one_third  el_before_av_one_third  flex_column_div av-zero-column-padding  '     ><p>\n<style type=\"text\/css\" data-created_by=\"avia_inline_auto\" id=\"style-css-av-kl6zbjml-9d19f0ebccbaac47bea372c9af2c50d8\">\n#top .av-special-heading.av-kl6zbjml-9d19f0ebccbaac47bea372c9af2c50d8{\npadding-bottom:10px;\n}\nbody .av-special-heading.av-kl6zbjml-9d19f0ebccbaac47bea372c9af2c50d8 .av-special-heading-tag .heading-char{\nfont-size:25px;\n}\n.av-special-heading.av-kl6zbjml-9d19f0ebccbaac47bea372c9af2c50d8 .av-subheading{\nfont-size:15px;\n}\n<\/style>\n<div  class='av-special-heading av-kl6zbjml-9d19f0ebccbaac47bea372c9af2c50d8 av-special-heading-h3 blockquote modern-quote modern-centered  avia-builder-el-14  el_before_av_hr  avia-builder-el-first  av-linked-heading'><h3 class='av-special-heading-tag '  itemprop=\"headline\"  >Uptime Monitor<\/h3><div class=\"special-heading-border\"><div class=\"special-heading-inner-border\"><\/div><\/div><\/div><br \/>\n<div  class='hr av-u06n2oc-456f1522fb17ace5df5aab9aade46d3e hr-short  avia-builder-el-15  el_after_av_heading  el_before_av_textblock  hr-center'><span class='hr-inner '><span class=\"hr-inner-style\"><\/span><\/span><\/div><br \/>\n<section  class='av_textblock_section av-toxugh8-91d91f528782e4efddc79faad31b2725 '   itemscope=\"itemscope\" itemtype=\"https:\/\/schema.org\/CreativeWork\" ><div class='avia_textblock'  itemprop=\"text\" ><p><span lang=\"lv\" tabindex=\"0\">M\u0113s nodro\u0161in\u0101m j\u016bsu vietnes uzraudz\u012bbu un av\u0101rijas gad\u012bjum\u0101 m\u0113s par to uzzin\u0101sim uzreiz. S\u0101kum\u0101 m\u0113s cen\u0161amies atjaunot vietnes darbu un noskaidrot boj\u0101juma c\u0113loni. P\u0113c vietnes atjauno\u0161anas t\u012bmekl\u012b, m\u0113s sniedzam zi\u0146ojumu par iemesliem.<\/span><\/p>\n<\/div><\/section><\/p><\/div>\n<style type=\"text\/css\" data-created_by=\"avia_inline_auto\" id=\"style-css-av-v5m8cj0-d60aa1b05ec6a9f4fe5a0afcd3c12462\">\n.flex_column.av-v5m8cj0-d60aa1b05ec6a9f4fe5a0afcd3c12462{\nborder-radius:0px 0px 0px 0px;\npadding:0px 0px 0px 0px;\n}\n<\/style>\n<div  class='flex_column av-v5m8cj0-d60aa1b05ec6a9f4fe5a0afcd3c12462 av_one_third  avia-builder-el-17  el_after_av_one_third  el_before_av_one_third  first flex_column_div av-zero-column-padding  column-top-margin'     ><p>\n<style type=\"text\/css\" data-created_by=\"avia_inline_auto\" id=\"style-css-av-kl6zbwza-fc82213c915581beec1d2c730b6630f1\">\n#top .av-special-heading.av-kl6zbwza-fc82213c915581beec1d2c730b6630f1{\npadding-bottom:10px;\n}\nbody .av-special-heading.av-kl6zbwza-fc82213c915581beec1d2c730b6630f1 .av-special-heading-tag .heading-char{\nfont-size:25px;\n}\n.av-special-heading.av-kl6zbwza-fc82213c915581beec1d2c730b6630f1 .av-subheading{\nfont-size:15px;\n}\n<\/style>\n<div  class='av-special-heading av-kl6zbwza-fc82213c915581beec1d2c730b6630f1 av-special-heading-h3 blockquote modern-quote modern-centered  avia-builder-el-18  el_before_av_hr  avia-builder-el-first  av-linked-heading'><h3 class='av-special-heading-tag '  itemprop=\"headline\"  >Aizsardz\u012bba<\/h3><div class=\"special-heading-border\"><div class=\"special-heading-inner-border\"><\/div><\/div><\/div><br \/>\n<div  class='hr av-u06n2oc-456f1522fb17ace5df5aab9aade46d3e hr-short  avia-builder-el-19  el_after_av_heading  el_before_av_textblock  hr-center'><span class='hr-inner '><span class=\"hr-inner-style\"><\/span><\/span><\/div><br \/>\n<section  class='av_textblock_section av-toxugh8-91d91f528782e4efddc79faad31b2725 '   itemscope=\"itemscope\" itemtype=\"https:\/\/schema.org\/CreativeWork\" ><div class='avia_textblock'  itemprop=\"text\" ><p><span lang=\"lv\" tabindex=\"0\">Izmantojot ugunsm\u016bri, m\u0113s aizsarg\u0101jam vietni no uzlau\u0161anas m\u0113\u0123in\u0101jumiem, paro\u013cu piemekl\u0113\u0161anas un citiem uzbrukumiem. Infekcijas vai vietnes k\u013c\u016bmes gad\u012bjum\u0101 m\u0113s to atjaunojam no rezerves kopij\u0101m.<\/span><\/p>\n<\/div><\/section><\/p><\/div>\n<style type=\"text\/css\" data-created_by=\"avia_inline_auto\" id=\"style-css-av-v5m8cj0-46d134bad54fce9ec73588fb404cfd0e\">\n.flex_column.av-v5m8cj0-46d134bad54fce9ec73588fb404cfd0e{\nborder-radius:0px 0px 0px 0px;\npadding:0px 0px 0px 0px;\n}\n<\/style>\n<div  class='flex_column av-v5m8cj0-46d134bad54fce9ec73588fb404cfd0e av_one_third  avia-builder-el-21  el_after_av_one_third  el_before_av_one_third  flex_column_div av-zero-column-padding  column-top-margin'     ><p>\n<style type=\"text\/css\" data-created_by=\"avia_inline_auto\" id=\"style-css-av-kl6zcct2-9c62d0b4d34992ff059f7efabcbffe88\">\n#top .av-special-heading.av-kl6zcct2-9c62d0b4d34992ff059f7efabcbffe88{\npadding-bottom:10px;\n}\nbody .av-special-heading.av-kl6zcct2-9c62d0b4d34992ff059f7efabcbffe88 .av-special-heading-tag .heading-char{\nfont-size:25px;\n}\n.av-special-heading.av-kl6zcct2-9c62d0b4d34992ff059f7efabcbffe88 .av-subheading{\nfont-size:15px;\n}\n<\/style>\n<div  class='av-special-heading av-kl6zcct2-9c62d0b4d34992ff059f7efabcbffe88 av-special-heading-h3 blockquote modern-quote modern-centered  avia-builder-el-22  el_before_av_hr  avia-builder-el-first  av-linked-heading'><h3 class='av-special-heading-tag '  itemprop=\"headline\"  >Vietnes p\u0101rne\u0161ana<\/h3><div class=\"special-heading-border\"><div class=\"special-heading-inner-border\"><\/div><\/div><\/div><br \/>\n<div  class='hr av-u06n2oc-456f1522fb17ace5df5aab9aade46d3e hr-short  avia-builder-el-23  el_after_av_heading  el_before_av_textblock  hr-center'><span class='hr-inner '><span class=\"hr-inner-style\"><\/span><\/span><\/div><br \/>\n<section  class='av_textblock_section av-toxugh8-91d91f528782e4efddc79faad31b2725 '   itemscope=\"itemscope\" itemtype=\"https:\/\/schema.org\/CreativeWork\" ><div class='avia_textblock'  itemprop=\"text\" ><p><span lang=\"lv\" tabindex=\"0\">Ja jums ir j\u0101maina hostings, m\u0113s nodro\u0161in\u0101m visu tehnisko atbalstu un visu failu p\u0101rs\u016bt\u012b\u0161anu uz jauno hostinga serveri.<\/span><\/p>\n<\/div><\/section><\/p><\/div>\n<style type=\"text\/css\" data-created_by=\"avia_inline_auto\" id=\"style-css-av-v5m8cj0-46d134bad54fce9ec73588fb404cfd0e\">\n.flex_column.av-v5m8cj0-46d134bad54fce9ec73588fb404cfd0e{\nborder-radius:0px 0px 0px 0px;\npadding:0px 0px 0px 0px;\n}\n<\/style>\n<div  class='flex_column av-v5m8cj0-46d134bad54fce9ec73588fb404cfd0e av_one_third  avia-builder-el-25  el_after_av_one_third  avia-builder-el-last  flex_column_div av-zero-column-padding  column-top-margin'     ><p>\n<style type=\"text\/css\" data-created_by=\"avia_inline_auto\" id=\"style-css-av-av_heading-84ed65c8c451a399d2a9317c4eddc6ed\">\n#top .av-special-heading.av-av_heading-84ed65c8c451a399d2a9317c4eddc6ed{\npadding-bottom:10px;\n}\nbody .av-special-heading.av-av_heading-84ed65c8c451a399d2a9317c4eddc6ed .av-special-heading-tag .heading-char{\nfont-size:25px;\n}\n.av-special-heading.av-av_heading-84ed65c8c451a399d2a9317c4eddc6ed .av-subheading{\nfont-size:15px;\n}\n<\/style>\n<div  class='av-special-heading av-av_heading-84ed65c8c451a399d2a9317c4eddc6ed av-special-heading-h3 blockquote modern-quote modern-centered  avia-builder-el-26  el_before_av_hr  avia-builder-el-first  av-linked-heading'><h3 class='av-special-heading-tag '  itemprop=\"headline\"  >Optimiz\u0101cija<\/h3><div class=\"special-heading-border\"><div class=\"special-heading-inner-border\"><\/div><\/div><\/div><br \/>\n<div  class='hr av-u06n2oc-456f1522fb17ace5df5aab9aade46d3e hr-short  avia-builder-el-27  el_after_av_heading  el_before_av_textblock  hr-center'><span class='hr-inner '><span class=\"hr-inner-style\"><\/span><\/span><\/div><br \/>\n<section  class='av_textblock_section av-toxugh8-91d91f528782e4efddc79faad31b2725 '   itemscope=\"itemscope\" itemtype=\"https:\/\/schema.org\/CreativeWork\" ><div class='avia_textblock'  itemprop=\"text\" ><p><span lang=\"lv\" tabindex=\"0\">Ik p\u0113c 2 ned\u0113\u013c\u0101m m\u0113s optimiz\u0113jam datu b\u0101zi, t\u012bram vietni no uzkr\u0101tajiem melnrakstiem un novecoju\u0161iem metadokumentiem, kas p\u0101rpilda datu b\u0101zi.<\/span><\/p>\n<\/div><\/section><\/p><\/div>\n<\/p>\n<\/div><\/div><\/div><!-- close content main div --><\/div><\/div><div id='av_section_3'  class='avia-section av-jgsxflf-eb527202ba6e0d196dcc27a837325112 main_color avia-section-default avia-no-border-styling  avia-builder-el-29  el_after_av_section  avia-builder-el-last  avia-bg-style-scroll container_wrap fullsize'  ><div class='container av-section-cont-open' ><div class='template-page content  av-content-full alpha units'><div class='post-entry post-entry-type-page post-entry-28706'><div class='entry-content-wrapper clearfix'>\n\n<style type=\"text\/css\" data-created_by=\"avia_inline_auto\" id=\"style-css-av-kl6zd86t-a6eeec531d1b70e5a114d7edc20a1771\">\n#top .av-special-heading.av-kl6zd86t-a6eeec531d1b70e5a114d7edc20a1771{\npadding-bottom:80px;\n}\nbody .av-special-heading.av-kl6zd86t-a6eeec531d1b70e5a114d7edc20a1771 .av-special-heading-tag .heading-char{\nfont-size:25px;\n}\n.av-special-heading.av-kl6zd86t-a6eeec531d1b70e5a114d7edc20a1771 .av-subheading{\nfont-size:15px;\n}\n<\/style>\n<div  class='av-special-heading av-kl6zd86t-a6eeec531d1b70e5a114d7edc20a1771 av-special-heading-h2 blockquote modern-quote modern-centered  avia-builder-el-30  el_before_av_one_half  avia-builder-el-first  av-linked-heading'><h2 class='av-special-heading-tag '  itemprop=\"headline\"  >Past\u0101stiet mums par savu projektu, un m\u0113s pied\u0101v\u0101sim lab\u0101ko risin\u0101jumu.<\/h2><div class=\"special-heading-border\"><div class=\"special-heading-inner-border\"><\/div><\/div><\/div>\n\n<style type=\"text\/css\" data-created_by=\"avia_inline_auto\" id=\"style-css-av-c4up3mb-e597e0198cf689f0de79ce728f1b9e7e\">\n.flex_column.av-c4up3mb-e597e0198cf689f0de79ce728f1b9e7e{\nborder-radius:0px 0px 0px 0px;\npadding:0px 0px 0px 0px;\n}\n<\/style>\n<div  class='flex_column av-c4up3mb-e597e0198cf689f0de79ce728f1b9e7e av_one_half  avia-builder-el-31  el_after_av_heading  el_before_av_one_half  first flex_column_div av-zero-column-padding  '     ><p><form action=\"https:\/\/coma.lv\/lv\/services\/wordpress-maintenance\/\" method=\"post\" data-fields-with-error=\"Found errors in the following field(s):\" class=\"avia_ajax_form av-form-labels-hidden   avia-builder-el-32  el_before_av_hr  avia-builder-el-first   \" data-avia-form-id=\"1\" data-avia-redirect='' ><fieldset><p class='  first_form  form_element form_element_half' id='element_avia_1_1'><label for=\"avia_1_1\">V\u0101rds <abbr class=\"required\" title=\"required\">*<\/abbr><\/label> <input name=\"avia_1_1\" class=\"text_input is_empty\" type=\"text\" id=\"avia_1_1\" value=\"\"  placeholder='V\u0101rds*'\/><\/p><p class='  form_element form_element_half' id='element_avia_2_1'><label for=\"avia_2_1\">E-pasts <abbr class=\"required\" title=\"required\">*<\/abbr><\/label> <input name=\"avia_2_1\" class=\"text_input is_email\" type=\"text\" id=\"avia_2_1\" value=\"\"  placeholder='E-pasts*'\/><\/p><p class='  first_form  form_element form_element_half' id='element_avia_3_1'><label for=\"avia_3_1\">\u0422\u0101lr. nr. <abbr class=\"required\" title=\"required\">*<\/abbr><\/label> <input name=\"avia_3_1\" class=\"text_input is_phone\" type=\"text\" id=\"avia_3_1\" value=\"\"  placeholder='\u0422\u0101lr. nr.*'\/><\/p><p class='  form_element form_element_half' id='element_avia_4_1'><label for=\"avia_4_1\">T\u0113ma<\/label> <input name=\"avia_4_1\" class=\"text_input \" type=\"text\" id=\"avia_4_1\" value=\"\"  placeholder='T\u0113ma'\/><\/p><p class='  first_form  form_element form_fullwidth av-last-visible-form-element' id='element_avia_5_1'><label for=\"avia_5_1\" class=\"textare_label hidden textare_label_avia_5_1\">Zi\u0146ojums <abbr class=\"required\" title=\"required\">*<\/abbr><\/label><textarea  placeholder='Zi\u0146ojums*' name=\"avia_5_1\" class=\"text_area is_empty\" cols=\"40\" rows=\"7\" id=\"avia_5_1\" ><\/textarea><\/p><p class=\"hidden\"><input type=\"text\" name=\"avia_6_1\" class=\"hidden \" id=\"avia_6_1\" value=\"\" \/><\/p><p class=\"form_element \"><input type=\"hidden\" value=\"1\" name=\"avia_generated_form1\" \/><input type=\"submit\" value=\"Nos\u016bt\u012bt\" class=\"button\"  data-sending-label=\"Sending\"\/><\/p><\/fieldset><\/form><div id=\"ajaxresponse_1\" class=\"ajaxresponse ajaxresponse_1 hidden\"><\/div><br \/>\n\n<style type=\"text\/css\" data-created_by=\"avia_inline_auto\" id=\"style-css-av-xnldjn-0a48cd2250301f1dbb29703e8989f9c3\">\n#top .hr.hr-invisible.av-xnldjn-0a48cd2250301f1dbb29703e8989f9c3{\nheight:30px;\n}\n<\/style>\n<div  class='hr av-xnldjn-0a48cd2250301f1dbb29703e8989f9c3 hr-invisible  avia-builder-el-33  el_after_av_contact  avia-builder-el-last '><span class='hr-inner '><span class=\"hr-inner-style\"><\/span><\/span><\/div><\/p><\/div>\n<style type=\"text\/css\" data-created_by=\"avia_inline_auto\" id=\"style-css-av-c4up3mb-e7ed7d797ca8119f1bd50dce13ac8f13\">\n.flex_column.av-c4up3mb-e7ed7d797ca8119f1bd50dce13ac8f13{\nborder-radius:0px 0px 0px 0px;\npadding:0px 0px 0px 0px;\n}\n<\/style>\n<div  class='flex_column av-c4up3mb-e7ed7d797ca8119f1bd50dce13ac8f13 av_one_half  avia-builder-el-34  el_after_av_one_half  avia-builder-el-last  flex_column_div av-zero-column-padding  '     ><section  class='av_textblock_section av-m8skxq-3d52c1ef36ba26e01c0cafed60e5ecc0 '   itemscope=\"itemscope\" itemtype=\"https:\/\/schema.org\/CreativeWork\" ><div class='avia_textblock'  itemprop=\"text\" ><p style=\"text-align: center;\"><span lang=\"lv\" tabindex=\"0\">Atbalsta ikm\u0113ne\u0161a maksa ir 50 EUR m\u0113nes\u012b + PVN. Veicot apmaksu par vienu gadu 500 EUR + PVN. Aizpildiet formu un m\u0113s sniegsim jums bezmaksas konsult\u0101ciju un pied\u0101v\u0101sim optim\u0101l\u0101ko risin\u0101jumu j\u016bsu projektam.<\/span><\/p>\n<\/div><\/section><\/div>\n\n","protected":false},"excerpt":{"rendered":"","protected":false},"author":1,"featured_media":0,"parent":26079,"menu_order":0,"comment_status":"closed","ping_status":"closed","template":"","meta":{"footnotes":""},"class_list":["post-28706","page","type-page","status-publish","hentry"],"_links":{"self":[{"href":"https:\/\/coma.lv\/lv\/wp-json\/wp\/v2\/pages\/28706","targetHints":{"allow":["GET"]}}],"collection":[{"href":"https:\/\/coma.lv\/lv\/wp-json\/wp\/v2\/pages"}],"about":[{"href":"https:\/\/coma.lv\/lv\/wp-json\/wp\/v2\/types\/page"}],"author":[{"embeddable":true,"href":"https:\/\/coma.lv\/lv\/wp-json\/wp\/v2\/users\/1"}],"replies":[{"embeddable":true,"href":"https:\/\/coma.lv\/lv\/wp-json\/wp\/v2\/comments?post=28706"}],"version-history":[{"count":3,"href":"https:\/\/coma.lv\/lv\/wp-json\/wp\/v2\/pages\/28706\/revisions"}],"predecessor-version":[{"id":38663,"href":"https:\/\/coma.lv\/lv\/wp-json\/wp\/v2\/pages\/28706\/revisions\/38663"}],"up":[{"embeddable":true,"href":"https:\/\/coma.lv\/lv\/wp-json\/wp\/v2\/pages\/26079"}],"wp:attachment":[{"href":"https:\/\/coma.lv\/lv\/wp-json\/wp\/v2\/media?parent=28706"}],"curies":[{"name":"wp","href":"https:\/\/api.w.org\/{rel}","templated":true}]}}