{"id":28693,"date":"2018-06-11T17:21:36","date_gmt":"2018-06-11T14:21:36","guid":{"rendered":"https:\/\/www.coma.lv\/services\/wordpress-hosting\/"},"modified":"2026-03-14T01:47:16","modified_gmt":"2026-03-13T23:47:16","slug":"wordpress-hosting","status":"publish","type":"page","link":"https:\/\/coma.lv\/lv\/services\/wordpress-hosting\/","title":{"rendered":"WordPress hostings"},"content":{"rendered":"\n<style type=\"text\/css\" data-created_by=\"avia_inline_auto\" id=\"style-css-av-bxpfpvt-67e2a0929c70e260220722b6cbab85de\">\n.avia-section.av-bxpfpvt-67e2a0929c70e260220722b6cbab85de{\nbackground-repeat:no-repeat;\nbackground-image:url(https:\/\/coma.lv\/wp-content\/uploads\/2018\/02\/laptop-white.jpg);\nbackground-position:50% 50%;\nbackground-attachment:scroll;\n}\n<\/style>\n<div id='av_section_1'  class='avia-section av-bxpfpvt-67e2a0929c70e260220722b6cbab85de main_color avia-section-default avia-no-border-styling  avia-builder-el-0  el_before_av_section  avia-builder-el-first  avia-full-stretch avia-bg-style-scroll av-minimum-height av-minimum-height-50 av-height-50  container_wrap fullsize'  data-section-bg-repeat='stretch' data-av_minimum_height_pc='50' data-av_min_height_opt='50'><div class='container av-section-cont-open' ><main  role=\"main\" itemprop=\"mainContentOfPage\"  class='template-page content  av-content-full alpha units'><div class='post-entry post-entry-type-page post-entry-28693'><div class='entry-content-wrapper clearfix'>\n\n<style type=\"text\/css\" data-created_by=\"avia_inline_auto\" id=\"style-css-av-kkshwncy-a61d829c1002b43e277d1020f7a3f115\">\n#top .av-special-heading.av-kkshwncy-a61d829c1002b43e277d1020f7a3f115{\npadding-bottom:0;\nfont-size:40px;\n}\nbody .av-special-heading.av-kkshwncy-a61d829c1002b43e277d1020f7a3f115 .av-special-heading-tag .heading-char{\nfont-size:25px;\n}\n#top #wrap_all .av-special-heading.av-kkshwncy-a61d829c1002b43e277d1020f7a3f115 .av-special-heading-tag{\nfont-size:40px;\n}\n.av-special-heading.av-kkshwncy-a61d829c1002b43e277d1020f7a3f115 .av-subheading{\nfont-size:15px;\n}\n\n@media only screen and (min-width: 480px) and (max-width: 767px){ \n#top #wrap_all .av-special-heading.av-kkshwncy-a61d829c1002b43e277d1020f7a3f115 .av-special-heading-tag{\nfont-size:0.8em;\n}\n}\n\n@media only screen and (max-width: 479px){ \n#top #wrap_all .av-special-heading.av-kkshwncy-a61d829c1002b43e277d1020f7a3f115 .av-special-heading-tag{\nfont-size:0.8em;\n}\n}\n<\/style>\n<div  class='av-special-heading av-kkshwncy-a61d829c1002b43e277d1020f7a3f115 av-special-heading-h1 blockquote modern-quote modern-centered  avia-builder-el-1  el_before_av_heading  avia-builder-el-first  av-inherit-size av-linked-heading'><h1 class='av-special-heading-tag '  itemprop=\"headline\"  >WordPress hostings<\/h1><div class=\"special-heading-border\"><div class=\"special-heading-inner-border\"><\/div><\/div><\/div>\n\n<style type=\"text\/css\" data-created_by=\"avia_inline_auto\" id=\"style-css-av-kkshwwve-dd89905706c47eefa81a6a0a35a62525\">\n#top .av-special-heading.av-kkshwwve-dd89905706c47eefa81a6a0a35a62525{\npadding-bottom:60px;\nfont-size:30px;\n}\nbody .av-special-heading.av-kkshwwve-dd89905706c47eefa81a6a0a35a62525 .av-special-heading-tag .heading-char{\nfont-size:25px;\n}\n#top #wrap_all .av-special-heading.av-kkshwwve-dd89905706c47eefa81a6a0a35a62525 .av-special-heading-tag{\nfont-size:30px;\n}\n.av-special-heading.av-kkshwwve-dd89905706c47eefa81a6a0a35a62525 .av-subheading{\nfont-size:15px;\n}\n\n@media only screen and (min-width: 480px) and (max-width: 767px){ \n#top #wrap_all .av-special-heading.av-kkshwwve-dd89905706c47eefa81a6a0a35a62525 .av-special-heading-tag{\nfont-size:0.8em;\n}\n}\n\n@media only screen and (max-width: 479px){ \n#top #wrap_all .av-special-heading.av-kkshwwve-dd89905706c47eefa81a6a0a35a62525 .av-special-heading-tag{\nfont-size:0.8em;\n}\n}\n<\/style>\n<div  class='av-special-heading av-kkshwwve-dd89905706c47eefa81a6a0a35a62525 av-special-heading-h2 blockquote modern-quote modern-centered  avia-builder-el-2  el_after_av_heading  el_before_av_button  av-inherit-size'><h2 class='av-special-heading-tag '  itemprop=\"headline\"  >\u013boti \u0101trs un uzticams WordPress hostings ar 99,9% uptime garantiju<\/h2><div class=\"special-heading-border\"><div class=\"special-heading-inner-border\"><\/div><\/div><\/div>\n<div  class='avia-button-wrap av-kjtwfbnx-d71a5b20c74439f6378a6c6db995a258-wrap avia-button-center  avia-builder-el-3  el_after_av_heading  avia-builder-el-last '>\n<style type=\"text\/css\" data-created_by=\"avia_inline_auto\" id=\"style-css-av-kjtwfbnx-d71a5b20c74439f6378a6c6db995a258\">\n#top #wrap_all .avia-button.av-kjtwfbnx-d71a5b20c74439f6378a6c6db995a258{\nbackground-color:#b48e5f;\nborder-color:#b48e5f;\ncolor:#ffffff;\ntransition:all 0.4s ease-in-out;\n}\n#top #wrap_all .avia-button.av-kjtwfbnx-d71a5b20c74439f6378a6c6db995a258 .avia-svg-icon svg:first-child{\nfill:#ffffff;\nstroke:#ffffff;\n}\n<\/style>\n<a href='https:\/\/coma.lv\/lv\/contacts\/'  class='avia-button av-kjtwfbnx-d71a5b20c74439f6378a6c6db995a258 av-link-btn avia-icon_select-no avia-size-large avia-position-center'   aria-label=\"Pas\u016bt\u012bt WordPress hostingu\"><span class='avia_iconbox_title' >Pas\u016bt\u012bt WordPress hostingu<\/span><\/a><\/div>\n\n<\/div><\/div><\/main><!-- close content main element --><\/div><\/div><div id='av_section_2'  class='avia-section av-8yasbu6-27fece0b888a1bfdf44f4573accbbd87 main_color avia-section-default avia-no-border-styling  avia-builder-el-4  el_after_av_section  el_before_av_section  avia-bg-style-scroll container_wrap fullsize'  ><div class='container av-section-cont-open' ><div class='template-page content  av-content-full alpha units'><div class='post-entry post-entry-type-page post-entry-28693'><div class='entry-content-wrapper clearfix'>\n\n<style type=\"text\/css\" data-created_by=\"avia_inline_auto\" id=\"style-css-av-kkshx8h9-963627d9e0bc3ed9323b0b58dcf22ec0\">\n#top .av-special-heading.av-kkshx8h9-963627d9e0bc3ed9323b0b58dcf22ec0{\npadding-bottom:20px;\n}\nbody .av-special-heading.av-kkshx8h9-963627d9e0bc3ed9323b0b58dcf22ec0 .av-special-heading-tag .heading-char{\nfont-size:25px;\n}\n.av-special-heading.av-kkshx8h9-963627d9e0bc3ed9323b0b58dcf22ec0 .av-subheading{\nfont-size:15px;\n}\n<\/style>\n<div  class='av-special-heading av-kkshx8h9-963627d9e0bc3ed9323b0b58dcf22ec0 av-special-heading-h2 blockquote modern-quote  avia-builder-el-5  el_before_av_textblock  avia-builder-el-first '><h2 class='av-special-heading-tag '  itemprop=\"headline\"  >Kas ir WordPress hostings?<\/h2><div class=\"special-heading-border\"><div class=\"special-heading-inner-border\"><\/div><\/div><\/div>\n<section  class='av_textblock_section av-jjhfk85e-812d25559b46851f47798376168887e2 '   itemscope=\"itemscope\" itemtype=\"https:\/\/schema.org\/CreativeWork\" ><div class='avia_textblock'  itemprop=\"text\" ><p>WordPress hostings ir specializ\u0113ts pakalpojums, ar kuru j\u016bs sa\u0146emsiet jaud\u012bgu un uzticamu servisu \u0113rtai WordPress vietnes izveidei un p\u0101rvald\u012bbai. Izmantojot <a href=\"https:\/\/www.hetzner.com\/\" target=\"_blank\" rel=\"noopener\">Hetzner<\/a> infrastrukt\u016bru, m\u0113s nodro\u0161in\u0101m augstu servera darb\u012bbas laiku, modernu apr\u012bkojumu un profesion\u0101lu atbalstu.<\/p>\n<\/div><\/section>\n\n<style type=\"text\/css\" data-created_by=\"avia_inline_auto\" id=\"style-css-av-kjrrpma2-c8a41d9f7eea68cf8dd125debc75cd56\">\n.avia-image-container.av-kjrrpma2-c8a41d9f7eea68cf8dd125debc75cd56 img.avia_image{\nbox-shadow:none;\n}\n.avia-image-container.av-kjrrpma2-c8a41d9f7eea68cf8dd125debc75cd56 .av-image-caption-overlay-center{\ncolor:#ffffff;\n}\n<\/style>\n<div  class='avia-image-container av-kjrrpma2-c8a41d9f7eea68cf8dd125debc75cd56 av-styling- avia-align-center  avia-builder-el-7  el_after_av_textblock  el_before_av_textblock '   itemprop=\"image\" itemscope=\"itemscope\" itemtype=\"https:\/\/schema.org\/ImageObject\" ><div class=\"avia-image-container-inner\"><div class=\"avia-image-overlay-wrap\"><img decoding=\"async\" fetchpriority=\"high\" class='wp-image-30932 avia-img-lazy-loading-not-30932 avia_image ' src=\"https:\/\/coma.lv\/wp-content\/uploads\/2021\/01\/coma-gtmetrix-report.png\" alt='\u041d\u0430\u0448 \u0441\u0430\u0439\u0442 \u043d\u0430 LiteSpeed \u0437\u0430\u0433\u0440\u0443\u0436\u0430\u0435\u0442\u0441\u044f \u0437\u0430 380ms' title='\u041d\u0430\u0448 \u0441\u0430\u0439\u0442 \u043d\u0430 LiteSpeed \u0437\u0430\u0433\u0440\u0443\u0436\u0430\u0435\u0442\u0441\u044f \u0437\u0430 380ms'  height=\"815\" width=\"1200\"  itemprop=\"thumbnailUrl\" srcset=\"https:\/\/coma.lv\/wp-content\/uploads\/2021\/01\/coma-gtmetrix-report.png 1200w, https:\/\/coma.lv\/wp-content\/uploads\/2021\/01\/coma-gtmetrix-report-300x204.png 300w, https:\/\/coma.lv\/wp-content\/uploads\/2021\/01\/coma-gtmetrix-report-1030x700.png 1030w, https:\/\/coma.lv\/wp-content\/uploads\/2021\/01\/coma-gtmetrix-report-768x522.png 768w, https:\/\/coma.lv\/wp-content\/uploads\/2021\/01\/coma-gtmetrix-report-705x479.png 705w\" sizes=\"(max-width: 1200px) 100vw, 1200px\" \/><\/div><\/div><\/div>\n<section  class='av_textblock_section av-jiaj66t4-9cc0acaf427b3b0d3b59bdbc585246e6 '   itemscope=\"itemscope\" itemtype=\"https:\/\/schema.org\/CreativeWork\" ><div class='avia_textblock'  itemprop=\"text\" ><p style=\"text-align: center;\"><em>M\u016bsu WordPress vietne tiek iel\u0101d\u0113ta 590\u00a0ms laik\u0101.<\/em><\/p>\n<\/div><\/section>\n\n<\/div><\/div><\/div><!-- close content main div --><\/div><\/div><div id='av_section_3'  class='avia-section av-8yasbu6-27fece0b888a1bfdf44f4573accbbd87 main_color avia-section-default avia-no-border-styling  avia-builder-el-9  el_after_av_section  el_before_av_section  avia-bg-style-scroll container_wrap fullsize'  ><div class='container av-section-cont-open' ><div class='template-page content  av-content-full alpha units'><div class='post-entry post-entry-type-page post-entry-28693'><div class='entry-content-wrapper clearfix'>\n\n<style type=\"text\/css\" data-created_by=\"avia_inline_auto\" id=\"style-css-av-av_heading-41987304f952cd119fb1a7c7a2da4e47\">\n#top .av-special-heading.av-av_heading-41987304f952cd119fb1a7c7a2da4e47{\npadding-bottom:20px;\n}\nbody .av-special-heading.av-av_heading-41987304f952cd119fb1a7c7a2da4e47 .av-special-heading-tag .heading-char{\nfont-size:25px;\n}\n.av-special-heading.av-av_heading-41987304f952cd119fb1a7c7a2da4e47 .av-subheading{\nfont-size:15px;\n}\n<\/style>\n<div  class='av-special-heading av-av_heading-41987304f952cd119fb1a7c7a2da4e47 av-special-heading-h2 blockquote modern-quote  avia-builder-el-10  el_before_av_textblock  avia-builder-el-first '><h2 class='av-special-heading-tag '  itemprop=\"headline\"  >Cik ilgu laiku varat garant\u0113t vietnes nep\u0101rtrauktai darb\u012bbai?<\/h2><div class=\"special-heading-border\"><div class=\"special-heading-inner-border\"><\/div><\/div><\/div>\n<section  class='av_textblock_section av-jjhfk85e-812d25559b46851f47798376168887e2 '   itemscope=\"itemscope\" itemtype=\"https:\/\/schema.org\/CreativeWork\" ><div class='avia_textblock'  itemprop=\"text\" ><p>Ieskat\u0101mies m\u016bsu coma.lv &#8211; <strong>0 d\u012bkst\u0101ves min\u016btes m\u0113nes\u012b. 100% pakalpojumu pieejam\u012bba<\/strong>. M\u0113s izmantojam <a href=\"https:\/\/www.hetzner.com\/\" target=\"_blank\" rel=\"noopener\">Hetzner<\/a> infrastrukt\u016bru un serveri, ko konfigur\u0113jis m\u016bsu in\u017eenieris. Papildus servera ke\u0161atmi\u0146ai m\u0113s izmantojam <a href=\"https:\/\/www.cloudflare.com\/\" target=\"_blank\" rel=\"noopener\">CloudFlare<\/a> CDN papildu optimiz\u0101cijai un aizsardz\u012bbai.<\/p>\n<\/div><\/section>\n\n<style type=\"text\/css\" data-created_by=\"avia_inline_auto\" id=\"style-css-av-kjrrpma2-59d62095b2d6b2ff5b1a99efa2026817\">\n.avia-image-container.av-kjrrpma2-59d62095b2d6b2ff5b1a99efa2026817 img.avia_image{\nbox-shadow:none;\n}\n.avia-image-container.av-kjrrpma2-59d62095b2d6b2ff5b1a99efa2026817 .av-image-caption-overlay-center{\ncolor:#ffffff;\n}\n<\/style>\n<div  class='avia-image-container av-kjrrpma2-59d62095b2d6b2ff5b1a99efa2026817 av-styling- avia-align-center  avia-builder-el-12  el_after_av_textblock  el_before_av_textblock '   itemprop=\"image\" itemscope=\"itemscope\" itemtype=\"https:\/\/schema.org\/ImageObject\" ><div class=\"avia-image-container-inner\"><div class=\"avia-image-overlay-wrap\"><img decoding=\"async\" fetchpriority=\"high\" class='wp-image-30951 avia-img-lazy-loading-not-30951 avia_image ' src=\"https:\/\/coma.lv\/wp-content\/uploads\/2021\/01\/coma-uptime-report.png\" alt='3 \u043c\u0438\u043d\u0443\u0442\u044b \u043f\u0440\u043e\u0441\u0442\u043e\u044f \u0437\u0430 3 \u043c\u0435\u0441\u044f\u0446\u0430. 100% uptime. LiteSpeed WordPress \u0445\u043e\u0441\u0442\u0438\u043d\u0433 \u0434\u0435\u0439\u0441\u0442\u0432\u0438\u0442\u0435\u043b\u044c\u043d\u043e \u043e\u0447\u0435\u043d\u044c \u0431\u044b\u0441\u0442\u0440\u044b\u0439 \u0438 \u043d\u0430\u0434\u0451\u0436\u043d\u044b\u0439.' title='3 \u043c\u0438\u043d\u0443\u0442\u044b \u043f\u0440\u043e\u0441\u0442\u043e\u044f \u0437\u0430 3 \u043c\u0435\u0441\u044f\u0446\u0430. 100% uptime. LiteSpeed WordPress \u0445\u043e\u0441\u0442\u0438\u043d\u0433 \u0434\u0435\u0439\u0441\u0442\u0432\u0438\u0442\u0435\u043b\u044c\u043d\u043e \u043e\u0447\u0435\u043d\u044c \u0431\u044b\u0441\u0442\u0440\u044b\u0439 \u0438 \u043d\u0430\u0434\u0451\u0436\u043d\u044b\u0439.'  height=\"837\" width=\"1200\"  itemprop=\"thumbnailUrl\" srcset=\"https:\/\/coma.lv\/wp-content\/uploads\/2021\/01\/coma-uptime-report.png 1200w, https:\/\/coma.lv\/wp-content\/uploads\/2021\/01\/coma-uptime-report-300x209.png 300w, https:\/\/coma.lv\/wp-content\/uploads\/2021\/01\/coma-uptime-report-1030x718.png 1030w, https:\/\/coma.lv\/wp-content\/uploads\/2021\/01\/coma-uptime-report-768x536.png 768w, https:\/\/coma.lv\/wp-content\/uploads\/2021\/01\/coma-uptime-report-705x492.png 705w\" sizes=\"(max-width: 1200px) 100vw, 1200px\" \/><\/div><\/div><\/div>\n<section  class='av_textblock_section av-jiaj66t4-9cc0acaf427b3b0d3b59bdbc585246e6 '   itemscope=\"itemscope\" itemtype=\"https:\/\/schema.org\/CreativeWork\" ><div class='avia_textblock'  itemprop=\"text\" ><p style=\"text-align: center;\"><em>0 min\u016btes d\u012bkst\u0101ves m\u0113nes\u012b. 100% m\u016bsu vietnes pieejam\u012bba.<\/em><\/p>\n<\/div><\/section>\n\n<\/div><\/div><\/div><!-- close content main div --><\/div><\/div><div id='av_section_4'  class='avia-section av-8yasbu6-27fece0b888a1bfdf44f4573accbbd87 main_color avia-section-default avia-no-border-styling  avia-builder-el-14  el_after_av_section  el_before_av_section  avia-bg-style-scroll container_wrap fullsize'  ><div class='container av-section-cont-open' ><div class='template-page content  av-content-full alpha units'><div class='post-entry post-entry-type-page post-entry-28693'><div class='entry-content-wrapper clearfix'>\n\n<style type=\"text\/css\" data-created_by=\"avia_inline_auto\" id=\"style-css-av-kksi06xw-4a8573b9ff6986d2e17caf141c579c9e\">\n#top .av-special-heading.av-kksi06xw-4a8573b9ff6986d2e17caf141c579c9e{\npadding-bottom:20px;\n}\nbody .av-special-heading.av-kksi06xw-4a8573b9ff6986d2e17caf141c579c9e .av-special-heading-tag .heading-char{\nfont-size:25px;\n}\n.av-special-heading.av-kksi06xw-4a8573b9ff6986d2e17caf141c579c9e .av-subheading{\nfont-size:15px;\n}\n<\/style>\n<div  class='av-special-heading av-kksi06xw-4a8573b9ff6986d2e17caf141c579c9e av-special-heading-h2 blockquote modern-quote  avia-builder-el-15  el_before_av_textblock  avia-builder-el-first '><h2 class='av-special-heading-tag '  itemprop=\"headline\"  >Klienti, kuri jau izmanto m\u016bsu WordPress mitin\u0101\u0161anu<\/h2><div class=\"special-heading-border\"><div class=\"special-heading-inner-border\"><\/div><\/div><\/div>\n<section  class='av_textblock_section av-kv9z93a8-749bb4ac57998125cc86e1f0ba254077 '   itemscope=\"itemscope\" itemtype=\"https:\/\/schema.org\/CreativeWork\" ><div class='avia_textblock'  itemprop=\"text\" ><p style=\"text-align: left;\">J\u016bs esat lab\u0101 komp\u0101nij\u0101. \u0160eit ir da\u017ei no m\u016bsu klientiem, kuri mums ir uztic\u0113ju\u0161i savus projektus un piln\u012bb\u0101 izmanto WordPress mitin\u0101\u0161anas priek\u0161roc\u012bbas.<\/p>\n<\/div><\/section>\n<div  class='avia-logo-element-container av-kjtw79b0-27bae10ea4c7be01eb05df3d80c5d69d av-border-deactivate avia-logo-grid avia-content-slider avia-smallarrow-slider avia-content-grid-active noHover avia-content-slider-odd  avia-builder-el-17  el_after_av_textblock  avia-builder-el-last  avia-content-slider1' ><div class='avia-smallarrow-slider-heading  no-logo-slider-heading '><div class='new-special-heading'>&nbsp;<\/div><\/div><div class=\"avia-content-slider-inner\"><div class=\"slide-entry-wrap\"><div  class='slide-entry av-6d8gdq-edc6834bb8e3c165767ebe4a728564ce flex_column no_margin av_one_third real-thumbnail post-entry slide-entry-overview slide-loop-1 slide-parity-odd  first'><a href=\"https:\/\/skynfeel.lv\/\" data-rel=\"slide-1\" class=\"slide-image\" title=\"\" target=\"_blank\" rel=\"noopener\"><span class='av-partner-fake-img' style='padding-bottom:66.7%; background-image:url(https:\/\/coma.lv\/wp-content\/uploads\/2020\/12\/skyn-min.jpg);'><\/span><\/a><\/div><div  class='slide-entry av-yy3mvi-0d4f8a0525450a3926a29966b9fbe389 flex_column no_margin av_one_third real-thumbnail post-entry slide-entry-overview slide-loop-2 slide-parity-even  '><a href=\"https:\/\/e-laimalux.lv\/\" data-rel=\"slide-1\" class=\"slide-image\" title=\"\" target=\"_blank\" rel=\"noopener\"><span class='av-partner-fake-img' style='padding-bottom:66.7%; background-image:url(https:\/\/coma.lv\/wp-content\/uploads\/2020\/11\/Laimalux.jpg);'><\/span><\/a><\/div><div  class='slide-entry av-m5xpf2-dc60f77e5b9f7be803cfe849241ff0cd flex_column no_margin av_one_third real-thumbnail post-entry slide-entry-overview slide-loop-3 slide-parity-odd post-entry-last '><a href=\"https:\/\/ilumino.lv\/\" data-rel=\"slide-1\" class=\"slide-image\" title=\"\" target=\"_blank\" rel=\"noopener\"><span class='av-partner-fake-img' style='padding-bottom:66.7%; background-image:url(https:\/\/coma.lv\/wp-content\/uploads\/2020\/07\/ilumino-30062020.jpg);'><\/span><\/a><\/div><\/div><\/div><\/div>\n<\/div><\/div><\/div><!-- close content main div --><\/div><\/div><div id='av_section_5'  class='avia-section av-2cibgjy-7e2e076ec6c9641b5c813a061918263d main_color avia-section-default avia-no-border-styling  avia-builder-el-18  el_after_av_section  el_before_av_section  avia-bg-style-scroll container_wrap fullsize'  ><div class='container av-section-cont-open' ><div class='template-page content  av-content-full alpha units'><div class='post-entry post-entry-type-page post-entry-28693'><div class='entry-content-wrapper clearfix'>\n\n<style type=\"text\/css\" data-created_by=\"avia_inline_auto\" id=\"style-css-av-kksi0ldd-ad020306915ec3c11f0e82e6bc938e0e\">\n#top .av-special-heading.av-kksi0ldd-ad020306915ec3c11f0e82e6bc938e0e{\npadding-bottom:20px;\n}\nbody .av-special-heading.av-kksi0ldd-ad020306915ec3c11f0e82e6bc938e0e .av-special-heading-tag .heading-char{\nfont-size:25px;\n}\n.av-special-heading.av-kksi0ldd-ad020306915ec3c11f0e82e6bc938e0e .av-subheading{\nfont-size:15px;\n}\n<\/style>\n<div  class='av-special-heading av-kksi0ldd-ad020306915ec3c11f0e82e6bc938e0e av-special-heading-h2 blockquote modern-quote  avia-builder-el-19  el_before_av_textblock  avia-builder-el-first  av-linked-heading'><h2 class='av-special-heading-tag '  itemprop=\"headline\"  >Pas\u016btot WordPress hostingu pie mums, j\u016bs sa\u0146emsiet:<\/h2><div class=\"special-heading-border\"><div class=\"special-heading-inner-border\"><\/div><\/div><\/div>\n<section  class='av_textblock_section av-jiaj66t4-9cc0acaf427b3b0d3b59bdbc585246e6 '   itemscope=\"itemscope\" itemtype=\"https:\/\/schema.org\/CreativeWork\" ><div class='avia_textblock'  itemprop=\"text\" ><ul>\n<li>\u0100tr\u0101kais WordPress serveris<\/li>\n<li>Servera ke\u0161atmi\u0146a<\/li>\n<li>Regul\u0101ras dubl\u0113jumkopijas<\/li>\n<li>Aizsardz\u012bba pret v\u012brusiem<\/li>\n<li>DDoS aizsardz\u012bba<\/li>\n<li>Individu\u0101ls atbalsts<\/li>\n<li>Nav datu b\u0101zes ierobe\u017eojumu<\/li>\n<li>Bezmaksas SSL (HTTPS)<\/li>\n<\/ul>\n<\/div><\/section>\n<\/p>\n<\/div><\/div><\/div><!-- close content main div --><\/div><\/div><div id='av_section_6'  class='avia-section av-3ik223y-8d876f67f351bf1bdd3dfdaadeeeefa4 main_color avia-section-default avia-no-border-styling  avia-builder-el-21  el_after_av_section  el_before_av_section  avia-bg-style-scroll container_wrap fullsize'  ><div class='container av-section-cont-open' ><div class='template-page content  av-content-full alpha units'><div class='post-entry post-entry-type-page post-entry-28693'><div class='entry-content-wrapper clearfix'>\n\n<style type=\"text\/css\" data-created_by=\"avia_inline_auto\" id=\"style-css-av-kksi2gtt-98f7ab436c20157826ee4799e03f2170\">\n#top .av-special-heading.av-kksi2gtt-98f7ab436c20157826ee4799e03f2170{\npadding-bottom:20px;\n}\nbody .av-special-heading.av-kksi2gtt-98f7ab436c20157826ee4799e03f2170 .av-special-heading-tag .heading-char{\nfont-size:25px;\n}\n.av-special-heading.av-kksi2gtt-98f7ab436c20157826ee4799e03f2170 .av-subheading{\nfont-size:15px;\n}\n<\/style>\n<div  class='av-special-heading av-kksi2gtt-98f7ab436c20157826ee4799e03f2170 av-special-heading-h2 blockquote modern-quote  avia-builder-el-22  el_before_av_textblock  avia-builder-el-first '><h2 class='av-special-heading-tag '  itemprop=\"headline\"  >Vai esat jau kaut kur izvietojis savu t\u012bmek\u013ca vietni?<\/h2><div class=\"special-heading-border\"><div class=\"special-heading-inner-border\"><\/div><\/div><\/div>\n<section  class='av_textblock_section av-jiaj66t4-d44da41fc1b89203d4706170ead17b20 '   itemscope=\"itemscope\" itemtype=\"https:\/\/schema.org\/CreativeWork\" ><div class='avia_textblock'  itemprop=\"text\" ><p>M\u016bsu in\u017eenieri da\u017eu stundu laik\u0101 bezmaksas p\u0101rnes\u012bs j\u016bsu WordPress vietnes uz m\u016bsu serveriem. P\u0101rne\u0161anas laik\u0101 j\u016bsu vietnes joproj\u0101m b\u016bs pieejamas apmekl\u0113t\u0101jiem.<\/p>\n<\/div><\/section>\n\n<\/div><\/div><\/div><!-- close content main div --><\/div><\/div><div id='contact'  class='avia-section av-3ik223y-6fc82caf8f1d53af5dd4f3d7e6976786 main_color avia-section-default avia-no-border-styling  avia-builder-el-24  el_after_av_section  avia-builder-el-last  avia-bg-style-scroll container_wrap fullsize'  ><div class='container av-section-cont-open' ><div class='template-page content  av-content-full alpha units'><div class='post-entry post-entry-type-page post-entry-28693'><div class='entry-content-wrapper clearfix'>\n\n<style type=\"text\/css\" data-created_by=\"avia_inline_auto\" id=\"style-css-av-kksi2wfd-ba90f8d163f1020ead06a6c104ac7883\">\n#top .av-special-heading.av-kksi2wfd-ba90f8d163f1020ead06a6c104ac7883{\npadding-bottom:40px;\n}\nbody .av-special-heading.av-kksi2wfd-ba90f8d163f1020ead06a6c104ac7883 .av-special-heading-tag .heading-char{\nfont-size:25px;\n}\n.av-special-heading.av-kksi2wfd-ba90f8d163f1020ead06a6c104ac7883 .av-subheading{\nfont-size:15px;\n}\n<\/style>\n<div  class='av-special-heading av-kksi2wfd-ba90f8d163f1020ead06a6c104ac7883 av-special-heading-h2 blockquote modern-quote  avia-builder-el-25  el_before_av_button  avia-builder-el-first '><h2 class='av-special-heading-tag '  itemprop=\"headline\"  >Vai v\u0113laties izm\u0113\u0123in\u0101t WordPress hostingu?<\/h2><div class=\"special-heading-border\"><div class=\"special-heading-inner-border\"><\/div><\/div><\/div>\n<div  class='avia-button-wrap av-kjrs1mdl-df7fbe30ca4cc2bd87f114751b1b248f-wrap avia-button-center  avia-builder-el-26  el_after_av_heading  avia-builder-el-last '>\n<style type=\"text\/css\" data-created_by=\"avia_inline_auto\" id=\"style-css-av-kjrs1mdl-df7fbe30ca4cc2bd87f114751b1b248f\">\n#top #wrap_all .avia-button.av-kjrs1mdl-df7fbe30ca4cc2bd87f114751b1b248f{\nbackground-color:#b48e5f;\nborder-color:#b48e5f;\ncolor:#ffffff;\ntransition:all 0.4s ease-in-out;\n}\n#top #wrap_all .avia-button.av-kjrs1mdl-df7fbe30ca4cc2bd87f114751b1b248f .avia-svg-icon svg:first-child{\nfill:#ffffff;\nstroke:#ffffff;\n}\n<\/style>\n<a href=\"https:\/\/coma.lv\/lv\/contacts\/\" class=\"avia-button av-kjrs1mdl-df7fbe30ca4cc2bd87f114751b1b248f av-link-btn avia-icon_select-no avia-size-medium avia-position-center\" aria-label=\"Notest\u0113t vietni uz m\u016bsu servera \"><span class='avia_iconbox_title' >Notest\u0113t vietni uz m\u016bsu servera <\/span><\/a><\/div>\n\n","protected":false},"excerpt":{"rendered":"","protected":false},"author":1,"featured_media":0,"parent":26079,"menu_order":0,"comment_status":"closed","ping_status":"closed","template":"","meta":{"footnotes":""},"class_list":["post-28693","page","type-page","status-publish","hentry"],"_links":{"self":[{"href":"https:\/\/coma.lv\/lv\/wp-json\/wp\/v2\/pages\/28693","targetHints":{"allow":["GET"]}}],"collection":[{"href":"https:\/\/coma.lv\/lv\/wp-json\/wp\/v2\/pages"}],"about":[{"href":"https:\/\/coma.lv\/lv\/wp-json\/wp\/v2\/types\/page"}],"author":[{"embeddable":true,"href":"https:\/\/coma.lv\/lv\/wp-json\/wp\/v2\/users\/1"}],"replies":[{"embeddable":true,"href":"https:\/\/coma.lv\/lv\/wp-json\/wp\/v2\/comments?post=28693"}],"version-history":[{"count":3,"href":"https:\/\/coma.lv\/lv\/wp-json\/wp\/v2\/pages\/28693\/revisions"}],"predecessor-version":[{"id":38101,"href":"https:\/\/coma.lv\/lv\/wp-json\/wp\/v2\/pages\/28693\/revisions\/38101"}],"up":[{"embeddable":true,"href":"https:\/\/coma.lv\/lv\/wp-json\/wp\/v2\/pages\/26079"}],"wp:attachment":[{"href":"https:\/\/coma.lv\/lv\/wp-json\/wp\/v2\/media?parent=28693"}],"curies":[{"name":"wp","href":"https:\/\/api.w.org\/{rel}","templated":true}]}}