{"id":26106,"date":"2018-05-07T14:00:39","date_gmt":"2018-05-07T11:00:39","guid":{"rendered":"https:\/\/www.coma.lv\/services\/interneta-veikala-izstrade\/"},"modified":"2026-04-14T03:54:55","modified_gmt":"2026-04-14T00:54:55","slug":"e-commerce","status":"publish","type":"page","link":"https:\/\/coma.lv\/lv\/services\/e-commerce\/","title":{"rendered":"Interneta veikala izstr\u0101de"},"content":{"rendered":"\n<style type=\"text\/css\" data-created_by=\"avia_inline_auto\" id=\"style-css-av-jlh5g1tc-64079b0337af8fae036a3402c510b747\">\n.avia-section.av-jlh5g1tc-64079b0337af8fae036a3402c510b747{\nbackground-repeat:no-repeat;\nbackground-image:url(https:\/\/coma.lv\/wp-content\/uploads\/2018\/02\/laptop-white.jpg);\nbackground-position:50% 50%;\nbackground-attachment:scroll;\n}\n<\/style>\n<div id='av_section_1'  class='avia-section av-jlh5g1tc-64079b0337af8fae036a3402c510b747 main_color avia-section-default avia-no-border-styling  avia-builder-el-0  el_before_av_section  avia-builder-el-first  avia-full-stretch avia-bg-style-scroll av-minimum-height av-minimum-height-50 av-height-50  container_wrap fullsize'  data-section-bg-repeat='stretch' data-av_minimum_height_pc='50' data-av_min_height_opt='50'><div class='container av-section-cont-open' ><main  role=\"main\" itemprop=\"mainContentOfPage\"  class='template-page content  av-content-full alpha units'><div class='post-entry post-entry-type-page post-entry-26106'><div class='entry-content-wrapper clearfix'>\n\n<style type=\"text\/css\" data-created_by=\"avia_inline_auto\" id=\"style-css-av-kksfe1h2-e471610a1ccfac0ba0d6f6456f3043c4\">\n#top .av-special-heading.av-kksfe1h2-e471610a1ccfac0ba0d6f6456f3043c4{\npadding-bottom:60px;\nfont-size:40px;\n}\nbody .av-special-heading.av-kksfe1h2-e471610a1ccfac0ba0d6f6456f3043c4 .av-special-heading-tag .heading-char{\nfont-size:25px;\n}\n#top #wrap_all .av-special-heading.av-kksfe1h2-e471610a1ccfac0ba0d6f6456f3043c4 .av-special-heading-tag{\nfont-size:40px;\n}\n.av-special-heading.av-kksfe1h2-e471610a1ccfac0ba0d6f6456f3043c4 .av-subheading{\nfont-size:15px;\n}\n\n@media only screen and (min-width: 480px) and (max-width: 767px){ \n#top #wrap_all .av-special-heading.av-kksfe1h2-e471610a1ccfac0ba0d6f6456f3043c4 .av-special-heading-tag{\nfont-size:0.8em;\n}\n}\n\n@media only screen and (max-width: 479px){ \n#top #wrap_all .av-special-heading.av-kksfe1h2-e471610a1ccfac0ba0d6f6456f3043c4 .av-special-heading-tag{\nfont-size:0.8em;\n}\n}\n<\/style>\n<div  class='av-special-heading av-kksfe1h2-e471610a1ccfac0ba0d6f6456f3043c4 av-special-heading-h1 blockquote modern-quote modern-centered  avia-builder-el-1  el_before_av_button  avia-builder-el-first  av-inherit-size av-linked-heading'><h1 class='av-special-heading-tag '  itemprop=\"headline\"  >Interneta veikala izstr\u0101de<\/h1><div class=\"special-heading-border\"><div class=\"special-heading-inner-border\"><\/div><\/div><\/div>\n<div  class='avia-button-wrap av-kjxgz4pp-251d72c431b58fc79e58778f54b9a638-wrap avia-button-center  avia-builder-el-2  el_after_av_heading  el_before_av_codeblock '>\n<style type=\"text\/css\" data-created_by=\"avia_inline_auto\" id=\"style-css-av-kjxgz4pp-251d72c431b58fc79e58778f54b9a638\">\n#top #wrap_all .avia-button.av-kjxgz4pp-251d72c431b58fc79e58778f54b9a638{\nbackground-color:#b48e5f;\nborder-color:#b48e5f;\ncolor:#ffffff;\ntransition:all 0.4s ease-in-out;\n}\n#top #wrap_all .avia-button.av-kjxgz4pp-251d72c431b58fc79e58778f54b9a638 .avia-svg-icon svg:first-child{\nfill:#ffffff;\nstroke:#ffffff;\n}\n<\/style>\n<a href='https:\/\/coma.lv\/lv\/contacts\/'  class='avia-button av-kjxgz4pp-251d72c431b58fc79e58778f54b9a638 av-link-btn avia-icon_select-no avia-size-large avia-position-center'   aria-label=\"Pas\u016bt\u012bt interneta veikala izstr\u0101di\"><span class='avia_iconbox_title' >Pas\u016bt\u012bt interneta veikala izstr\u0101di<\/span><\/a><\/div>\n\n<\/div><\/div><\/main><!-- close content main element --><\/div><\/div><div id='av_section_2'  class='avia-section av-n9pfll-4527c1310d80387d283c6f83e076f65f main_color avia-section-default avia-no-border-styling  avia-builder-el-4  el_after_av_section  el_before_av_section  avia-bg-style-scroll container_wrap fullsize'  ><div class='container av-section-cont-open' ><div class='template-page content  av-content-full alpha units'><div class='post-entry post-entry-type-page post-entry-26106'><div class='entry-content-wrapper clearfix'>\n<div class='flex_column_table av-17kj0lq-a44f741a816af72fb4680c3edc5ea214 sc-av_one_full av-equal-height-column-flextable'>\n<style type=\"text\/css\" data-created_by=\"avia_inline_auto\" id=\"style-css-av-17kj0lq-a44f741a816af72fb4680c3edc5ea214\">\n.flex_column.av-17kj0lq-a44f741a816af72fb4680c3edc5ea214{\nborder-radius:0px 0px 0px 0px;\npadding:0px 0px 0px 0px;\n}\n<\/style>\n<div  class='flex_column av-17kj0lq-a44f741a816af72fb4680c3edc5ea214 av_one_full  avia-builder-el-5  avia-builder-el-no-sibling  first flex_column_table_cell av-equal-height-column av-align-middle av-zero-column-padding  '     ><p>\n<style type=\"text\/css\" data-created_by=\"avia_inline_auto\" id=\"style-css-av-mlsb1qbm-8f133525c9cd963d225625bc989f77de\">\n#top .av-special-heading.av-mlsb1qbm-8f133525c9cd963d225625bc989f77de{\npadding-bottom:20px;\n}\nbody .av-special-heading.av-mlsb1qbm-8f133525c9cd963d225625bc989f77de .av-special-heading-tag .heading-char{\nfont-size:25px;\n}\n.av-special-heading.av-mlsb1qbm-8f133525c9cd963d225625bc989f77de .av-subheading{\nfont-size:15px;\n}\n<\/style>\n<div  class='av-special-heading av-mlsb1qbm-8f133525c9cd963d225625bc989f77de av-special-heading-h1 blockquote modern-quote modern-centered  avia-builder-el-6  el_before_av_textblock  avia-builder-el-first '><h1 class='av-special-heading-tag '  itemprop=\"headline\"  >WordPress + WooCommerce ir lielisks risin\u0101jums interneta veikala izveido\u0161anai.<\/h1><div class=\"special-heading-border\"><div class=\"special-heading-inner-border\"><\/div><\/div><\/div><br \/>\n<section  class='av_textblock_section av-kjxhqxt6-760b9c32dbef442391d199e3e455a7c1 '   itemscope=\"itemscope\" itemtype=\"https:\/\/schema.org\/CreativeWork\" ><div class='avia_textblock'  itemprop=\"text\" ><h2>Interneta veikalu izstr\u0101de ar WooCommerce R\u012bg\u0101<\/h2>\n<p>WooCommerce ir pasaul\u0113 vado\u0161ais e-komercijas risin\u0101jums WordPress platform\u0101. Kop\u0161 2010. gada esam izstr\u0101d\u0101ju\u0161i internetveikalus Latvijas uz\u0146\u0113mumiem da\u017e\u0101d\u0101s nozar\u0113s \u2014 no ap\u0123\u0113rbu p\u0101rdo\u0161anas l\u012bdz ra\u017eo\u0161anas uz\u0146\u0113mumu B2B platform\u0101m.<\/p>\n<p>Interneta veikala izstr\u0101de R\u012bg\u0101 s\u0101kas no <strong>4 000 EUR<\/strong> atkar\u012bb\u0101 no funkcionalit\u0101tes apjoma, produktu skaita un nepiecie\u0161amaj\u0101m integr\u0101cij\u0101m. Bezmaksas t\u0101me 24 stundu laik\u0101.<\/p>\n<h2>Kam tas var\u0113tu noder\u0113t?<\/h2>\n<p>Internetveikals ir piem\u0113rots, ja:<\/p>\n<ul>\n<li>J\u016bs varat pieg\u0101d\u0101t produktu pirc\u0113jam (fiziska prece, digit\u0101ls produkts vai pakalpojums)<\/li>\n<li>V\u0113laties papla\u0161in\u0101t p\u0101rdo\u0161anas kan\u0101lus un sasniegt klientus \u0101rpus Latvijas<\/li>\n<li>Jums nepiecie\u0161ama automatiz\u0113ta pas\u016bt\u012bjumu apstr\u0101de, r\u0113\u0137inu izrakst\u012b\u0161ana un noliktavas p\u0101rvald\u012bba<\/li>\n<\/ul>\n<h2>Latvijas integr\u0101cijas<\/h2>\n<p>M\u0113s integr\u0113jam popul\u0101r\u0101kos Latvijas un starptautiskos pakalpojumus:<\/p>\n<p><strong>Maks\u0101jumu sist\u0113mas:<\/strong> Swedbank, SEB, Citadele, Luminor, Stripe, PayPal<\/p>\n<p><strong>Pieg\u0101des sist\u0113mas:<\/strong> Latvijas Pasts, Omniva, DPD, Venipak<\/p>\n<p><strong>Cenu sal\u012bdzin\u0101t\u0101ji:<\/strong> salidzini.lv, kurpirkt.lv, ceno.lv (XML pl\u016bsmas izveide)<\/p>\n<p><strong>Citas integr\u0101cijas:<\/strong> ERP sist\u0113mas, noliktavas uzskaite, e-pasta m\u0101rketings<\/p>\n<h2>Projekta etapi<\/h2>\n<ol>\n<li><strong>Konsult\u0101cija un t\u0101me.<\/strong> Noskaidrojam veikala m\u0113r\u0137us, produktu kl\u0101stu, nepiecie\u0161am\u0101s integr\u0101cijas. 24h laik\u0101 sniedzam prec\u012bzu t\u0101mi.<\/li>\n<li><strong>Strukt\u016bra un dizains.<\/strong> Izstr\u0101d\u0101jam vietnes strukt\u016bru un galven\u0101s lapas dizainu. J\u016bs apstiprina pirms turpin\u0101m.<\/li>\n<li><strong>Izstr\u0101de un integr\u0101cijas.<\/strong> Programm\u0113jam WordPress + WooCommerce, savienojam maks\u0101jumu un pieg\u0101des sist\u0113mas, iestat\u0101m produktu katalogu.<\/li>\n<li><strong>Test\u0113\u0161ana.<\/strong> P\u0101rbaud\u0101m uz vis\u0101m ier\u012bc\u0113m un p\u0101rl\u016bkprogramm\u0101m, veicam pas\u016bt\u012bjumu procesu testus.<\/li>\n<li><strong>Nodo\u0161ana un apm\u0101c\u012bba.<\/strong> Palai\u017eam veikalu, apm\u0101cam j\u016bsu komandu darbam ar WordPress administr\u0101cijas paneli.<\/li>\n<\/ol>\n<h2>Ko j\u016bs sa\u0146emsiet p\u0113c projekta nodo\u0161anas?<\/h2>\n<ul>\n<li>Piln\u012bb\u0101 funkcion\u0101ls interneta veikals, optimiz\u0113ts \u0101trumam un SEO<\/li>\n<li>Adapt\u012bvs dizains \u2014 korekt\u0101 att\u0113lo\u0161ana uz mobilaj\u0101m ier\u012bc\u0113m, plan\u0161etdatoriem un datoriem<\/li>\n<li>Dro\u0161a savienojuma sertifik\u0101ts (SSL)<\/li>\n<li>Integr\u0113tas Latvijas maks\u0101jumu sist\u0113mas un pieg\u0101des partneri<\/li>\n<li>Apm\u0101c\u012bba \u2014 k\u0101 p\u0101rvald\u012bt produktus, pas\u016bt\u012bjumus un saturu bez programm\u0113t\u0101ja<\/li>\n<li>P\u0113cprojekta atbalsts un uztur\u0113\u0161ana p\u0113c vieno\u0161an\u0101s<\/li>\n<\/ul>\n<h2>Interneta veikala izstr\u0101des cena un termi\u0146i<\/h2>\n<p>Interneta veikala izstr\u0101des cena s\u0101kas no <strong>4 000 EUR<\/strong>. Gala cena atkar\u012bga no:<\/p>\n<ul>\n<li>Produktu skaita un kategoriju strukt\u016bras<\/li>\n<li>Nepiecie\u0161amo integr\u0101ciju skaita (maks\u0101jumi, pieg\u0101de, ERP)<\/li>\n<li>Dizaina sare\u017e\u0123\u012bt\u012bbas<\/li>\n<li>Daudzvalod\u012bguma (LV\/RU\/EN)<\/li>\n<\/ul>\n<p>Tipiskais izstr\u0101des termi\u0146\u0161: <strong>4\u20138 ned\u0113\u013cas<\/strong>. Sazinieties ar mums, lai sa\u0146emtu bezmaksas t\u0101mi 24 stundu laik\u0101.<\/p>\n<h2>Bie\u017e\u0101k uzdotie jaut\u0101jumi<\/h2>\n<p><strong>Cik maks\u0101 interneta veikala izstr\u0101de?<\/strong><br \/>\nInterneta veikala izstr\u0101des cena R\u012bg\u0101 s\u0101kas no 4 000 EUR. Gal\u012bg\u0101 cena atkar\u012bga no funkcionalit\u0101tes un integr\u0101ciju apjoma. Sazinies ar mums \u2014 t\u0101mi sagatavosim 24 stundu laik\u0101.<\/p>\n<p><strong>K\u0101da platforma ir lab\u0101k\u0101 interneta veikalam?<\/strong><br \/>\nWordPress + WooCommerce ir pasaul\u0113 popul\u0101r\u0101kais e-komercijas risin\u0101jums \u2014 elast\u012bgs, izmaksu zi\u0146\u0101 pieejams un viegli p\u0101rvald\u0101ms. M\u0113s specializ\u0113jamies tie\u0161i WooCommerce izstr\u0101d\u0113.<\/p>\n<p><strong>Cik ilgi aiz\u0146em internetveikala izstr\u0101de?<\/strong><br \/>\nTipisks projekts aiz\u0146em 4\u20138 ned\u0113\u013cas no darb\u012bbas uzs\u0101k\u0161anas l\u012bdz palai\u0161anai. Termi\u0146\u0161 atkar\u012bgs no projekta sare\u017e\u0123\u012bt\u012bbas un materi\u0101lu sagatavo\u0161anas \u0101truma no klienta puses.<\/p>\n<p><strong>Vai var integr\u0113t Latvijas bankas un pieg\u0101des sist\u0113mas?<\/strong><br \/>\nJ\u0101. Integr\u0113jam Swedbank, SEB, Citadele, Luminor maks\u0101jumu v\u0101rtejus, k\u0101 ar\u012b Latvijas Pasts, Omniva, DPD un Venipak pieg\u0101des sist\u0113mas.<\/p>\n<\/div><\/section><\/p><\/div><\/div><!--close column table wrapper. Autoclose: 1 -->\n<\/p>\n<\/div><\/div><\/div><!-- close content main div --><\/div><\/div><div id='av_section_3'  class='avia-section av-av_section-7ae82fb492de727f586b09ad599c706a main_color avia-section-default avia-no-border-styling  avia-builder-el-8  el_after_av_section  avia-builder-el-last  avia-bg-style-scroll container_wrap fullsize'  ><div class='container av-section-cont-open' ><div class='template-page content  av-content-full alpha units'><div class='post-entry post-entry-type-page post-entry-26106'><div class='entry-content-wrapper clearfix'>\n<div class='flex_column_table av-av_one_full-1d7a191295b59b2e4a61f3ad50de3ea0 sc-av_one_full av-equal-height-column-flextable'>\n<style type=\"text\/css\" data-created_by=\"avia_inline_auto\" id=\"style-css-av-av_one_full-1d7a191295b59b2e4a61f3ad50de3ea0\">\n.flex_column.av-av_one_full-1d7a191295b59b2e4a61f3ad50de3ea0{\nborder-radius:0px 0px 0px 0px;\npadding:0px 0px 0px 0px;\n}\n<\/style>\n<div  class='flex_column av-av_one_full-1d7a191295b59b2e4a61f3ad50de3ea0 av_one_full  avia-builder-el-9  el_before_av_one_full  avia-builder-el-first  first flex_column_table_cell av-equal-height-column av-align-middle av-zero-column-padding  '     ><p>\n<style type=\"text\/css\" data-created_by=\"avia_inline_auto\" id=\"style-css-av-av_heading-2483813e4ed55e96f123cbdfc28cc92d\">\n#top .av-special-heading.av-av_heading-2483813e4ed55e96f123cbdfc28cc92d{\npadding-bottom:20px;\n}\nbody .av-special-heading.av-av_heading-2483813e4ed55e96f123cbdfc28cc92d .av-special-heading-tag .heading-char{\nfont-size:25px;\n}\n.av-special-heading.av-av_heading-2483813e4ed55e96f123cbdfc28cc92d .av-subheading{\nfont-size:15px;\n}\n<\/style>\n<div  class='av-special-heading av-av_heading-2483813e4ed55e96f123cbdfc28cc92d av-special-heading-h2 blockquote modern-quote  avia-builder-el-10  el_before_av_textblock  avia-builder-el-first '><h2 class='av-special-heading-tag '  itemprop=\"headline\"  >Klienti, kuri izmanto m\u016bsu tie\u0161saistes p\u0101rdo\u0161anas platformu<\/h2><div class=\"special-heading-border\"><div class=\"special-heading-inner-border\"><\/div><\/div><\/div><br \/>\n<section  class='av_textblock_section av-av_textblock-23482006190359359522c957f3a311aa '   itemscope=\"itemscope\" itemtype=\"https:\/\/schema.org\/CreativeWork\" ><div class='avia_textblock'  itemprop=\"text\" ><p>\u0160eit ir da\u017ei no m\u016bsu klientiem, kuri ir uztic\u0113ju\u0161i mums savus projektus un piln\u012bb\u0101 izmanto WordPress, WooCommerce un LiteSpeed mitin\u0101\u0161anas priek\u0161roc\u012bbas.<\/p>\n<\/div><\/section><br \/>\n\n<style type=\"text\/css\" data-created_by=\"avia_inline_auto\" id=\"style-css-av-av_partner-55d6e06dfc67c3b1dabeafda6e376342\">\n.avia-logo-element-container.av-av_partner-55d6e06dfc67c3b1dabeafda6e376342 .av-partner-fake-img{\nbackground-size:cover;\n}\n<\/style>\n<div  class='avia-logo-element-container av-av_partner-55d6e06dfc67c3b1dabeafda6e376342 avia-logo-slider avia-content-slider avia-smallarrow-slider avia-content-slider-active noHover avia-content-slider-odd  avia-builder-el-12  el_after_av_textblock  avia-builder-el-last  av-slideshow-ui av-control-default av-nav-arrows-visible av-nav-dots-visible av-no-slider-navigation av-slideshow-manual av-loop-once av-loop-manual-endless avia-content-slider1' data-slideshow-options=\"{&quot;animation&quot;:&quot;slide&quot;,&quot;autoplay&quot;:false,&quot;loop_autoplay&quot;:&quot;once&quot;,&quot;interval&quot;:5,&quot;loop_manual&quot;:&quot;manual-endless&quot;,&quot;autoplay_stopper&quot;:false,&quot;noNavigation&quot;:false,&quot;bg_slider&quot;:false,&quot;keep_padding&quot;:&quot;&quot;,&quot;hoverpause&quot;:false,&quot;show_slide_delay&quot;:0}\"><div class='avia-smallarrow-slider-heading  no-logo-slider-heading '><div class='new-special-heading'>&nbsp;<\/div><\/div><div class=\"avia-content-slider-inner\"><div class=\"slide-entry-wrap\"><div  class='slide-entry av-av_partner_logo-ae4e29b84a5a57136cc440a2e86ff242 flex_column no_margin av_one_third real-thumbnail post-entry slide-entry-overview slide-loop-1 slide-parity-odd  first'><a href=\"https:\/\/e-laimalux.lv\/\" data-rel=\"slide-1\" class=\"slide-image\" title=\"\" target=\"_blank\" rel=\"noopener noreferrer\"><span class='av-partner-fake-img' style='padding-bottom:66.7%; background-image:url(https:\/\/coma.lv\/wp-content\/uploads\/2020\/11\/Laimalux.jpg);'><\/span><\/a><\/div><div  class='slide-entry av-av_partner_logo-5af35844e3bb6c725c27242fc1bbea8e flex_column no_margin av_one_third real-thumbnail post-entry slide-entry-overview slide-loop-2 slide-parity-even  '><a href=\"https:\/\/www.sonel.lv\/\" data-rel=\"slide-1\" class=\"slide-image\" title=\"\" target=\"_blank\" rel=\"noopener noreferrer\"><span class='av-partner-fake-img' style='padding-bottom:66.7%; background-image:url(https:\/\/coma.lv\/wp-content\/uploads\/2024\/05\/2-min.jpg);'><\/span><\/a><\/div><div  class='slide-entry av-av_partner_logo-eb47b8f5d0084a316adb8b7ca3df1683 flex_column no_margin av_one_third real-thumbnail post-entry slide-entry-overview slide-loop-3 slide-parity-odd post-entry-last '><a href=\"https:\/\/silvanols.lv\/\" data-rel=\"slide-1\" class=\"slide-image\" title=\"\" target=\"_blank\" rel=\"noopener noreferrer\"><span class='av-partner-fake-img' style='padding-bottom:66.7%; background-image:url(https:\/\/coma.lv\/wp-content\/uploads\/2023\/12\/silvanols_book_labots-1250x833-1.png);'><\/span><\/a><\/div><\/div><\/div><\/div><\/p><\/div><\/div><!--close column table wrapper. Autoclose: 1 --><div class='flex_column_table av-av_one_full-1d7a191295b59b2e4a61f3ad50de3ea0 sc-av_one_full av-equal-height-column-flextable'>\n<style type=\"text\/css\" data-created_by=\"avia_inline_auto\" id=\"style-css-av-av_one_full-1d7a191295b59b2e4a61f3ad50de3ea0\">\n.flex_column.av-av_one_full-1d7a191295b59b2e4a61f3ad50de3ea0{\nborder-radius:0px 0px 0px 0px;\npadding:0px 0px 0px 0px;\n}\n<\/style>\n<div  class='flex_column av-av_one_full-1d7a191295b59b2e4a61f3ad50de3ea0 av_one_full  avia-builder-el-13  el_after_av_one_full  avia-builder-el-last  first flex_column_table_cell av-equal-height-column av-align-middle av-zero-column-padding  column-top-margin'     ><p>\n<style type=\"text\/css\" data-created_by=\"avia_inline_auto\" id=\"style-css-av-av_heading-eea5592c8b7ce09cfe3d6c4ffa92fc07\">\n#top .av-special-heading.av-av_heading-eea5592c8b7ce09cfe3d6c4ffa92fc07{\npadding-bottom:40px;\n}\nbody .av-special-heading.av-av_heading-eea5592c8b7ce09cfe3d6c4ffa92fc07 .av-special-heading-tag .heading-char{\nfont-size:25px;\n}\n.av-special-heading.av-av_heading-eea5592c8b7ce09cfe3d6c4ffa92fc07 .av-subheading{\nfont-size:15px;\n}\n<\/style>\n<div  class='av-special-heading av-av_heading-eea5592c8b7ce09cfe3d6c4ffa92fc07 av-special-heading-h2 blockquote modern-quote  avia-builder-el-14  el_before_av_button  avia-builder-el-first '><h2 class='av-special-heading-tag '  itemprop=\"headline\"  >Papla\u0161iniet savu potenci\u0101lo klientu loku<\/h2><div class=\"special-heading-border\"><div class=\"special-heading-inner-border\"><\/div><\/div><\/div><br \/>\n<div  class='avia-button-wrap av-av_button-9ab6d665ae1287a0ebc76e80cf039c68-wrap avia-button-center  avia-builder-el-15  el_after_av_heading  avia-builder-el-last '>\n<style type=\"text\/css\" data-created_by=\"avia_inline_auto\" id=\"style-css-av-av_button-9ab6d665ae1287a0ebc76e80cf039c68\">\n#top #wrap_all .avia-button.av-av_button-9ab6d665ae1287a0ebc76e80cf039c68{\nbackground-color:#b48e5f;\nborder-color:#b48e5f;\ncolor:#ffffff;\ntransition:all 0.4s ease-in-out;\n}\n#top #wrap_all .avia-button.av-av_button-9ab6d665ae1287a0ebc76e80cf039c68 .avia-svg-icon svg:first-child{\nfill:#ffffff;\nstroke:#ffffff;\n}\n<\/style>\n<a href=\"https:\/\/coma.lv\/lv\/contacts\/\" class=\"avia-button av-av_button-9ab6d665ae1287a0ebc76e80cf039c68 av-link-btn avia-icon_select-no avia-size-medium avia-position-center\" aria-label=\"Pas\u016bt\u012bt interneta veikala izstr\u0101di\"><span class='avia_iconbox_title' >Pas\u016bt\u012bt interneta veikala izstr\u0101di<\/span><\/a><\/div><\/p><\/div><\/div><!--close column table wrapper. Autoclose: 1 -->\n\n","protected":false},"excerpt":{"rendered":"","protected":false},"author":1,"featured_media":0,"parent":26079,"menu_order":0,"comment_status":"closed","ping_status":"closed","template":"","meta":{"footnotes":""},"class_list":["post-26106","page","type-page","status-publish","hentry"],"_links":{"self":[{"href":"https:\/\/coma.lv\/lv\/wp-json\/wp\/v2\/pages\/26106","targetHints":{"allow":["GET"]}}],"collection":[{"href":"https:\/\/coma.lv\/lv\/wp-json\/wp\/v2\/pages"}],"about":[{"href":"https:\/\/coma.lv\/lv\/wp-json\/wp\/v2\/types\/page"}],"author":[{"embeddable":true,"href":"https:\/\/coma.lv\/lv\/wp-json\/wp\/v2\/users\/1"}],"replies":[{"embeddable":true,"href":"https:\/\/coma.lv\/lv\/wp-json\/wp\/v2\/comments?post=26106"}],"version-history":[{"count":6,"href":"https:\/\/coma.lv\/lv\/wp-json\/wp\/v2\/pages\/26106\/revisions"}],"predecessor-version":[{"id":38659,"href":"https:\/\/coma.lv\/lv\/wp-json\/wp\/v2\/pages\/26106\/revisions\/38659"}],"up":[{"embeddable":true,"href":"https:\/\/coma.lv\/lv\/wp-json\/wp\/v2\/pages\/26079"}],"wp:attachment":[{"href":"https:\/\/coma.lv\/lv\/wp-json\/wp\/v2\/media?parent=26106"}],"curies":[{"name":"wp","href":"https:\/\/api.w.org\/{rel}","templated":true}]}}