{"id":26096,"date":"2018-05-07T12:56:39","date_gmt":"2018-05-07T09:56:39","guid":{"rendered":"https:\/\/www.coma.lv\/services\/korporativas-majas-lapas-izstrade\/"},"modified":"2026-03-14T01:47:00","modified_gmt":"2026-03-13T23:47:00","slug":"corporate","status":"publish","type":"page","link":"https:\/\/coma.lv\/lv\/services\/corporate\/","title":{"rendered":"Korporat\u012bv\u0101s m\u0101jaslapas izstr\u0101de"},"content":{"rendered":"\n<style type=\"text\/css\" data-created_by=\"avia_inline_auto\" id=\"style-css-av-jlh5g1tc-64079b0337af8fae036a3402c510b747\">\n.avia-section.av-jlh5g1tc-64079b0337af8fae036a3402c510b747{\nbackground-repeat:no-repeat;\nbackground-image:url(https:\/\/coma.lv\/wp-content\/uploads\/2018\/02\/laptop-white.jpg);\nbackground-position:50% 50%;\nbackground-attachment:scroll;\n}\n<\/style>\n<div id='av_section_1'  class='avia-section av-jlh5g1tc-64079b0337af8fae036a3402c510b747 main_color avia-section-default avia-no-border-styling  avia-builder-el-0  el_before_av_section  avia-builder-el-first  avia-full-stretch avia-bg-style-scroll av-minimum-height av-minimum-height-50 av-height-50  container_wrap fullsize'  data-section-bg-repeat='stretch' data-av_minimum_height_pc='50' data-av_min_height_opt='50'><div class='container av-section-cont-open' ><main  role=\"main\" itemprop=\"mainContentOfPage\"  class='template-page content  av-content-full alpha units'><div class='post-entry post-entry-type-page post-entry-26096'><div class='entry-content-wrapper clearfix'>\n\n<style type=\"text\/css\" data-created_by=\"avia_inline_auto\" id=\"style-css-av-kksghs94-32e90033a2affbb9411d828965e67d9a\">\n#top .av-special-heading.av-kksghs94-32e90033a2affbb9411d828965e67d9a{\npadding-bottom:60px;\nfont-size:40px;\n}\nbody .av-special-heading.av-kksghs94-32e90033a2affbb9411d828965e67d9a .av-special-heading-tag .heading-char{\nfont-size:25px;\n}\n#top #wrap_all .av-special-heading.av-kksghs94-32e90033a2affbb9411d828965e67d9a .av-special-heading-tag{\nfont-size:40px;\n}\n.av-special-heading.av-kksghs94-32e90033a2affbb9411d828965e67d9a .av-subheading{\nfont-size:15px;\n}\n\n@media only screen and (min-width: 480px) and (max-width: 767px){ \n#top #wrap_all .av-special-heading.av-kksghs94-32e90033a2affbb9411d828965e67d9a .av-special-heading-tag{\nfont-size:0.8em;\n}\n}\n\n@media only screen and (max-width: 479px){ \n#top #wrap_all .av-special-heading.av-kksghs94-32e90033a2affbb9411d828965e67d9a .av-special-heading-tag{\nfont-size:0.8em;\n}\n}\n<\/style>\n<div  class='av-special-heading av-kksghs94-32e90033a2affbb9411d828965e67d9a av-special-heading-h1 blockquote modern-quote modern-centered  avia-builder-el-1  el_before_av_button  avia-builder-el-first  av-inherit-size av-linked-heading'><h1 class='av-special-heading-tag '  itemprop=\"headline\"  >Korporat\u012bv\u0101s m\u0101jaslapas izstr\u0101de uz WordPress<\/h1><div class=\"special-heading-border\"><div class=\"special-heading-inner-border\"><\/div><\/div><\/div>\n<div  class='avia-button-wrap av-kk1s7cnf-50d825734f38dea0ba98aee495f71cb4-wrap avia-button-center  avia-builder-el-2  el_after_av_heading  avia-builder-el-last '>\n<style type=\"text\/css\" data-created_by=\"avia_inline_auto\" id=\"style-css-av-kk1s7cnf-50d825734f38dea0ba98aee495f71cb4\">\n#top #wrap_all .avia-button.av-kk1s7cnf-50d825734f38dea0ba98aee495f71cb4{\nbackground-color:#b48e5f;\nborder-color:#b48e5f;\ncolor:#ffffff;\ntransition:all 0.4s ease-in-out;\n}\n#top #wrap_all .avia-button.av-kk1s7cnf-50d825734f38dea0ba98aee495f71cb4 .avia-svg-icon svg:first-child{\nfill:#ffffff;\nstroke:#ffffff;\n}\n<\/style>\n<a href='https:\/\/coma.lv\/lv\/contacts\/'  class='avia-button av-kk1s7cnf-50d825734f38dea0ba98aee495f71cb4 av-link-btn avia-icon_select-no avia-size-large avia-position-center'   aria-label=\"Pas\u016bt\u012bt korporat\u012bv\u0101s m\u0101jaslapas izstr\u0101di\"><span class='avia_iconbox_title' >Pas\u016bt\u012bt korporat\u012bv\u0101s m\u0101jaslapas izstr\u0101di<\/span><\/a><\/div>\n<\/div><\/div><\/main><!-- close content main element --><\/div><\/div><div id='av_section_2'  class='avia-section av-ixhaem-d47c1000915aa1003973c16ed0a0b38f main_color avia-section-default avia-no-border-styling  avia-builder-el-3  el_after_av_section  avia-builder-el-last  avia-bg-style-scroll container_wrap fullsize'  ><div class='container av-section-cont-open' ><div class='template-page content  av-content-full alpha units'><div class='post-entry post-entry-type-page post-entry-26096'><div class='entry-content-wrapper clearfix'>\n\n<style type=\"text\/css\" data-created_by=\"avia_inline_auto\" id=\"style-css-av-f1zfda-1f5c7a83d8ab40c34f4c771a8cfb137e\">\n.flex_column.av-f1zfda-1f5c7a83d8ab40c34f4c771a8cfb137e{\nborder-radius:0px 0px 0px 0px;\npadding:0px 0px 0px 0px;\n}\n<\/style>\n<div  class='flex_column av-f1zfda-1f5c7a83d8ab40c34f4c771a8cfb137e av_one_full  avia-builder-el-4  avia-builder-el-no-sibling  first flex_column_div av-zero-column-padding  '     ><section  class='av_textblock_section av-1wa970u-f35819debd8fe4d20fbb05ac4782d4a9 '   itemscope=\"itemscope\" itemtype=\"https:\/\/schema.org\/CreativeWork\" ><div class='avia_textblock'  itemprop=\"text\" ><h2>Kas ir korporat\u012bv\u0101 t\u012bmek\u013ca vietne?<\/h2>\n<p>Korporat\u012bv\u0101 vietne sast\u0101v no vair\u0101k nek\u0101 6 lappus\u0113m un ir pilnv\u0113rt\u012bgs resurss, kur\u0101 j\u016bsu uz\u0146\u0113mums sniedz detaliz\u0113tus savu pakalpojumu un projektu aprakstus.<\/p>\n<p>M\u0113s neierobe\u017eojam maksim\u0101lo lapu skaitu, kas var b\u016bt klienta vietn\u0113. Lappu\u0161u skaits ir vien\u012bg\u0101 at\u0161\u0137ir\u012bba no promo m\u0101jas lapas.<\/p>\n<h2>Kam tas var\u0113tu noder\u0113t?<\/h2>\n<p>Korporat\u012bv\u0101 vietne ir piem\u0113rota uz\u0146\u0113mumiem un uz\u0146\u0113m\u0113jiem, kuri v\u0113las p\u0113c iesp\u0113jas detaliz\u0113t\u0101k aprakst\u012bt savas preces un pakalpojumus, bet nesare\u017e\u0123\u012bt izstr\u0101di ar iesp\u0113ju pirkt un maks\u0101t par prec\u0113m vietn\u0113.<\/p>\n<h2>Jums tas ir piem\u0113rots. Ko dar\u012bt t\u0101l\u0101k?<\/h2>\n<p>Mums j\u0101sa\u0146em vietnes strukt\u016bra un materi\u0101li (teksts, fotogr\u0101fijas), kurus v\u0113laties redz\u0113t katr\u0101 lappus\u0113. Vislab\u0101k ir s\u0101kt ar strukt\u016bru, kuru varat izveidot, piem\u0113ram, vietn\u0113 <span style=\"text-decoration: underline;\"><a href=\"https:\/\/octopus.do\/\" target=\"_blank\" rel=\"noopener\">octopus.do<\/a><\/span>.<\/p>\n<h2>Materi\u0101li ir gatavi. Ko t\u0101l\u0101k?<\/h2>\n<p>P\u0113c pl\u0101na sa\u0146em\u0161anas, kas mums pal\u012bdz\u0113s izprast darba apjomu, m\u0113s sniegsim jums cenu pied\u0101v\u0101jumu un vietnes izstr\u0101des termi\u0146u. Jo prec\u012bz\u0101ks ir uzdevums, jo prec\u012bz\u0101ks b\u016bs m\u016bsu cenu pied\u0101v\u0101jums. Ja uzdevums nav piln\u012bb\u0101 noformul\u0113ts vai paredz pras\u012bbu mai\u0146u proces\u0101, m\u0113s pied\u0101v\u0101jam stundas likmes darba sh\u0113mu.<\/p>\n<p>Pirmais darba posms b\u016bs vietnes galven\u0101s lapas dizaina izstr\u0101de un t\u0101s saska\u0146o\u0161ana ar jums. Projekt\u0113\u0161anas laik\u0101 j\u016bs varat veikt jebk\u0101dus labojumus. Kad galven\u0101 lapa un t\u0101s stils ir apstiprin\u0101ti, m\u0113s turpin\u0101sim veidot adapt\u012bvu noform\u0113jumus p\u0101r\u0113j\u0101m lappus\u0113m.<\/p>\n<p>P\u0113c visu lapu dizaina apstiprin\u0101\u0161anas m\u0113s s\u0101ksim programm\u0113t un pievienosim visus modu\u013cus.<\/p>\n<h2>Ko j\u016bs sa\u0146emsiet p\u0113c projekta nodo\u0161anas?<\/h2>\n<p>J\u016bs sa\u0146emsiet piln\u012bb\u0101 pabeigtu projektu, kas izvietots uz m\u016bsu vai j\u016bsu hostinga.<\/p>\n<ul>\n<li>Vietne izskat\u012bsies k\u0101 uz apstiprin\u0101t\u0101m skic\u0113m gan lieliem ekr\u0101niem, gan mobil\u0101m ier\u012bc\u0113m.<\/li>\n<li>M\u0113s optimiz\u0113sim j\u016bsu vietni p\u0113c iesp\u0113jas \u0101tr\u0101kai iel\u0101dei. Ja j\u016bs izlemjat izmantot m\u016bsu WordPress hostingu, j\u016bs sa\u0146emsiet kvalitat\u012bvu pakalpojumu un 99,9% darb\u012bbas laiku.<\/li>\n<li>M\u0113s apm\u0101c\u012bsim j\u016bs str\u0101d\u0101t ar WordPress administr\u0101cijas sist\u0113mu un par\u0101d\u012bsim, k\u0101 main\u012bt t\u012bmek\u013ca vietnes saturu bez m\u016bsu pal\u012bdz\u012bbas.<\/li>\n<li>Ja j\u016bs izlemsiet izmantot savu hostinga serveri, m\u0113s izvietosim t\u012bmek\u013ca vietni j\u016bsu hosting\u0101 un konfigur\u0113sim visus nepiecie\u0161amos modu\u013cus.<\/li>\n<\/ul>\n<\/div><\/section><\/div>\n<\/p>\n","protected":false},"excerpt":{"rendered":"","protected":false},"author":1,"featured_media":0,"parent":26079,"menu_order":0,"comment_status":"closed","ping_status":"closed","template":"","meta":{"footnotes":""},"class_list":["post-26096","page","type-page","status-publish","hentry"],"_links":{"self":[{"href":"https:\/\/coma.lv\/lv\/wp-json\/wp\/v2\/pages\/26096","targetHints":{"allow":["GET"]}}],"collection":[{"href":"https:\/\/coma.lv\/lv\/wp-json\/wp\/v2\/pages"}],"about":[{"href":"https:\/\/coma.lv\/lv\/wp-json\/wp\/v2\/types\/page"}],"author":[{"embeddable":true,"href":"https:\/\/coma.lv\/lv\/wp-json\/wp\/v2\/users\/1"}],"replies":[{"embeddable":true,"href":"https:\/\/coma.lv\/lv\/wp-json\/wp\/v2\/comments?post=26096"}],"version-history":[{"count":2,"href":"https:\/\/coma.lv\/lv\/wp-json\/wp\/v2\/pages\/26096\/revisions"}],"predecessor-version":[{"id":38099,"href":"https:\/\/coma.lv\/lv\/wp-json\/wp\/v2\/pages\/26096\/revisions\/38099"}],"up":[{"embeddable":true,"href":"https:\/\/coma.lv\/lv\/wp-json\/wp\/v2\/pages\/26079"}],"wp:attachment":[{"href":"https:\/\/coma.lv\/lv\/wp-json\/wp\/v2\/media?parent=26096"}],"curies":[{"name":"wp","href":"https:\/\/api.w.org\/{rel}","templated":true}]}}