{"id":26079,"date":"2018-04-02T18:16:28","date_gmt":"2018-04-02T15:16:28","guid":{"rendered":"https:\/\/www.coma.lv\/pakalpojumi\/"},"modified":"2026-04-14T03:54:15","modified_gmt":"2026-04-14T00:54:15","slug":"services","status":"publish","type":"page","link":"https:\/\/coma.lv\/lv\/services\/","title":{"rendered":"Pakalpojumi"},"content":{"rendered":"\n<style type=\"text\/css\" data-created_by=\"avia_inline_auto\" id=\"style-css-av-kf86127f-0b14ef85c8dd15f750184a4eaed3a48a\">\n.avia-section.av-kf86127f-0b14ef85c8dd15f750184a4eaed3a48a{\nbackground-repeat:no-repeat;\nbackground-image:url(https:\/\/coma.lv\/wp-content\/uploads\/2018\/02\/laptop-white.jpg);\nbackground-position:50% 50%;\nbackground-attachment:scroll;\n}\n<\/style>\n<div id='av_section_1'  class='avia-section av-kf86127f-0b14ef85c8dd15f750184a4eaed3a48a main_color avia-section-default avia-no-border-styling  avia-builder-el-0  el_before_av_section  avia-builder-el-first  avia-full-stretch avia-bg-style-scroll av-minimum-height av-minimum-height-50 av-height-50  container_wrap fullsize'  data-section-bg-repeat='stretch' data-av_minimum_height_pc='50' data-av_min_height_opt='50'><div class='container av-section-cont-open' ><main  role=\"main\" itemprop=\"mainContentOfPage\"  class='template-page content  av-content-full alpha units'><div class='post-entry post-entry-type-page post-entry-26079'><div class='entry-content-wrapper clearfix'>\n\n<style type=\"text\/css\" data-created_by=\"avia_inline_auto\" id=\"style-css-av-k3is914t-9a2902fb99143e49800502d4672a158f\">\n#top .av-special-heading.av-k3is914t-9a2902fb99143e49800502d4672a158f{\npadding-bottom:10px;\nfont-size:40px;\n}\nbody .av-special-heading.av-k3is914t-9a2902fb99143e49800502d4672a158f .av-special-heading-tag .heading-char{\nfont-size:25px;\n}\n#top #wrap_all .av-special-heading.av-k3is914t-9a2902fb99143e49800502d4672a158f .av-special-heading-tag{\nfont-size:40px;\n}\n.av-special-heading.av-k3is914t-9a2902fb99143e49800502d4672a158f .av-subheading{\nfont-size:15px;\n}\n\n@media only screen and (min-width: 480px) and (max-width: 767px){ \n#top #wrap_all .av-special-heading.av-k3is914t-9a2902fb99143e49800502d4672a158f .av-special-heading-tag{\nfont-size:0.8em;\n}\n}\n\n@media only screen and (max-width: 479px){ \n#top #wrap_all .av-special-heading.av-k3is914t-9a2902fb99143e49800502d4672a158f .av-special-heading-tag{\nfont-size:0.8em;\n}\n}\n<\/style>\n<div  class='av-special-heading av-k3is914t-9a2902fb99143e49800502d4672a158f av-special-heading-h1 blockquote modern-quote modern-centered  avia-builder-el-1  el_before_av_codeblock  avia-builder-el-first  av-inherit-size'><h1 class='av-special-heading-tag '  itemprop=\"headline\"  >Pakalpojumi<\/h1><div class=\"special-heading-border\"><div class=\"special-heading-inner-border\"><\/div><\/div><\/div>\n\n<\/div><\/div><\/main><!-- close content main element --><\/div><\/div><div id='av_section_2'  class='avia-section av-c4lcvb2-3e8ddd8fecea126d139ac983d654a8c6 main_color avia-section-large avia-no-border-styling  avia-builder-el-3  el_after_av_section  avia-builder-el-last  avia-bg-style-scroll container_wrap fullsize'  ><div class='container av-section-cont-open' ><div class='template-page content  av-content-full alpha units'><div class='post-entry post-entry-type-page post-entry-26079'><div class='entry-content-wrapper clearfix'>\n\n<style type=\"text\/css\" data-created_by=\"avia_inline_auto\" id=\"style-css-av-ji66vbwk-7bc46d266a7cb88e1b859e1965ca24f5\">\n#top .hr.hr-invisible.av-ji66vbwk-7bc46d266a7cb88e1b859e1965ca24f5{\nheight:50px;\n}\n<\/style>\n<div  class='hr av-ji66vbwk-7bc46d266a7cb88e1b859e1965ca24f5 hr-invisible  avia-builder-el-4  el_before_av_one_third  avia-builder-el-first '><span class='hr-inner '><span class=\"hr-inner-style\"><\/span><\/span><\/div>\n<div class='flex_column_table av-1418jge-e44aba3bc92d1c3f68bc94c0423fd157 sc-av_one_third av-equal-height-column-flextable'>\n<style type=\"text\/css\" data-created_by=\"avia_inline_auto\" id=\"style-css-av-1418jge-e44aba3bc92d1c3f68bc94c0423fd157\">\n.flex_column.av-1418jge-e44aba3bc92d1c3f68bc94c0423fd157{\nborder-radius:0px 0px 0px 0px;\npadding:0px 0px 0px 0px;\n}\n<\/style>\n<div  class='flex_column av-1418jge-e44aba3bc92d1c3f68bc94c0423fd157 av_one_third  avia-builder-el-5  el_after_av_hr  el_before_av_one_third  first flex_column_table_cell av-equal-height-column av-align-top av-zero-column-padding avia-link-column av-column-link  '    data-link-column-url=\"https:\/\/coma.lv\/lv\/services\/promo\/\"   ><a class=\"av-screen-reader-only\" href=https:\/\/coma.lv\/lv\/services\/promo\/ >Link to: Promo m\u0101jaslapas izstr\u0101de<\/a><section  class='av_textblock_section av-9uldfpa-db76c0e58a8aa9701ec673810e308b28 '   itemscope=\"itemscope\" itemtype=\"https:\/\/schema.org\/CreativeWork\" ><div class='avia_textblock'  itemprop=\"text\" ><h2 style=\"text-align: center;\">Promo lapu izstr\u0101de<\/h2>\n<\/div><\/section><br \/>\n<div  class='hr av-9dthgta-2b984d43d088f1b07bab9fd4f3231161 hr-short  avia-builder-el-7  el_after_av_textblock  el_before_av_textblock  hr-center'><span class='hr-inner '><span class=\"hr-inner-style\"><\/span><\/span><\/div><br \/>\n<section  class='av_textblock_section av-8u8bnxa-290e707167be9bb34686e49a19db6c21 '   itemscope=\"itemscope\" itemtype=\"https:\/\/schema.org\/CreativeWork\" ><div class='avia_textblock'  itemprop=\"text\" ><p>Promo lapa \u2014 t\u0101 ir neliela m\u0101jaslapa, kas sast\u0101v no 4-5 lap\u0101m ar uz\u0146\u0113muma inform\u0101ciju, pakalpojumiem vai projektiem.<\/p>\n<\/div><\/section><\/p><\/div><div class='av-flex-placeholder'><\/div>\n<style type=\"text\/css\" data-created_by=\"avia_inline_auto\" id=\"style-css-av-rweswu-082ed77521e1b91cdcda63cfc970996c\">\n.flex_column.av-rweswu-082ed77521e1b91cdcda63cfc970996c{\nborder-radius:0px 0px 0px 0px;\npadding:0px 0px 0px 0px;\n}\n<\/style>\n<div  class='flex_column av-rweswu-082ed77521e1b91cdcda63cfc970996c av_one_third  avia-builder-el-9  el_after_av_one_third  el_before_av_one_third  flex_column_table_cell av-equal-height-column av-align-top av-zero-column-padding avia-link-column av-column-link  '    data-link-column-url=\"https:\/\/coma.lv\/lv\/services\/corporate\/\"   ><a class=\"av-screen-reader-only\" href=https:\/\/coma.lv\/lv\/services\/corporate\/ >Link to: Korporat\u012bv\u0101s m\u0101jaslapas izstr\u0101de<\/a><section  class='av_textblock_section av-6243v3y-03e3df411c676e316e7015cc65287c28 '   itemscope=\"itemscope\" itemtype=\"https:\/\/schema.org\/CreativeWork\" ><div class='avia_textblock'  itemprop=\"text\" ><h2 style=\"text-align: center;\">Korporat\u012bvo m\u0101jaslapu izstr\u0101de<\/h2>\n<\/div><\/section><br \/>\n<div  class='hr av-5qixfj2-710ce873dd024d0ed06f0529dbbc338d hr-short  avia-builder-el-11  el_after_av_textblock  el_before_av_textblock  hr-center'><span class='hr-inner '><span class=\"hr-inner-style\"><\/span><\/span><\/div><br \/>\n<section  class='av_textblock_section av-5f96iri-b02d68f5d421bf2525fc7a5c3d742596 '   itemscope=\"itemscope\" itemtype=\"https:\/\/schema.org\/CreativeWork\" ><div class='avia_textblock'  itemprop=\"text\" ><p>Korporat\u012bv\u0101 m\u0101jaslapa sast\u0101v no vair\u0101k k\u0101 6 lap\u0101m <span lang=\"lv\" tabindex=\"0\">un ir piln\u012bgs resursu kopums, kur\u0101 uz\u0146\u0113mums sniedz detaliz\u0113tus savu pakalpojumu un projektu aprakstus.<\/span><\/p>\n<\/div><\/section><\/p><\/div><div class='av-flex-placeholder'><\/div>\n<style type=\"text\/css\" data-created_by=\"avia_inline_auto\" id=\"style-css-av-44a76f2-8f6a48cb6a4515faec10fc73f74624c1\">\n.flex_column.av-44a76f2-8f6a48cb6a4515faec10fc73f74624c1{\nborder-radius:0px 0px 0px 0px;\npadding:0px 0px 0px 0px;\n}\n<\/style>\n<div  class='flex_column av-44a76f2-8f6a48cb6a4515faec10fc73f74624c1 av_one_third  avia-builder-el-13  el_after_av_one_third  el_before_av_one_third  flex_column_table_cell av-equal-height-column av-align-top av-zero-column-padding avia-link-column av-column-link  '    data-link-column-url=\"https:\/\/coma.lv\/lv\/services\/e-commerce\/\"   ><a class=\"av-screen-reader-only\" href=https:\/\/coma.lv\/lv\/services\/e-commerce\/ >Link to: Interneta veikala izstr\u0101de<\/a><section  class='av_textblock_section av-2nzi9a6-714b5ec3a9e2031cd87b96058dfa3a83 '   itemscope=\"itemscope\" itemtype=\"https:\/\/schema.org\/CreativeWork\" ><div class='avia_textblock'  itemprop=\"text\" ><h2 style=\"text-align: center;\">Interneta veikalu izstr\u0101de<\/h2>\n<\/div><\/section><br \/>\n<div  class='hr av-2a2qkda-81c1fa994ea3fb58b0560268c1012a64 hr-short  avia-builder-el-15  el_after_av_textblock  el_before_av_textblock  hr-center'><span class='hr-inner '><span class=\"hr-inner-style\"><\/span><\/span><\/div><br \/>\n<section  class='av_textblock_section av-1rh6hge-db58cf768dde28c1238543dd30b82057 '   itemscope=\"itemscope\" itemtype=\"https:\/\/schema.org\/CreativeWork\" ><div class='avia_textblock'  itemprop=\"text\" ><p>Interneta veikals atbalsta integr\u0101ciju ar maks\u0101jumu un banku sist\u0113m\u0101m, lai klienti var\u0113tu nor\u0113\u0137in\u0101ties ar kred\u012btkart\u0113m.<\/p>\n<\/div><\/section><\/p><\/div><\/div><!--close column table wrapper. Autoclose: 1 -->\n<style type=\"text\/css\" data-created_by=\"avia_inline_auto\" id=\"style-css-av-44a76f2-119f4639a26defc86638c1fd7f7318df\">\n.flex_column.av-44a76f2-119f4639a26defc86638c1fd7f7318df{\nborder-radius:0px 0px 0px 0px;\npadding:0px 0px 0px 0px;\n}\n<\/style>\n<div  class='flex_column av-44a76f2-119f4639a26defc86638c1fd7f7318df av_one_third  avia-builder-el-17  el_after_av_one_third  el_before_av_one_third  first flex_column_div av-zero-column-padding avia-link-column av-column-link  column-top-margin'    data-link-column-url=\"https:\/\/coma.lv\/lv\/services\/wordpress-hosting\/\"   ><a class=\"av-screen-reader-only\" href=https:\/\/coma.lv\/lv\/services\/wordpress-hosting\/ >Link to: WordPress hostings<\/a><section  class='av_textblock_section av-2nzi9a6-b44a46443d6c18842b40f708824b4a66 '   itemscope=\"itemscope\" itemtype=\"https:\/\/schema.org\/CreativeWork\" ><div class='avia_textblock'  itemprop=\"text\" ><h2 style=\"text-align: center;\">WordPress hostings<\/h2>\n<\/div><\/section><br \/>\n<div  class='hr av-2a2qkda-81c1fa994ea3fb58b0560268c1012a64 hr-short  avia-builder-el-19  el_after_av_textblock  el_before_av_textblock  hr-center'><span class='hr-inner '><span class=\"hr-inner-style\"><\/span><\/span><\/div><br \/>\n<section  class='av_textblock_section av-1rh6hge-5edacb712ed9f6445fbd110d0fd9bb7a '   itemscope=\"itemscope\" itemtype=\"https:\/\/schema.org\/CreativeWork\" ><div class='avia_textblock'  itemprop=\"text\" ><p>WordPress-orient\u0113ta platforma a\u0123ent\u016br\u0101m un uz\u0146\u0113mumiem \u2013 \u0101tra lapu iel\u0101de, dro\u0161\u012bba p\u0113c noklus\u0113juma un atbalsts, kas p\u0101rzina spraud\u0146us, t\u0113mas un WordPress kodolu. Apkalpojam Latviju, izmantojot ES balst\u012btu infrastrukt\u016bru un operat\u012bvu atbalstu.<\/p>\n<\/div><\/section><\/p><\/div>\n<style type=\"text\/css\" data-created_by=\"avia_inline_auto\" id=\"style-css-av-44a76f2-16b59da6d6f46dc94be58eaf80838c69\">\n.flex_column.av-44a76f2-16b59da6d6f46dc94be58eaf80838c69{\nborder-radius:0px 0px 0px 0px;\npadding:0px 0px 0px 0px;\n}\n<\/style>\n<div  class='flex_column av-44a76f2-16b59da6d6f46dc94be58eaf80838c69 av_one_third  avia-builder-el-21  el_after_av_one_third  avia-builder-el-last  flex_column_div av-zero-column-padding avia-link-column av-column-link  column-top-margin'    data-link-column-url=\"https:\/\/coma.lv\/lv\/services\/wordpress-maintenance\/\"   ><a class=\"av-screen-reader-only\" href=https:\/\/coma.lv\/lv\/services\/wordpress-maintenance\/ >Link to: M\u0101jaslapu uz WordPress apkalpo\u0161ana un uztur\u0113\u0161ana<\/a><section  class='av_textblock_section av-2nzi9a6-b44a46443d6c18842b40f708824b4a66 '   itemscope=\"itemscope\" itemtype=\"https:\/\/schema.org\/CreativeWork\" ><div class='avia_textblock'  itemprop=\"text\" ><h2 style=\"text-align: center;\">M\u0101jaslapas uztur\u0113\u0161ana uz WordPress<\/h2>\n<\/div><\/section><br \/>\n<div  class='hr av-2a2qkda-81c1fa994ea3fb58b0560268c1012a64 hr-short  avia-builder-el-23  el_after_av_textblock  el_before_av_textblock  hr-center'><span class='hr-inner '><span class=\"hr-inner-style\"><\/span><\/span><\/div><br \/>\n<section  class='av_textblock_section av-1rh6hge-5edacb712ed9f6445fbd110d0fd9bb7a '   itemscope=\"itemscope\" itemtype=\"https:\/\/schema.org\/CreativeWork\" ><div class='avia_textblock'  itemprop=\"text\" ><p>M\u0113s varam p\u0101r\u0146emt gatavas WordPress m\u0101jaslapas uztur\u0113\u0161anu un nodro\u0161in\u0101t t\u0101s tehnisko apkopi un moderniz\u0101ciju. Pied\u0101v\u0101jum\u0101 ietilpst atjaunin\u0101jumi, rezerves kopijas, pieejam\u012bbas uzraudz\u012bba, aizsardz\u012bba pret v\u012brusiem un uzbrukumiem, k\u0101 ar\u012b veiktsp\u0113jas optimiz\u0101cija.<\/p>\n<\/div><\/section><\/p><\/div>\n<\/p>\n","protected":false},"excerpt":{"rendered":"","protected":false},"author":1,"featured_media":0,"parent":0,"menu_order":0,"comment_status":"closed","ping_status":"closed","template":"","meta":{"footnotes":""},"class_list":["post-26079","page","type-page","status-publish","hentry"],"_links":{"self":[{"href":"https:\/\/coma.lv\/lv\/wp-json\/wp\/v2\/pages\/26079","targetHints":{"allow":["GET"]}}],"collection":[{"href":"https:\/\/coma.lv\/lv\/wp-json\/wp\/v2\/pages"}],"about":[{"href":"https:\/\/coma.lv\/lv\/wp-json\/wp\/v2\/types\/page"}],"author":[{"embeddable":true,"href":"https:\/\/coma.lv\/lv\/wp-json\/wp\/v2\/users\/1"}],"replies":[{"embeddable":true,"href":"https:\/\/coma.lv\/lv\/wp-json\/wp\/v2\/comments?post=26079"}],"version-history":[{"count":4,"href":"https:\/\/coma.lv\/lv\/wp-json\/wp\/v2\/pages\/26079\/revisions"}],"predecessor-version":[{"id":38634,"href":"https:\/\/coma.lv\/lv\/wp-json\/wp\/v2\/pages\/26079\/revisions\/38634"}],"wp:attachment":[{"href":"https:\/\/coma.lv\/lv\/wp-json\/wp\/v2\/media?parent=26079"}],"curies":[{"name":"wp","href":"https:\/\/api.w.org\/{rel}","templated":true}]}}