{"id":24553,"date":"2018-02-26T22:42:55","date_gmt":"2018-02-26T19:42:55","guid":{"rendered":"https:\/\/www.coma.lv\/kontakti\/"},"modified":"2026-04-14T03:31:27","modified_gmt":"2026-04-14T00:31:27","slug":"contacts","status":"publish","type":"page","link":"https:\/\/coma.lv\/lv\/contacts\/","title":{"rendered":"Kontakti"},"content":{"rendered":"\n<style type=\"text\/css\" data-created_by=\"avia_inline_auto\" id=\"style-css-av-7oykfd5-9f977caf427bf6d5af4d4e034621fca7\">\n.avia-section.av-7oykfd5-9f977caf427bf6d5af4d4e034621fca7{\nbackground-repeat:no-repeat;\nbackground-image:url(https:\/\/coma.lv\/wp-content\/uploads\/2018\/02\/laptop-white.jpg);\nbackground-position:50% 50%;\nbackground-attachment:scroll;\n}\n<\/style>\n<div id='av_section_1'  class='avia-section av-7oykfd5-9f977caf427bf6d5af4d4e034621fca7 main_color avia-section-default avia-no-border-styling  avia-builder-el-0  el_before_av_section  avia-builder-el-first  avia-full-stretch avia-bg-style-scroll av-minimum-height av-minimum-height-50 av-height-50  container_wrap fullsize'  data-section-bg-repeat='stretch' data-av_minimum_height_pc='50' data-av_min_height_opt='50'><div class='container av-section-cont-open' ><main  role=\"main\" itemprop=\"mainContentOfPage\"  class='template-page content  av-content-full alpha units'><div class='post-entry post-entry-type-page post-entry-24553'><div class='entry-content-wrapper clearfix'>\n\n<style type=\"text\/css\" data-created_by=\"avia_inline_auto\" id=\"style-css-av-7bsco15-2b6e17d25bf5842f03720a22350bca8b\">\n#top .av-special-heading.av-7bsco15-2b6e17d25bf5842f03720a22350bca8b{\npadding-bottom:10px;\nfont-size:40px;\n}\nbody .av-special-heading.av-7bsco15-2b6e17d25bf5842f03720a22350bca8b .av-special-heading-tag .heading-char{\nfont-size:25px;\n}\n#top #wrap_all .av-special-heading.av-7bsco15-2b6e17d25bf5842f03720a22350bca8b .av-special-heading-tag{\nfont-size:40px;\n}\n.av-special-heading.av-7bsco15-2b6e17d25bf5842f03720a22350bca8b .av-subheading{\nfont-size:15px;\n}\n\n@media only screen and (min-width: 480px) and (max-width: 767px){ \n#top #wrap_all .av-special-heading.av-7bsco15-2b6e17d25bf5842f03720a22350bca8b .av-special-heading-tag{\nfont-size:0.8em;\n}\n}\n\n@media only screen and (max-width: 479px){ \n#top #wrap_all .av-special-heading.av-7bsco15-2b6e17d25bf5842f03720a22350bca8b .av-special-heading-tag{\nfont-size:0.8em;\n}\n}\n<\/style>\n<div  class='av-special-heading av-7bsco15-2b6e17d25bf5842f03720a22350bca8b av-special-heading-h1 blockquote modern-quote modern-centered  avia-builder-el-1  el_before_av_codeblock  avia-builder-el-first  av-inherit-size'><h1 class='av-special-heading-tag '  itemprop=\"headline\"  >Kontakti<\/h1><div class=\"special-heading-border\"><div class=\"special-heading-inner-border\"><\/div><\/div><\/div>\n\n<\/div><\/div><\/main><!-- close content main element --><\/div><\/div><div id='av_section_2'  class='avia-section av-6hfs3t5-d262a5732d2a929648e8db1fc3501364 main_color avia-section-default avia-no-border-styling  avia-builder-el-3  el_after_av_section  avia-builder-el-last  avia-bg-style-scroll container_wrap fullsize'  ><div class='container av-section-cont-open' ><div class='template-page content  av-content-full alpha units'><div class='post-entry post-entry-type-page post-entry-24553'><div class='entry-content-wrapper clearfix'>\n\n<style type=\"text\/css\" data-created_by=\"avia_inline_auto\" id=\"style-css-av-6c077l5-e1050b1e97a853b57281aafb751a3f15\">\n.flex_column.av-6c077l5-e1050b1e97a853b57281aafb751a3f15{\nborder-radius:0px 0px 0px 0px;\npadding:0px 0px 0px 50px;\n}\n<\/style>\n<div  class='flex_column av-6c077l5-e1050b1e97a853b57281aafb751a3f15 av_one_half  avia-builder-el-4  el_before_av_one_half  avia-builder-el-first  first flex_column_div  '     ><style type=\"text\/css\" data-created_by=\"avia_inline_auto\" id=\"style-css-av-5mfwmh-9a6023731f18e20d909cba094993c218\">\n#top .av_textblock_section.av-5mfwmh-9a6023731f18e20d909cba094993c218 .avia_textblock{\ncolor:#222222;\n}\n<\/style>\n<section  class='av_textblock_section av-5mfwmh-9a6023731f18e20d909cba094993c218 '   itemscope=\"itemscope\" itemtype=\"https:\/\/schema.org\/CreativeWork\" ><div class='avia_textblock av_inherit_color'  itemprop=\"text\" ><p><strong>Kontakti<\/strong><\/p>\n<p><a href=\"tel:+37129394520\">+371 29394520<\/a><br \/>\n<a href=\"mailto:info@coma.lv\">info@coma.lv<\/a><br \/>\n<a href=\"https:\/\/www.facebook.com\/comawebdevelopment\/\" target=\"_blank\" rel=\"noopener\">Facebook<\/a><br \/>\n<a href=\"https:\/\/t.me\/comaweb\">Telegram<\/a><\/p>\n<p><b>Adrese<\/b><\/p>\n<p><a href=\"https:\/\/www.google.com\/maps\/place\/Doma+laukums+2,+Centra+rajons,+R%C4%ABga,+LV-1050,+Latvia\/@56.9493267,24.1013285,17z\/data=!3m1!4b1!4m5!3m4!1s0x46eecfd75c3457a9:0x8732e3e548cd3748!8m2!3d56.9493267!4d24.1035172\" target=\"_blank\" rel=\"noopener\">Doma laukums 2<\/a><br \/>\nR\u012bga<br \/>\nLV-1050<\/p>\n<p><strong>Rekviz\u012bti<\/strong><\/p>\n<p>SIA &#8220;YUVA&#8221;<br \/>\nRe\u0123. nr. 42403034996<br \/>\nPVN nr. LV42403034996<br \/>\nR\u0113zekne, D\u0101rzu iela 28, LV-4601<br \/>\nSwedbank<br \/>\nLV16HABA0551038070386<\/p>\n<\/div><\/section><\/div>\n<style type=\"text\/css\" data-created_by=\"avia_inline_auto\" id=\"style-css-av-h7uwuh-80b6488fc5d6f7e8b27cf97c6f766aac\">\n.flex_column.av-h7uwuh-80b6488fc5d6f7e8b27cf97c6f766aac{\nborder-radius:0px 0px 0px 0px;\npadding:0px 0px 0px 50px;\n}\n<\/style>\n<div  class='flex_column av-h7uwuh-80b6488fc5d6f7e8b27cf97c6f766aac av_one_half  avia-builder-el-6  el_after_av_one_half  el_before_av_one_half  flex_column_div  '     ><form action=\"https:\/\/coma.lv\/lv\/contacts\/\" method=\"post\" data-fields-with-error=\"Found errors in the following field(s):\" class=\"avia_ajax_form av-form-labels-hidden   avia-builder-el-7  avia-builder-el-no-sibling   \" data-avia-form-id=\"1\" data-avia-redirect='' ><fieldset><p class='  first_form  form_element form_element_half' id='element_avia_1_1'><label for=\"avia_1_1\">V\u0101rds <abbr class=\"required\" title=\"required\">*<\/abbr><\/label> <input name=\"avia_1_1\" class=\"text_input is_empty\" type=\"text\" id=\"avia_1_1\" value=\"\"  placeholder='V\u0101rds*'\/><\/p><p class='  form_element form_element_half' id='element_avia_2_1'><label for=\"avia_2_1\">E-pasts <abbr class=\"required\" title=\"required\">*<\/abbr><\/label> <input name=\"avia_2_1\" class=\"text_input is_email\" type=\"text\" id=\"avia_2_1\" value=\"\"  placeholder='E-pasts*'\/><\/p><p class='  first_form  form_element form_fullwidth' id='element_avia_3_1'><label for=\"avia_3_1\">Temats <abbr class=\"required\" title=\"required\">*<\/abbr><\/label> <input name=\"avia_3_1\" class=\"text_input is_empty\" type=\"text\" id=\"avia_3_1\" value=\"\"  placeholder='Temats*'\/><\/p><p class='  first_form  form_element form_fullwidth' id='element_avia_4_1'><label for=\"avia_4_1\" class=\"textare_label hidden textare_label_avia_4_1\">Zi\u0146ojums <abbr class=\"required\" title=\"required\">*<\/abbr><\/label><textarea  placeholder='Zi\u0146ojums*' name=\"avia_4_1\" class=\"text_area is_empty\" cols=\"40\" rows=\"7\" id=\"avia_4_1\" ><\/textarea><\/p><p class=\"hidden\"><input type=\"text\" name=\"avia_5_1\" class=\"hidden \" id=\"avia_5_1\" value=\"\" \/><\/p><div id='avia_6_1' class='av-recaptcha-area  first_form  form_element form_fullwidth '  data-container_class=\"\" data-custom_class=\"\" data-context=\"av_contact_form\" data-token_input=\"av_recaptcha_token\" data-version=\"avia_recaptcha_v2\" data-theme=\"light\" data-size=\"normal\" data-score=\"0.5\" data-text_to_preview=\"\" data-value=\"\"><div class=\"av-google-badge-message hidden\">This site is protected by reCAPTCHA and the Google <a href=\"https:\/\/policies.google.com\/privacy\" target=\"_blank\" rel=\"noopener\">Privacy Policy<\/a> and <a href=\"https:\/\/policies.google.com\/terms\" target=\"_blank\" rel=\"noopener\">Terms of Service<\/a> apply.<\/div><\/div><p class=\"form_element \"><input type=\"hidden\" value=\"1\" name=\"avia_generated_form1\" \/><input type=\"submit\" value=\"Nos\u016bt\u012bt\" class=\"button\"  data-sending-label=\"Sending\"\/><\/p><\/fieldset><div class=\"avia-disabled-form\">This contact form is deactivated because you refused to accept Google reCaptcha service which is necessary to validate any messages sent by the form.<\/div><\/form><div id=\"ajaxresponse_1\" class=\"ajaxresponse ajaxresponse_1 hidden\"><\/div><\/div>\n<style type=\"text\/css\" data-created_by=\"avia_inline_auto\" id=\"style-css-av-1z6br49-60eecbecc07bc17ae28bb46f6bcb0d15\">\n.flex_column.av-1z6br49-60eecbecc07bc17ae28bb46f6bcb0d15{\nborder-radius:0px 0px 0px 0px;\npadding:0px 0px 0px 50px;\n}\n<\/style>\n<div  class='flex_column av-1z6br49-60eecbecc07bc17ae28bb46f6bcb0d15 av_one_half  avia-builder-el-8  el_after_av_one_half  el_before_av_one_half  first flex_column_div  column-top-margin'     ><div  class='av_gmaps_sc_main_wrap av_gmaps_main_wrap '><div id='av_gmap_0' class='avia-google-map-container avia-google-map-sc av_gmaps_show_unconditionally av-no-fallback-img ' data-mapid='av_gmap_0'  style='height: 500px;'><a class=\"av_gmaps_browser_disabled av_text_confirm_link av_text_confirm_link_visible\" href=\"https:\/\/www.google.com\/maps\/search\/?api=1&#038;query=Doma%20Laukums%202%20%20R\u012bga%20%20Latvija\" target=\"_blank\" rel=\"noopener\">Maps were disabled by the visitor on this site. Click to open the map in a new window.<\/a><\/div><\/div><\/div>\n<style type=\"text\/css\" data-created_by=\"avia_inline_auto\" id=\"style-css-av-1d6039l-a394745ba1d68802c4c006ceeea3d8ef\">\n.flex_column.av-1d6039l-a394745ba1d68802c4c006ceeea3d8ef{\nborder-radius:0px 0px 0px 0px;\npadding:0px 0px 0px 50px;\n}\n<\/style>\n<div  class='flex_column av-1d6039l-a394745ba1d68802c4c006ceeea3d8ef av_one_half  avia-builder-el-10  el_after_av_one_half  avia-builder-el-last  flex_column_div  column-top-margin'     ><style type=\"text\/css\" data-created_by=\"avia_inline_auto\" id=\"style-css-av-sdz2tl-a471972a376ea7c0e08c27b4acd4e2a3\">\n#top .av_textblock_section.av-sdz2tl-a471972a376ea7c0e08c27b4acd4e2a3 .avia_textblock{\ncolor:#222222;\n}\n<\/style>\n<section  class='av_textblock_section av-sdz2tl-a471972a376ea7c0e08c27b4acd4e2a3 '   itemscope=\"itemscope\" itemtype=\"https:\/\/schema.org\/CreativeWork\" ><div class='avia_textblock av_inherit_color'  itemprop=\"text\" ><p><strong>Sazinieties ar mums<\/strong><br \/>\nRakstiet uz info@coma.lv vai zvaniet <a href=\"tel:+371 29394520\">+371 29394520<\/a>. M\u0113s p\u0101rrun\u0101sim j\u016bsu projektu, noskaidrosim m\u0113r\u0137us un pied\u0101v\u0101sim efekt\u012bv\u0101kos risin\u0101jumus j\u016bsu vajadz\u012bb\u0101m.<\/p>\n<p><strong>Projekta uzs\u0101k\u0161ana<\/strong><br \/>\nP\u0113c darba apjoma un galveno so\u013cu saska\u0146o\u0161anas m\u016bsu komanda uzs\u0101k dizaina, izstr\u0101des un satura sagatavo\u0161anas darbus atbilsto\u0161i projekta pl\u0101nam.<\/p>\n<p><strong>Uztur\u0113\u0161ana<\/strong><br \/>\nP\u0113c m\u0101jaslapas palai\u0161anas m\u0113s turpin\u0101m b\u016bt sasniedzami un pal\u012bdz\u0113t ar visiem jaut\u0101jumiem. Nelielus darbus, kas aiz\u0146em maz\u0101k par 10 min\u016bt\u0113m, veicam bez maksas. Apjom\u012bg\u0101kiem darbiem m\u0113s sniedzam t\u0101mi un turpin\u0101m tikai p\u0113c j\u016bsu apstiprin\u0101juma.<\/p>\n<\/div><\/section><\/div>\n<\/p>\n","protected":false},"excerpt":{"rendered":"","protected":false},"author":12,"featured_media":0,"parent":0,"menu_order":0,"comment_status":"closed","ping_status":"closed","template":"","meta":{"footnotes":""},"class_list":["post-24553","page","type-page","status-publish","hentry"],"_links":{"self":[{"href":"https:\/\/coma.lv\/lv\/wp-json\/wp\/v2\/pages\/24553","targetHints":{"allow":["GET"]}}],"collection":[{"href":"https:\/\/coma.lv\/lv\/wp-json\/wp\/v2\/pages"}],"about":[{"href":"https:\/\/coma.lv\/lv\/wp-json\/wp\/v2\/types\/page"}],"author":[{"embeddable":true,"href":"https:\/\/coma.lv\/lv\/wp-json\/wp\/v2\/users\/12"}],"replies":[{"embeddable":true,"href":"https:\/\/coma.lv\/lv\/wp-json\/wp\/v2\/comments?post=24553"}],"version-history":[{"count":5,"href":"https:\/\/coma.lv\/lv\/wp-json\/wp\/v2\/pages\/24553\/revisions"}],"predecessor-version":[{"id":38592,"href":"https:\/\/coma.lv\/lv\/wp-json\/wp\/v2\/pages\/24553\/revisions\/38592"}],"wp:attachment":[{"href":"https:\/\/coma.lv\/lv\/wp-json\/wp\/v2\/media?parent=24553"}],"curies":[{"name":"wp","href":"https:\/\/api.w.org\/{rel}","templated":true}]}}